{"id":224836,"date":"2025-03-22T16:59:25","date_gmt":"2025-03-22T16:59:25","guid":{"rendered":"https:\/\/aromasentia.com\/product\/tropical-paradise-simmering-granules-strawberry\/"},"modified":"2025-12-30T19:10:01","modified_gmt":"2025-12-30T19:10:01","slug":"granules-parfumes-tropical-paradise-fraise","status":"publish","type":"product","link":"https:\/\/aromasentia.com\/fr\/granules-parfumes-tropical-paradise-fraise\/","title":{"rendered":"Granules Parfum\u00e9s Tropical Paradise &#8211; Fraise"},"content":{"rendered":"<p><strong><span style=\"color: rgb(75, 80, 88);\">Les Granul\u00e9s parfum\u00e9s Tropical Paradise au <\/span><span style=\"color: rgb(184, 49, 47);\">Fraise<\/span><\/strong> apporteront la joie et les bienfaits de l&rsquo;aromath\u00e9rapie \u00e0 la maison de vos clients. Vous adorerez les fruits tropicaux exotiques, notamment les fruits de la passion, la papaye et le mangoustan violet.&nbsp;<\/p>\n<p>Vous pouvez choisir parmi une s\u00e9lection de 10 ar\u00f4mes diff\u00e9rents ci-dessous pour permettre \u00e0 vos clients d&rsquo;acheter le parfum le plus appropri\u00e9 pour n&rsquo;importe quel jour ou humeur. Les belles bo\u00eetes de pr\u00e9sentation accrocheuses permettront \u00e0 votre client de choisir et de m\u00e9langer ses parfums pr\u00e9f\u00e9r\u00e9s.&nbsp;<\/p>\n<p>Excellent rapport qualit\u00e9-prix vous permettant d&rsquo;avoir suffisamment de marge pour r\u00e9duire les grosses commandes. Ces granul\u00e9s mijot\u00e9s sont un article essentiel pour votre magasin de cadeaux si vous vendez des bougies, des br\u00fbleurs \u00e0 mazout ou des parfums d&rsquo;int\u00e9rieur, vous devez absolument envisager de les stocker.&nbsp;<\/p>\n<p>Mode d&#8217;emploi : Il suffit d&rsquo;ajouter une ou deux cuill\u00e8res \u00e0 caf\u00e9 de granules dans le br\u00fbleur et de les remplacer lorsqu&rsquo;elles sont \u00e9puis\u00e9es.&nbsp;<\/p>\n<p>Astuce : Vos clients peuvent chasser l&rsquo;odeur de cigarette en pla&ccedil;ant simplement quelques granules dans des cendriers. Commandez d\u00e8s aujourd&rsquo;hui pour offrir \u00e0 vos clients les meilleurs granules de mijotage tropical.<\/p>\n","protected":false},"excerpt":{"rendered":"<p>Les Granul\u00e9s parfum\u00e9s Tropical Paradise au Fraise apporteront la joie et les bienfaits de l&rsquo;aromath\u00e9rapie \u00e0 la maison de vos clients. Vous adorerez les fruits tropicaux exotiques, notamment les fruits de la passion, la papaye et le mangoustan violet.&nbsp; Vous pouvez choisir parmi une s\u00e9lection de 10 ar\u00f4mes diff\u00e9rents ci-dessous pour permettre \u00e0 vos clients [&hellip;]<\/p>\n","protected":false},"featured_media":393217,"comment_status":"closed","ping_status":"open","template":"","meta":{"_angie_page":false},"product_brand":[],"product_cat":[16450,26534,26846,16451,25842],"product_tag":[],"class_list":{"0":"post-224836","1":"product","2":"type-product","3":"status-publish","4":"has-post-thumbnail","6":"product_cat-aromatherapie-et-parfums-d-ambiance","7":"product_cat-fraise","8":"product_cat-fruite","9":"product_cat-granules-parfumes","10":"product_cat-senteurs-aromes","11":"pa_collection-tropical-paradise-simmering-granules-fr","12":"pa_made-in-royaume-uni","14":"first","15":"instock","16":"purchasable","17":"product-type-simple"},"supplier_id":null,"supplier_sku":"TPSG-07","barcode":null,"atum_controlled":true,"out_stock_date":null,"out_stock_threshold":null,"inheritable":false,"inbound_stock":null,"stock_on_hold":0,"sold_today":0,"sales_last_days":0,"reserved_stock":null,"customer_returns":null,"warehouse_damage":null,"lost_in_post":null,"other_logs":null,"out_stock_days":0,"lost_sales":0,"has_location":null,"update_date":"2026-05-02T10:45:55","atum_locations":[],"atum_stock_status":"instock","restock_status":false,"low_stock_amount":"","sales_update_date":"2026-02-06T00:02:50","calc_backorders":null,"_links":{"self":[{"href":"https:\/\/aromasentia.com\/fr\/wp-json\/wp\/v2\/product\/224836","targetHints":{"allow":["GET"]}}],"collection":[{"href":"https:\/\/aromasentia.com\/fr\/wp-json\/wp\/v2\/product"}],"about":[{"href":"https:\/\/aromasentia.com\/fr\/wp-json\/wp\/v2\/types\/product"}],"replies":[{"embeddable":true,"href":"https:\/\/aromasentia.com\/fr\/wp-json\/wp\/v2\/comments?post=224836"}],"version-history":[{"count":0,"href":"https:\/\/aromasentia.com\/fr\/wp-json\/wp\/v2\/product\/224836\/revisions"}],"wp:featuredmedia":[{"embeddable":true,"href":"https:\/\/aromasentia.com\/fr\/wp-json\/wp\/v2\/media\/393217"}],"wp:attachment":[{"href":"https:\/\/aromasentia.com\/fr\/wp-json\/wp\/v2\/media?parent=224836"}],"wp:term":[{"taxonomy":"product_brand","embeddable":true,"href":"https:\/\/aromasentia.com\/fr\/wp-json\/wp\/v2\/product_brand?post=224836"},{"taxonomy":"product_cat","embeddable":true,"href":"https:\/\/aromasentia.com\/fr\/wp-json\/wp\/v2\/product_cat?post=224836"},{"taxonomy":"product_tag","embeddable":true,"href":"https:\/\/aromasentia.com\/fr\/wp-json\/wp\/v2\/product_tag?post=224836"}],"curies":[{"name":"wp","href":"https:\/\/api.w.org\/{rel}","templated":true}]}}