{"id":224784,"date":"2025-03-22T16:59:25","date_gmt":"2025-03-22T16:59:25","guid":{"rendered":"https:\/\/aromasentia.com\/product\/soywax-melts-jar-dark-patchouli\/"},"modified":"2025-06-23T18:34:11","modified_gmt":"2025-06-23T18:34:11","slug":"coeurs-fondants-cire-de-soja-patchouli","status":"publish","type":"product","link":"https:\/\/aromasentia.com\/fr\/coeurs-fondants-cire-de-soja-patchouli\/","title":{"rendered":"Coeurs Fondants Cire de Soja &#8211; Patchouli"},"content":{"rendered":"<p>D\u00e9tendez-vous et d\u00e9tendez-vous au parfum apaisant du <strong><span style=\"color: rgb(75, 80, 88);\">Patchouli avec ces fondants de cire de soja parfum\u00e9s<\/span><\/strong> en gros.&nbsp;<\/p>\n<p>Il fera \u00e9galement un cadeau parfait pour toute occasion, vous pouvez m\u00eame l&rsquo;associer \u00e0 nos br\u00fbleurs \u00e0 mazout comme une vente suppl\u00e9mentaire ou un ensemble cadeau, ou vous pouvez vendre les bocaux individuellement, de toute fa&ccedil;on, ils seront une vente incroyable.&nbsp;<\/p>\n<p>Ces cires fondues en gros sont fabriqu\u00e9es \u00e0 partir d&rsquo;un m\u00e9lange naturel de cires de soja et ne contiennent pas de cire de paraffine, de sorte que la chambre de votre client sentira le parfum et non l&rsquo;huile&#8230;&nbsp;<\/p>\n<p>Apr\u00e8s tout, nous voulons toujours vous fournir des produits de haute qualit\u00e9.&nbsp;<\/p>\n<p><strong><span style=\"color: rgb(141, 186, 216);\">Commandez d\u00e8s aujourd&rsquo;hui pour ajouter une touche sp\u00e9ciale suppl\u00e9mentaire \u00e0 votre magasin. <\/span><\/strong><\/p>\n<p><strong><span style=\"color: rgb(75, 80, 88);\">Tailles : Par pot : Hauteur : 8cm , Diam\u00e8tre : 7cm Poids 250g Par cire fondue : 1 x 2,5 cm (environ 16 pi\u00e8ces &#8211; 80 g)<\/span><\/strong><\/p>\n","protected":false},"excerpt":{"rendered":"<p>D\u00e9tendez-vous et d\u00e9tendez-vous au parfum apaisant du Patchouli avec ces fondants de cire de soja parfum\u00e9s en gros.&nbsp; Il fera \u00e9galement un cadeau parfait pour toute occasion, vous pouvez m\u00eame l&rsquo;associer \u00e0 nos br\u00fbleurs \u00e0 mazout comme une vente suppl\u00e9mentaire ou un ensemble cadeau, ou vous pouvez vendre les bocaux individuellement, de toute fa&ccedil;on, ils [&hellip;]<\/p>\n","protected":false},"featured_media":392876,"comment_status":"closed","ping_status":"open","template":"","meta":{"_angie_page":false},"product_brand":[],"product_cat":[16450,16665,26333,25842,26825],"product_tag":[],"class_list":{"0":"post-224784","1":"product","2":"type-product","3":"status-publish","4":"has-post-thumbnail","6":"product_cat-aromatherapie-et-parfums-d-ambiance","7":"product_cat-cire-soja-fondants-parfumes","8":"product_cat-patchouli","9":"product_cat-senteurs-aromes","10":"product_cat-terreux-vert","11":"pa_collection-soy-wax-melts-in-jars-fr","12":"pa_made-in-chine","14":"first","15":"instock","16":"purchasable","17":"product-type-simple"},"supplier_id":null,"supplier_sku":"SWMJ-12","barcode":null,"atum_controlled":true,"out_stock_date":null,"out_stock_threshold":null,"inheritable":false,"inbound_stock":null,"stock_on_hold":0,"sold_today":0,"sales_last_days":0,"reserved_stock":null,"customer_returns":null,"warehouse_damage":null,"lost_in_post":null,"other_logs":null,"out_stock_days":0,"lost_sales":0,"has_location":null,"update_date":"2026-04-27T07:23:52","atum_locations":[],"atum_stock_status":"instock","restock_status":false,"low_stock_amount":"","sales_update_date":"2026-02-06T00:01:39","calc_backorders":null,"_links":{"self":[{"href":"https:\/\/aromasentia.com\/fr\/wp-json\/wp\/v2\/product\/224784","targetHints":{"allow":["GET"]}}],"collection":[{"href":"https:\/\/aromasentia.com\/fr\/wp-json\/wp\/v2\/product"}],"about":[{"href":"https:\/\/aromasentia.com\/fr\/wp-json\/wp\/v2\/types\/product"}],"replies":[{"embeddable":true,"href":"https:\/\/aromasentia.com\/fr\/wp-json\/wp\/v2\/comments?post=224784"}],"version-history":[{"count":0,"href":"https:\/\/aromasentia.com\/fr\/wp-json\/wp\/v2\/product\/224784\/revisions"}],"wp:featuredmedia":[{"embeddable":true,"href":"https:\/\/aromasentia.com\/fr\/wp-json\/wp\/v2\/media\/392876"}],"wp:attachment":[{"href":"https:\/\/aromasentia.com\/fr\/wp-json\/wp\/v2\/media?parent=224784"}],"wp:term":[{"taxonomy":"product_brand","embeddable":true,"href":"https:\/\/aromasentia.com\/fr\/wp-json\/wp\/v2\/product_brand?post=224784"},{"taxonomy":"product_cat","embeddable":true,"href":"https:\/\/aromasentia.com\/fr\/wp-json\/wp\/v2\/product_cat?post=224784"},{"taxonomy":"product_tag","embeddable":true,"href":"https:\/\/aromasentia.com\/fr\/wp-json\/wp\/v2\/product_tag?post=224784"}],"curies":[{"name":"wp","href":"https:\/\/api.w.org\/{rel}","templated":true}]}}