{"id":224752,"date":"2025-03-22T16:59:25","date_gmt":"2025-03-22T16:59:25","guid":{"rendered":"https:\/\/aromasentia.com\/product\/soywax-melts-jar-coffee-trader\/"},"modified":"2025-12-30T19:09:54","modified_gmt":"2025-12-30T19:09:54","slug":"coeurs-fondants-cire-de-soja-cafe-commerce","status":"publish","type":"product","link":"https:\/\/aromasentia.com\/fr\/coeurs-fondants-cire-de-soja-cafe-commerce\/","title":{"rendered":"Coeurs Fondants Cire de Soja &#8211; Caf\u00e9 Commerce"},"content":{"rendered":"<p>D\u00e9tendez-vous et d\u00e9tendez-vous au parfum apaisant de <strong><span style=\"color: rgb(75, 80, 88);\">Caf\u00e9 Commerce avec ces fondants de cire de soja<\/span><\/strong> parfum\u00e9s en gros.&nbsp;<\/p>\n<p>Il fera \u00e9galement un cadeau parfait pour toute occasion, vous pouvez m\u00eame l&rsquo;associer \u00e0 nos br\u00fbleurs \u00e0 mazout comme une vente suppl\u00e9mentaire ou un ensemble cadeau, ou vous pouvez vendre les bocaux individuellement, de toute fa&ccedil;on, ils seront une vente incroyable. &nbsp;<\/p>\n<p>Ces cires fondues en gros sont fabriqu\u00e9es \u00e0 partir d&rsquo;un m\u00e9lange naturel de cires de soja et ne contiennent pas de cire de paraffine, de sorte que la chambre de votre client sentira le parfum et non l&rsquo;huile&#8230;&nbsp;<\/p>\n<p>Apr\u00e8s tout, nous voulons toujours vous fournir des produits de haute qualit\u00e9.<\/p>\n<p><span style=\"color: rgb(141, 186, 216);\"><strong>Commandez d\u00e8s aujourd&rsquo;hui pour ajouter une touche sp\u00e9ciale suppl\u00e9mentaire \u00e0 votre magasin.<\/strong> <\/span><\/p>\n<p><strong><span style=\"color: rgb(75, 80, 88);\">Tailles : Par pot : Hauteur : 8cm , Diam\u00e8tre : 7cm Poids 250g<\/span><\/strong><\/p>\n<p><strong><span style=\"color: rgb(75, 80, 88);\">Par cire fondue : 1 x 2,5 cm (environ 16 pi\u00e8ces &#8211; 80 g)<\/span><\/strong><\/p>\n","protected":false},"excerpt":{"rendered":"<p>D\u00e9tendez-vous et d\u00e9tendez-vous au parfum apaisant de Caf\u00e9 Commerce avec ces fondants de cire de soja parfum\u00e9s en gros.&nbsp; Il fera \u00e9galement un cadeau parfait pour toute occasion, vous pouvez m\u00eame l&rsquo;associer \u00e0 nos br\u00fbleurs \u00e0 mazout comme une vente suppl\u00e9mentaire ou un ensemble cadeau, ou vous pouvez vendre les bocaux individuellement, de toute fa&ccedil;on, [&hellip;]<\/p>\n","protected":false},"featured_media":392676,"comment_status":"closed","ping_status":"open","template":"","meta":{"_angie_page":false},"product_brand":[],"product_cat":[16450,16665],"product_tag":[],"class_list":{"0":"post-224752","1":"product","2":"type-product","3":"status-publish","4":"has-post-thumbnail","6":"product_cat-aromatherapie-et-parfums-d-ambiance","7":"product_cat-cire-soja-fondants-parfumes","8":"pa_collection-soy-wax-melts-in-jars-fr","9":"pa_made-in-chine","11":"first","12":"instock","13":"purchasable","14":"product-type-simple"},"supplier_id":null,"supplier_sku":"SWMJ-04","barcode":null,"atum_controlled":true,"out_stock_date":null,"out_stock_threshold":null,"inheritable":false,"inbound_stock":null,"stock_on_hold":0,"sold_today":0,"sales_last_days":0,"reserved_stock":null,"customer_returns":null,"warehouse_damage":null,"lost_in_post":null,"other_logs":null,"out_stock_days":0,"lost_sales":0,"has_location":null,"update_date":"2026-04-27T07:23:47","atum_locations":[],"atum_stock_status":"instock","restock_status":false,"low_stock_amount":"","sales_update_date":"2026-02-06T00:01:32","calc_backorders":null,"_links":{"self":[{"href":"https:\/\/aromasentia.com\/fr\/wp-json\/wp\/v2\/product\/224752","targetHints":{"allow":["GET"]}}],"collection":[{"href":"https:\/\/aromasentia.com\/fr\/wp-json\/wp\/v2\/product"}],"about":[{"href":"https:\/\/aromasentia.com\/fr\/wp-json\/wp\/v2\/types\/product"}],"replies":[{"embeddable":true,"href":"https:\/\/aromasentia.com\/fr\/wp-json\/wp\/v2\/comments?post=224752"}],"version-history":[{"count":0,"href":"https:\/\/aromasentia.com\/fr\/wp-json\/wp\/v2\/product\/224752\/revisions"}],"wp:featuredmedia":[{"embeddable":true,"href":"https:\/\/aromasentia.com\/fr\/wp-json\/wp\/v2\/media\/392676"}],"wp:attachment":[{"href":"https:\/\/aromasentia.com\/fr\/wp-json\/wp\/v2\/media?parent=224752"}],"wp:term":[{"taxonomy":"product_brand","embeddable":true,"href":"https:\/\/aromasentia.com\/fr\/wp-json\/wp\/v2\/product_brand?post=224752"},{"taxonomy":"product_cat","embeddable":true,"href":"https:\/\/aromasentia.com\/fr\/wp-json\/wp\/v2\/product_cat?post=224752"},{"taxonomy":"product_tag","embeddable":true,"href":"https:\/\/aromasentia.com\/fr\/wp-json\/wp\/v2\/product_tag?post=224752"}],"curies":[{"name":"wp","href":"https:\/\/api.w.org\/{rel}","templated":true}]}}