{"id":224716,"date":"2025-03-22T16:59:25","date_gmt":"2025-03-22T16:59:25","guid":{"rendered":"https:\/\/aromasentia.com\/product\/summer-room-spray-fresh-vetiver-100ml\/"},"modified":"2025-12-30T19:09:46","modified_gmt":"2025-12-30T19:09:46","slug":"spray-dambiance-dete-vetiver-frais-100ml","status":"publish","type":"product","link":"https:\/\/aromasentia.com\/fr\/spray-dambiance-dete-vetiver-frais-100ml\/","title":{"rendered":"Spray d&rsquo;Ambiance d&rsquo;\u00c9t\u00e9 &#8211; Vetiver frais 100ml"},"content":{"rendered":"<h1>Am\u00e9liorez l&rsquo;ambiance de n&rsquo;importe quel espace avec nos vaporisateurs d&rsquo;ambiance d&rsquo;\u00e9t\u00e9 &#8211; V\u00e9tiver Frais.&nbsp;<\/h1>\n<p>Chaque parfum est soigneusement \u00e9labor\u00e9 \u00e0 partir d&rsquo;un m\u00e9lange unique d&rsquo;huiles essentielles et d&rsquo;ingr\u00e9dients naturels afin de cr\u00e9er une exp\u00e9rience m\u00e9morable et agr\u00e9able.&nbsp;<\/p>\n<p>Nos formules sont douces et exemptes de produits chimiques agressifs, ce qui les rend s\u00fbres pour un usage quotidien. Parfaits pour offrir ou se faire plaisir, ces vaporisateurs d&rsquo;ambiance ne manqueront pas d&rsquo;\u00eatre appr\u00e9ci\u00e9s par vos clients.&nbsp;<\/p>\n<p>Rajeunissez votre environnement avec le spray d&rsquo;ambiance V\u00e9tiver Frais. Il commence par des notes vives et piquantes de pamplemousse, d&rsquo;huile de zeste de citrus aurantium et de limon\u00e8ne, se transforme en un c\u0153ur profond et terreux de v\u00e9tiver et de bois de c\u00e8dre, et se termine par une base riche et complexe de patchouli.&nbsp;<\/p>\n<p><strong><span style=\"color: rgb(141, 186, 216);\">Commandez d\u00e8s maintenant le Spray d&rsquo;ambiance V\u00e9tiver Frais et rafra\u00eechissez votre espace d\u00e8s aujourd&rsquo;hui !<\/span><\/strong><\/p>\n","protected":false},"excerpt":{"rendered":"<p>Am\u00e9liorez l&rsquo;ambiance de n&rsquo;importe quel espace avec nos vaporisateurs d&rsquo;ambiance d&rsquo;\u00e9t\u00e9 &#8211; V\u00e9tiver Frais.&nbsp; Chaque parfum est soigneusement \u00e9labor\u00e9 \u00e0 partir d&rsquo;un m\u00e9lange unique d&rsquo;huiles essentielles et d&rsquo;ingr\u00e9dients naturels afin de cr\u00e9er une exp\u00e9rience m\u00e9morable et agr\u00e9able.&nbsp; Nos formules sont douces et exemptes de produits chimiques agressifs, ce qui les rend s\u00fbres pour un usage [&hellip;]<\/p>\n","protected":false},"featured_media":392499,"comment_status":"closed","ping_status":"open","template":"","meta":[],"product_brand":[],"product_cat":[16450,16632],"product_tag":[],"class_list":{"0":"post-224716","1":"product","2":"type-product","3":"status-publish","4":"has-post-thumbnail","6":"product_cat-aromatherapie-et-parfums-d-ambiance","7":"product_cat-parfums-et-sprays-d-ambiance","8":"pa_collection-summer-room-sprays-fr","9":"pa_made-in-royaume-uni","10":"pa_size-100ml","12":"first","13":"instock","14":"purchasable","15":"product-type-simple"},"supplier_id":null,"supplier_sku":"SRS-06","barcode":null,"atum_controlled":true,"out_stock_date":null,"out_stock_threshold":null,"inheritable":false,"inbound_stock":null,"stock_on_hold":0,"sold_today":0,"sales_last_days":0,"reserved_stock":null,"customer_returns":null,"warehouse_damage":null,"lost_in_post":null,"other_logs":null,"out_stock_days":0,"lost_sales":0,"has_location":null,"update_date":"2026-01-29T22:40:03","atum_locations":[],"atum_stock_status":"instock","restock_status":false,"low_stock_amount":"","sales_update_date":"2025-09-03T00:21:47","calc_backorders":null,"_links":{"self":[{"href":"https:\/\/aromasentia.com\/fr\/wp-json\/wp\/v2\/product\/224716","targetHints":{"allow":["GET"]}}],"collection":[{"href":"https:\/\/aromasentia.com\/fr\/wp-json\/wp\/v2\/product"}],"about":[{"href":"https:\/\/aromasentia.com\/fr\/wp-json\/wp\/v2\/types\/product"}],"replies":[{"embeddable":true,"href":"https:\/\/aromasentia.com\/fr\/wp-json\/wp\/v2\/comments?post=224716"}],"version-history":[{"count":0,"href":"https:\/\/aromasentia.com\/fr\/wp-json\/wp\/v2\/product\/224716\/revisions"}],"wp:featuredmedia":[{"embeddable":true,"href":"https:\/\/aromasentia.com\/fr\/wp-json\/wp\/v2\/media\/392499"}],"wp:attachment":[{"href":"https:\/\/aromasentia.com\/fr\/wp-json\/wp\/v2\/media?parent=224716"}],"wp:term":[{"taxonomy":"product_brand","embeddable":true,"href":"https:\/\/aromasentia.com\/fr\/wp-json\/wp\/v2\/product_brand?post=224716"},{"taxonomy":"product_cat","embeddable":true,"href":"https:\/\/aromasentia.com\/fr\/wp-json\/wp\/v2\/product_cat?post=224716"},{"taxonomy":"product_tag","embeddable":true,"href":"https:\/\/aromasentia.com\/fr\/wp-json\/wp\/v2\/product_tag?post=224716"}],"curies":[{"name":"wp","href":"https:\/\/api.w.org\/{rel}","templated":true}]}}