{"id":224696,"date":"2025-03-22T16:59:25","date_gmt":"2025-03-22T16:59:25","guid":{"rendered":"https:\/\/aromasentia.com\/product\/plant-based-aroma-oil-relaxing\/"},"modified":"2025-12-30T19:09:46","modified_gmt":"2025-12-30T19:09:46","slug":"huiles-aromatiques-a-base-de-plantes-relaxant","status":"publish","type":"product","link":"https:\/\/aromasentia.com\/fr\/huiles-aromatiques-a-base-de-plantes-relaxant\/","title":{"rendered":"Huiles Aromatiques \u00e0 base de Plantes- Relaxant"},"content":{"rendered":"<p>Une combinaison int\u00e9ressante de cardamome, de bois de c\u00e8dre et de patchouli fait de cette huile un choix parfait pour la d\u00e9tente.&nbsp;<\/p>\n<p><strong><span style=\"color: rgb(75, 80, 88);\">Fabriqu\u00e9 \u00e0 partir d&rsquo;ingr\u00e9dients naturels \u00e0 base de plantes <\/span><\/strong>et dilu\u00e9 dans un support de dipropyl\u00e8ne glycol.&nbsp;<\/p>\n<p>Utilisez cette huile avec des br\u00fbleurs \u00e0 mazout ou des diffuseurs d&rsquo;ar\u00f4mes.<\/p>\n","protected":false},"excerpt":{"rendered":"<p>Une combinaison int\u00e9ressante de cardamome, de bois de c\u00e8dre et de patchouli fait de cette huile un choix parfait pour la d\u00e9tente.&nbsp; Fabriqu\u00e9 \u00e0 partir d&rsquo;ingr\u00e9dients naturels \u00e0 base de plantes et dilu\u00e9 dans un support de dipropyl\u00e8ne glycol.&nbsp; Utilisez cette huile avec des br\u00fbleurs \u00e0 mazout ou des diffuseurs d&rsquo;ar\u00f4mes.<\/p>\n","protected":false},"featured_media":392438,"comment_status":"closed","ping_status":"open","template":"","meta":[],"product_brand":[27143],"product_cat":[16450,16468],"product_tag":[],"class_list":{"0":"post-224696","1":"product","2":"type-product","3":"status-publish","4":"has-post-thumbnail","6":"product_brand-stamford","7":"product_cat-aromatherapie-et-parfums-d-ambiance","8":"product_cat-huiles-parfumees","9":"pa_collection-plant-based-fragrance-oils-fr","10":"pa_made-in-inde","11":"pa_size-10ml","13":"first","14":"outofstock","15":"purchasable","16":"product-type-simple"},"supplier_id":null,"supplier_sku":"SPBAO-23","barcode":null,"atum_controlled":true,"out_stock_date":"2026-01-16 20:45:18","out_stock_threshold":null,"inheritable":false,"inbound_stock":null,"stock_on_hold":0,"sold_today":0,"sales_last_days":0,"reserved_stock":null,"customer_returns":null,"warehouse_damage":null,"lost_in_post":null,"other_logs":null,"out_stock_days":13,"lost_sales":0,"has_location":null,"update_date":"2026-01-30T01:24:50","atum_locations":[],"atum_stock_status":"outofstock","restock_status":false,"low_stock_amount":"","sales_update_date":"2026-01-30T01:24:50","calc_backorders":null,"_links":{"self":[{"href":"https:\/\/aromasentia.com\/fr\/wp-json\/wp\/v2\/product\/224696","targetHints":{"allow":["GET"]}}],"collection":[{"href":"https:\/\/aromasentia.com\/fr\/wp-json\/wp\/v2\/product"}],"about":[{"href":"https:\/\/aromasentia.com\/fr\/wp-json\/wp\/v2\/types\/product"}],"replies":[{"embeddable":true,"href":"https:\/\/aromasentia.com\/fr\/wp-json\/wp\/v2\/comments?post=224696"}],"version-history":[{"count":0,"href":"https:\/\/aromasentia.com\/fr\/wp-json\/wp\/v2\/product\/224696\/revisions"}],"wp:featuredmedia":[{"embeddable":true,"href":"https:\/\/aromasentia.com\/fr\/wp-json\/wp\/v2\/media\/392438"}],"wp:attachment":[{"href":"https:\/\/aromasentia.com\/fr\/wp-json\/wp\/v2\/media?parent=224696"}],"wp:term":[{"taxonomy":"product_brand","embeddable":true,"href":"https:\/\/aromasentia.com\/fr\/wp-json\/wp\/v2\/product_brand?post=224696"},{"taxonomy":"product_cat","embeddable":true,"href":"https:\/\/aromasentia.com\/fr\/wp-json\/wp\/v2\/product_cat?post=224696"},{"taxonomy":"product_tag","embeddable":true,"href":"https:\/\/aromasentia.com\/fr\/wp-json\/wp\/v2\/product_tag?post=224696"}],"curies":[{"name":"wp","href":"https:\/\/api.w.org\/{rel}","templated":true}]}}