{"id":224644,"date":"2025-03-22T16:59:25","date_gmt":"2025-03-22T16:59:25","guid":{"rendered":"https:\/\/aromasentia.com\/product\/plant-based-aroma-oil-citronella-lemon-grass\/"},"modified":"2025-12-30T19:09:39","modified_gmt":"2025-12-30T19:09:39","slug":"huiles-aromatiques-a-base-de-plantes-citronnelle","status":"publish","type":"product","link":"https:\/\/aromasentia.com\/fr\/huiles-aromatiques-a-base-de-plantes-citronnelle\/","title":{"rendered":"Huiles Aromatiques \u00e0 base de Plantes &#8211; Citronnelle"},"content":{"rendered":"<p><strong><span style=\"color: rgb(75, 80, 88);\">L&rsquo;huile v\u00e9g\u00e9tale d&rsquo;ar\u00f4me de citronnelle<\/span><\/strong> a un parfum frais, citronn\u00e9 et citronn\u00e9, avec des notes herbac\u00e9es et l\u00e9g\u00e8rement musqu\u00e9es.&nbsp;<\/p>\n<p>On pense qu&rsquo;il est \u00e9difiant, rafra\u00eechissant et \u00e9nergisant&nbsp;<\/p>\n<p><strong><span style=\"color: rgb(75, 80, 88);\">Fabriqu\u00e9 \u00e0 partir d&rsquo;ingr\u00e9dients naturels \u00e0 base de plantes<\/span><\/strong> et dilu\u00e9 dans un support de dipropyl\u00e8ne glycol.&nbsp;<\/p>\n<p>Utilisez cette huile avec des br\u00fbleurs \u00e0 mazout ou des diffuseurs d&rsquo;ar\u00f4mes.<\/p>\n","protected":false},"excerpt":{"rendered":"<p>L&rsquo;huile v\u00e9g\u00e9tale d&rsquo;ar\u00f4me de citronnelle a un parfum frais, citronn\u00e9 et citronn\u00e9, avec des notes herbac\u00e9es et l\u00e9g\u00e8rement musqu\u00e9es.&nbsp; On pense qu&rsquo;il est \u00e9difiant, rafra\u00eechissant et \u00e9nergisant&nbsp; Fabriqu\u00e9 \u00e0 partir d&rsquo;ingr\u00e9dients naturels \u00e0 base de plantes et dilu\u00e9 dans un support de dipropyl\u00e8ne glycol.&nbsp; Utilisez cette huile avec des br\u00fbleurs \u00e0 mazout ou des diffuseurs [&hellip;]<\/p>\n","protected":false},"featured_media":392289,"comment_status":"closed","ping_status":"open","template":"","meta":{"_angie_page":false},"product_brand":[27143],"product_cat":[16450,26140,26818,16468,26252,25842],"product_tag":[],"class_list":{"0":"post-224644","1":"product","2":"type-product","3":"status-publish","4":"has-post-thumbnail","6":"product_brand-stamford","7":"product_cat-aromatherapie-et-parfums-d-ambiance","8":"product_cat-citronnelle","9":"product_cat-hesperide-agrumes","10":"product_cat-huiles-parfumees","11":"product_cat-lemongrass-citronnelle","12":"product_cat-senteurs-aromes","13":"pa_collection-plant-based-fragrance-oils-fr","14":"pa_made-in-inde","15":"pa_size-10ml","17":"first","18":"instock","19":"purchasable","20":"product-type-simple"},"supplier_id":null,"supplier_sku":"SPBAO-09","barcode":null,"atum_controlled":true,"out_stock_date":null,"out_stock_threshold":null,"inheritable":false,"inbound_stock":null,"stock_on_hold":0,"sold_today":0,"sales_last_days":0,"reserved_stock":null,"customer_returns":null,"warehouse_damage":null,"lost_in_post":null,"other_logs":null,"out_stock_days":0,"lost_sales":0,"has_location":null,"update_date":"2026-04-27T07:22:17","atum_locations":[],"atum_stock_status":"instock","restock_status":false,"low_stock_amount":"","sales_update_date":"2025-09-03T00:21:43","calc_backorders":null,"_links":{"self":[{"href":"https:\/\/aromasentia.com\/fr\/wp-json\/wp\/v2\/product\/224644","targetHints":{"allow":["GET"]}}],"collection":[{"href":"https:\/\/aromasentia.com\/fr\/wp-json\/wp\/v2\/product"}],"about":[{"href":"https:\/\/aromasentia.com\/fr\/wp-json\/wp\/v2\/types\/product"}],"replies":[{"embeddable":true,"href":"https:\/\/aromasentia.com\/fr\/wp-json\/wp\/v2\/comments?post=224644"}],"version-history":[{"count":0,"href":"https:\/\/aromasentia.com\/fr\/wp-json\/wp\/v2\/product\/224644\/revisions"}],"wp:featuredmedia":[{"embeddable":true,"href":"https:\/\/aromasentia.com\/fr\/wp-json\/wp\/v2\/media\/392289"}],"wp:attachment":[{"href":"https:\/\/aromasentia.com\/fr\/wp-json\/wp\/v2\/media?parent=224644"}],"wp:term":[{"taxonomy":"product_brand","embeddable":true,"href":"https:\/\/aromasentia.com\/fr\/wp-json\/wp\/v2\/product_brand?post=224644"},{"taxonomy":"product_cat","embeddable":true,"href":"https:\/\/aromasentia.com\/fr\/wp-json\/wp\/v2\/product_cat?post=224644"},{"taxonomy":"product_tag","embeddable":true,"href":"https:\/\/aromasentia.com\/fr\/wp-json\/wp\/v2\/product_tag?post=224644"}],"curies":[{"name":"wp","href":"https:\/\/api.w.org\/{rel}","templated":true}]}}