{"id":224624,"date":"2025-03-22T16:59:25","date_gmt":"2025-03-22T16:59:25","guid":{"rendered":"https:\/\/aromasentia.com\/product\/plant-based-aroma-oil-jasmine-tea\/"},"modified":"2025-12-30T19:09:32","modified_gmt":"2025-12-30T19:09:32","slug":"huiles-aromatiques-a-base-de-plantes-the-au-jasmin","status":"publish","type":"product","link":"https:\/\/aromasentia.com\/fr\/huiles-aromatiques-a-base-de-plantes-the-au-jasmin\/","title":{"rendered":"Huiles Aromatiques \u00e0 base de Plantes &#8211; Th\u00e9 au jasmin"},"content":{"rendered":"<p><strong><span style=\"color: rgb(75, 80, 88);\">L&rsquo;huile d&rsquo;ar\u00f4me de th\u00e9 au jasmin <\/span><\/strong>a un ar\u00f4me doux et floral. On pense que l&rsquo;huile favorise la relaxation et r\u00e9duit le stress.&nbsp;<\/p>\n<p>Il est \u00e9galement utilis\u00e9 pour am\u00e9liorer l&rsquo;humeur et le bien-\u00eatre \u00e9motionnel.&nbsp;<\/p>\n<p><strong><span style=\"color: rgb(75, 80, 88);\">Fabriqu\u00e9 \u00e0 partir d&rsquo;ingr\u00e9dients naturels \u00e0 base de plantes<\/span><\/strong> et dilu\u00e9 dans un support de dipropyl\u00e8ne glycol.&nbsp;<\/p>\n<p>Utilisez cette huile avec des br\u00fbleurs \u00e0 mazout ou des diffuseurs d&rsquo;ar\u00f4mes.<\/p>\n","protected":false},"excerpt":{"rendered":"<p>L&rsquo;huile d&rsquo;ar\u00f4me de th\u00e9 au jasmin a un ar\u00f4me doux et floral. On pense que l&rsquo;huile favorise la relaxation et r\u00e9duit le stress.&nbsp; Il est \u00e9galement utilis\u00e9 pour am\u00e9liorer l&rsquo;humeur et le bien-\u00eatre \u00e9motionnel.&nbsp; Fabriqu\u00e9 \u00e0 partir d&rsquo;ingr\u00e9dients naturels \u00e0 base de plantes et dilu\u00e9 dans un support de dipropyl\u00e8ne glycol.&nbsp; Utilisez cette huile avec [&hellip;]<\/p>\n","protected":false},"featured_media":392236,"comment_status":"closed","ping_status":"open","template":"","meta":[],"product_brand":[27143],"product_cat":[16450,26832,16468,26225,25842],"product_tag":[],"class_list":{"0":"post-224624","1":"product","2":"type-product","3":"status-publish","4":"has-post-thumbnail","6":"product_brand-stamford","7":"product_cat-aromatherapie-et-parfums-d-ambiance","8":"product_cat-floral","9":"product_cat-huiles-parfumees","10":"product_cat-jasmin","11":"product_cat-senteurs-aromes","12":"pa_collection-plant-based-fragrance-oils-fr","13":"pa_made-in-inde","14":"pa_size-10ml","16":"first","17":"instock","18":"purchasable","19":"product-type-simple"},"supplier_id":null,"supplier_sku":"SPBAO-02","barcode":null,"atum_controlled":true,"out_stock_date":null,"out_stock_threshold":null,"inheritable":false,"inbound_stock":null,"stock_on_hold":0,"sold_today":0,"sales_last_days":0,"reserved_stock":null,"customer_returns":null,"warehouse_damage":null,"lost_in_post":null,"other_logs":null,"out_stock_days":0,"lost_sales":0,"has_location":null,"update_date":"2026-02-03T11:30:01","atum_locations":[],"atum_stock_status":"instock","restock_status":false,"low_stock_amount":"","sales_update_date":"2025-09-03T00:21:41","calc_backorders":null,"_links":{"self":[{"href":"https:\/\/aromasentia.com\/fr\/wp-json\/wp\/v2\/product\/224624","targetHints":{"allow":["GET"]}}],"collection":[{"href":"https:\/\/aromasentia.com\/fr\/wp-json\/wp\/v2\/product"}],"about":[{"href":"https:\/\/aromasentia.com\/fr\/wp-json\/wp\/v2\/types\/product"}],"replies":[{"embeddable":true,"href":"https:\/\/aromasentia.com\/fr\/wp-json\/wp\/v2\/comments?post=224624"}],"version-history":[{"count":0,"href":"https:\/\/aromasentia.com\/fr\/wp-json\/wp\/v2\/product\/224624\/revisions"}],"wp:featuredmedia":[{"embeddable":true,"href":"https:\/\/aromasentia.com\/fr\/wp-json\/wp\/v2\/media\/392236"}],"wp:attachment":[{"href":"https:\/\/aromasentia.com\/fr\/wp-json\/wp\/v2\/media?parent=224624"}],"wp:term":[{"taxonomy":"product_brand","embeddable":true,"href":"https:\/\/aromasentia.com\/fr\/wp-json\/wp\/v2\/product_brand?post=224624"},{"taxonomy":"product_cat","embeddable":true,"href":"https:\/\/aromasentia.com\/fr\/wp-json\/wp\/v2\/product_cat?post=224624"},{"taxonomy":"product_tag","embeddable":true,"href":"https:\/\/aromasentia.com\/fr\/wp-json\/wp\/v2\/product_tag?post=224624"}],"curies":[{"name":"wp","href":"https:\/\/api.w.org\/{rel}","templated":true}]}}