{"id":224616,"date":"2025-03-22T16:59:25","date_gmt":"2025-03-22T16:59:25","guid":{"rendered":"https:\/\/aromasentia.com\/product\/bathroom-daisy-fresh\/"},"modified":"2025-12-30T19:09:32","modified_gmt":"2025-12-30T19:09:32","slug":"special-salle-de-bain-marguerite","status":"publish","type":"product","link":"https:\/\/aromasentia.com\/fr\/special-salle-de-bain-marguerite\/","title":{"rendered":"Sp\u00e9cial Salle de bain &#8211; Marguerite"},"content":{"rendered":"<p><strong><span style=\"color: rgb(75, 80, 88);\">Ces fines granules en gros \u00ab\u00a0Marguerite\u00a0\u00bb<\/span><\/strong> sont con&ccedil;ues pour des endroits sp\u00e9cifiques autour de votre maison. Id\u00e9al pour les br\u00fbleurs \u00e0 mazout, les lettres parfum\u00e9es, utile sur les cendriers pour lutter contre l&rsquo;odeur de tabac, et pour parfumer et d\u00e9corer les assiettes.&nbsp;<\/p>\n<p>Ils ont des couleurs accrocheuses qui attireront les clients lors de la navigation, et apr\u00e8s les avoir sentis, ils ne quitteront pas votre magasin sans un ou deux (enfin, esp\u00e9rons-le). Ils se mettent dans le r\u00e9servoir du br\u00fbleur \u00e0 mazout et ne n\u00e9cessitent pas d&rsquo;eau.&nbsp;<\/p>\n<p><strong><span style=\"color: rgb(141, 186, 216);\">Peut \u00e9galement \u00eatre utilis\u00e9 comme rafra\u00eechissement de cendrier, ou pour parfumer g\u00e9n\u00e9ralement une pi\u00e8ce.&nbsp;<\/span><\/strong><\/p>\n<p>Poids net minimum 200g par sac<\/p>\n<p><strong><span style=\"color: rgb(75, 80, 88);\">Notes de T\u00eate :<\/span><\/strong> Bergamote &amp; Citron._x000D_\n<\/p>\n<p><strong><span style=\"color: rgb(75, 80, 88);\">Notes de coeur : <\/span><\/strong>Marguerite &amp; Lys._x000D_\n<\/p>\n<p><strong><span style=\"color: rgb(75, 80, 88);\">Notes de fond : <\/span><\/strong>Santal &amp; Musc.<\/p>\n","protected":false},"excerpt":{"rendered":"<p>Ces fines granules en gros \u00ab\u00a0Marguerite\u00a0\u00bb sont con&ccedil;ues pour des endroits sp\u00e9cifiques autour de votre maison. Id\u00e9al pour les br\u00fbleurs \u00e0 mazout, les lettres parfum\u00e9es, utile sur les cendriers pour lutter contre l&rsquo;odeur de tabac, et pour parfumer et d\u00e9corer les assiettes.&nbsp; Ils ont des couleurs accrocheuses qui attireront les clients lors de la navigation, [&hellip;]<\/p>\n","protected":false},"featured_media":392218,"comment_status":"closed","ping_status":"open","template":"","meta":[],"product_brand":[],"product_cat":[16450,16451],"product_tag":[],"class_list":{"0":"post-224616","1":"product","2":"type-product","3":"status-publish","4":"has-post-thumbnail","6":"product_cat-aromatherapie-et-parfums-d-ambiance","7":"product_cat-granules-parfumes","8":"pa_collection-home-comforts-scented-salt-granules-for-oil-burners-fr","9":"pa_made-in-royaume-uni","11":"first","12":"instock","13":"purchasable","14":"product-type-simple"},"supplier_id":null,"supplier_sku":"SGHC-11","barcode":null,"atum_controlled":true,"out_stock_date":null,"out_stock_threshold":null,"inheritable":false,"inbound_stock":null,"stock_on_hold":0,"sold_today":0,"sales_last_days":0,"reserved_stock":null,"customer_returns":null,"warehouse_damage":null,"lost_in_post":null,"other_logs":null,"out_stock_days":0,"lost_sales":0,"has_location":null,"update_date":"2026-02-06T00:02:52","atum_locations":[],"atum_stock_status":"instock","restock_status":false,"low_stock_amount":"","sales_update_date":"2026-02-06T00:02:52","calc_backorders":null,"_links":{"self":[{"href":"https:\/\/aromasentia.com\/fr\/wp-json\/wp\/v2\/product\/224616","targetHints":{"allow":["GET"]}}],"collection":[{"href":"https:\/\/aromasentia.com\/fr\/wp-json\/wp\/v2\/product"}],"about":[{"href":"https:\/\/aromasentia.com\/fr\/wp-json\/wp\/v2\/types\/product"}],"replies":[{"embeddable":true,"href":"https:\/\/aromasentia.com\/fr\/wp-json\/wp\/v2\/comments?post=224616"}],"version-history":[{"count":0,"href":"https:\/\/aromasentia.com\/fr\/wp-json\/wp\/v2\/product\/224616\/revisions"}],"wp:featuredmedia":[{"embeddable":true,"href":"https:\/\/aromasentia.com\/fr\/wp-json\/wp\/v2\/media\/392218"}],"wp:attachment":[{"href":"https:\/\/aromasentia.com\/fr\/wp-json\/wp\/v2\/media?parent=224616"}],"wp:term":[{"taxonomy":"product_brand","embeddable":true,"href":"https:\/\/aromasentia.com\/fr\/wp-json\/wp\/v2\/product_brand?post=224616"},{"taxonomy":"product_cat","embeddable":true,"href":"https:\/\/aromasentia.com\/fr\/wp-json\/wp\/v2\/product_cat?post=224616"},{"taxonomy":"product_tag","embeddable":true,"href":"https:\/\/aromasentia.com\/fr\/wp-json\/wp\/v2\/product_tag?post=224616"}],"curies":[{"name":"wp","href":"https:\/\/api.w.org\/{rel}","templated":true}]}}