{"id":224572,"date":"2025-03-22T16:59:25","date_gmt":"2025-03-22T16:59:25","guid":{"rendered":"https:\/\/aromasentia.com\/product\/natural-reed-diffuser-sticks-25cm-x-3mm-1kg\/"},"modified":"2025-12-30T19:09:24","modified_gmt":"2025-12-30T19:09:24","slug":"batons-de-diffuseur-de-rotin-25cm-x-3mm-1kg","status":"publish","type":"product","link":"https:\/\/aromasentia.com\/fr\/batons-de-diffuseur-de-rotin-25cm-x-3mm-1kg\/","title":{"rendered":"B\u00e2tons de Diffuseur de Rotin -25cm x 3mm &#8211; 1kg"},"content":{"rendered":"<h1>Optimisez votre offre de parfumerie avec ces b\u00e2tons de diffuseur de rotin.<\/h1>\n<p>Chaque lot de 1 kg comprend des tiges de <strong>25cm x 3mm<\/strong>, offrant une diffusion efficace et \u00e9l\u00e9gante des parfums dans n&rsquo;importe quel espace.&nbsp;<\/p>\n<p>Leur qualit\u00e9 sup\u00e9rieure garantit une exp\u00e9rience olfactive incomparable pour vos clients, renfor&ccedil;ant ainsi votre r\u00e9putation de fournisseur de confiance pour des solutions de parfum professionnelles.<\/p>\n<p><strong><span style=\"color: rgb(141, 186, 216);\">Commandez d\u00e8s maintenant pour cr\u00e9er votre propre marque de diffuseurs !<\/span><\/strong><\/p>\n<p><strong><em>Le paquet contient environ 1000 b\u00e2tonnets<\/em><\/strong><\/p>\n","protected":false},"excerpt":{"rendered":"<p>Optimisez votre offre de parfumerie avec ces b\u00e2tons de diffuseur de rotin. Chaque lot de 1 kg comprend des tiges de 25cm x 3mm, offrant une diffusion efficace et \u00e9l\u00e9gante des parfums dans n&rsquo;importe quel espace.&nbsp; Leur qualit\u00e9 sup\u00e9rieure garantit une exp\u00e9rience olfactive incomparable pour vos clients, renfor&ccedil;ant ainsi votre r\u00e9putation de fournisseur de confiance [&hellip;]<\/p>\n","protected":false},"featured_media":642632,"comment_status":"closed","ping_status":"open","template":"","meta":{"_angie_page":false},"product_brand":[],"product_cat":[16450,16540],"product_tag":[],"class_list":{"0":"post-224572","1":"product","2":"type-product","3":"status-publish","4":"has-post-thumbnail","6":"product_cat-aromatherapie-et-parfums-d-ambiance","7":"product_cat-bouteilles-en-verre-et-accessoires","8":"pa_collection-bulk-reed-diffusers-sticks-fr","9":"pa_made-in-indonesie","11":"first","12":"instock","13":"purchasable","14":"product-type-simple"},"supplier_id":null,"supplier_sku":"RReed-18","barcode":null,"atum_controlled":true,"out_stock_date":null,"out_stock_threshold":null,"inheritable":false,"inbound_stock":null,"stock_on_hold":0,"sold_today":0,"sales_last_days":0,"reserved_stock":null,"customer_returns":null,"warehouse_damage":null,"lost_in_post":null,"other_logs":null,"out_stock_days":0,"lost_sales":0,"has_location":null,"update_date":"2026-04-27T07:19:59","atum_locations":[],"atum_stock_status":"instock","restock_status":false,"low_stock_amount":"","sales_update_date":"2026-02-06T00:02:38","calc_backorders":null,"_links":{"self":[{"href":"https:\/\/aromasentia.com\/fr\/wp-json\/wp\/v2\/product\/224572","targetHints":{"allow":["GET"]}}],"collection":[{"href":"https:\/\/aromasentia.com\/fr\/wp-json\/wp\/v2\/product"}],"about":[{"href":"https:\/\/aromasentia.com\/fr\/wp-json\/wp\/v2\/types\/product"}],"replies":[{"embeddable":true,"href":"https:\/\/aromasentia.com\/fr\/wp-json\/wp\/v2\/comments?post=224572"}],"version-history":[{"count":0,"href":"https:\/\/aromasentia.com\/fr\/wp-json\/wp\/v2\/product\/224572\/revisions"}],"wp:featuredmedia":[{"embeddable":true,"href":"https:\/\/aromasentia.com\/fr\/wp-json\/wp\/v2\/media\/642632"}],"wp:attachment":[{"href":"https:\/\/aromasentia.com\/fr\/wp-json\/wp\/v2\/media?parent=224572"}],"wp:term":[{"taxonomy":"product_brand","embeddable":true,"href":"https:\/\/aromasentia.com\/fr\/wp-json\/wp\/v2\/product_brand?post=224572"},{"taxonomy":"product_cat","embeddable":true,"href":"https:\/\/aromasentia.com\/fr\/wp-json\/wp\/v2\/product_cat?post=224572"},{"taxonomy":"product_tag","embeddable":true,"href":"https:\/\/aromasentia.com\/fr\/wp-json\/wp\/v2\/product_tag?post=224572"}],"curies":[{"name":"wp","href":"https:\/\/api.w.org\/{rel}","templated":true}]}}