{"id":224564,"date":"2025-03-22T16:59:25","date_gmt":"2025-03-22T16:59:25","guid":{"rendered":"https:\/\/aromasentia.com\/product\/pack-of-2-5mm-indonesia-reed-diffuser-sticks-approx-100-sticks\/"},"modified":"2025-12-30T19:09:24","modified_gmt":"2025-12-30T19:09:24","slug":"paquet-de-batonnets-de-diffuseur-de-roseau-dindonesie-25-mm-environ-100-batons","status":"publish","type":"product","link":"https:\/\/aromasentia.com\/fr\/paquet-de-batonnets-de-diffuseur-de-roseau-dindonesie-25-mm-environ-100-batons\/","title":{"rendered":"Paquet de b\u00e2tonnets de diffuseur de roseau d&rsquo;Indon\u00e9sie 2,5 mm &#8211; Environ 100 b\u00e2tons"},"content":{"rendered":"<p>Un <strong><span style=\"color: rgb(75, 80, 88);\">diffuseur \u00e0 roseaux<\/span><\/strong> est un moyen simple, efficace et s\u00fbr de diffuser un parfum continu dans tout votre environnement. Id\u00e9al pour les zones sans bougie comme les bureaux et les dortoirs ou les maisons avec de jeunes enfants.&nbsp;<\/p>\n<p>De nombreux clients demandent des anches de rechange pour leurs diffus. Ici, nous avons en gros des faisceaux d&rsquo;anches id\u00e9ales pour les fabricants, ou pour la revente.&nbsp;<\/p>\n<p>Les b\u00e2tonnets Reeds Diffuse aident les huiles aromatiques \u00e0 \u00eatre absorb\u00e9es par les roseaux fins et \u00e0 lib\u00e9rer l&rsquo;ar\u00f4me naturellement. Les diffuseurs \u00e0 roseaux sont un cadeau tr\u00e8s populaire et une excellente alternative aux br\u00fbleurs \u00e0 mazout.&nbsp;<\/p>\n<p><strong><span style=\"color: rgb(75, 80, 88);\">Vous aimerez peut-\u00eatre aussi Bouteilles diffuseurs en gros. <\/span><\/strong><\/p>\n<p><strong><span style=\"color: rgb(141, 186, 216);\">Les b\u00e2tons mesurent 30,6 cm de long<\/span><\/strong><\/p>\n","protected":false},"excerpt":{"rendered":"<p>Un diffuseur \u00e0 roseaux est un moyen simple, efficace et s\u00fbr de diffuser un parfum continu dans tout votre environnement. Id\u00e9al pour les zones sans bougie comme les bureaux et les dortoirs ou les maisons avec de jeunes enfants.&nbsp; De nombreux clients demandent des anches de rechange pour leurs diffus. Ici, nous avons en gros [&hellip;]<\/p>\n","protected":false},"featured_media":391709,"comment_status":"closed","ping_status":"open","template":"","meta":{"_angie_page":false},"product_brand":[],"product_cat":[16450,16540],"product_tag":[],"class_list":{"0":"post-224564","1":"product","2":"type-product","3":"status-publish","4":"has-post-thumbnail","6":"product_cat-aromatherapie-et-parfums-d-ambiance","7":"product_cat-bouteilles-en-verre-et-accessoires","8":"pa_collection-bulk-reed-diffusers-sticks-fr","9":"pa_made-in-indonesie","11":"first","12":"instock","13":"purchasable","14":"product-type-simple"},"supplier_id":null,"supplier_sku":"Rreed-15","barcode":null,"atum_controlled":true,"out_stock_date":null,"out_stock_threshold":null,"inheritable":false,"inbound_stock":null,"stock_on_hold":0,"sold_today":0,"sales_last_days":0,"reserved_stock":null,"customer_returns":null,"warehouse_damage":null,"lost_in_post":null,"other_logs":null,"out_stock_days":0,"lost_sales":0,"has_location":null,"update_date":"2026-04-27T07:19:59","atum_locations":[],"atum_stock_status":"instock","restock_status":false,"low_stock_amount":"","sales_update_date":"2026-01-30T01:24:55","calc_backorders":null,"_links":{"self":[{"href":"https:\/\/aromasentia.com\/fr\/wp-json\/wp\/v2\/product\/224564","targetHints":{"allow":["GET"]}}],"collection":[{"href":"https:\/\/aromasentia.com\/fr\/wp-json\/wp\/v2\/product"}],"about":[{"href":"https:\/\/aromasentia.com\/fr\/wp-json\/wp\/v2\/types\/product"}],"replies":[{"embeddable":true,"href":"https:\/\/aromasentia.com\/fr\/wp-json\/wp\/v2\/comments?post=224564"}],"version-history":[{"count":0,"href":"https:\/\/aromasentia.com\/fr\/wp-json\/wp\/v2\/product\/224564\/revisions"}],"wp:featuredmedia":[{"embeddable":true,"href":"https:\/\/aromasentia.com\/fr\/wp-json\/wp\/v2\/media\/391709"}],"wp:attachment":[{"href":"https:\/\/aromasentia.com\/fr\/wp-json\/wp\/v2\/media?parent=224564"}],"wp:term":[{"taxonomy":"product_brand","embeddable":true,"href":"https:\/\/aromasentia.com\/fr\/wp-json\/wp\/v2\/product_brand?post=224564"},{"taxonomy":"product_cat","embeddable":true,"href":"https:\/\/aromasentia.com\/fr\/wp-json\/wp\/v2\/product_cat?post=224564"},{"taxonomy":"product_tag","embeddable":true,"href":"https:\/\/aromasentia.com\/fr\/wp-json\/wp\/v2\/product_tag?post=224564"}],"curies":[{"name":"wp","href":"https:\/\/api.w.org\/{rel}","templated":true}]}}