{"id":224560,"date":"2025-03-22T16:59:25","date_gmt":"2025-03-22T16:59:25","guid":{"rendered":"https:\/\/aromasentia.com\/product\/black-reed-diffuser-sticks-25cm-x-3mm-500gms\/"},"modified":"2025-06-23T18:33:38","modified_gmt":"2025-06-23T18:33:38","slug":"tiges-de-rotin-noires-500g-25cm-x-3mm","status":"publish","type":"product","link":"https:\/\/aromasentia.com\/fr\/tiges-de-rotin-noires-500g-25cm-x-3mm\/","title":{"rendered":"Tiges de Rotin Noires 500g &#8211; 25cm x 3mm"},"content":{"rendered":"<h1 style=\"text-align: left;\">Optimisez l&rsquo;exp\u00e9rience parfum\u00e9e de vos clients avec nos tiges de rotin noires.&nbsp;<\/h1>\n<div style=\"text-align: left;\">Chaque lot de <strong>500g<\/strong> comprend des tiges de <strong>25cm x 3mm<\/strong>, garantissant une diffusion efficace et \u00e9l\u00e9gante de vos parfums pr\u00e9f\u00e9r\u00e9s.&nbsp;<\/div>\n<div style=\"text-align: left;\">Ajoutez une touche de sophistication \u00e0 vos diffuseurs pour cr\u00e9er une ambiance luxueuse et captivante.&nbsp;<\/div>\n<p><\/p>\n<div style=\"text-align: left;\"><strong><span style=\"color: rgb(141, 186, 216);\">Commandez d\u00e8s aujourd&rsquo;hui et laissez-vous envo\u00fbter par des ar\u00f4mes subtils et exquis.<\/span><\/strong><\/div>\n<p style=\"margin: 0px 0px 0.5em; line-height: 22.4px; font-size: 16px;\"><em>Remarque : &nbsp;<\/em>Les tiges sont color\u00e9es. Merci de noter que la couleur peut se transf\u00e9rer au liquide.<\/p>\n","protected":false},"excerpt":{"rendered":"<p>Optimisez l&rsquo;exp\u00e9rience parfum\u00e9e de vos clients avec nos tiges de rotin noires.&nbsp; Chaque lot de 500g comprend des tiges de 25cm x 3mm, garantissant une diffusion efficace et \u00e9l\u00e9gante de vos parfums pr\u00e9f\u00e9r\u00e9s.&nbsp; Ajoutez une touche de sophistication \u00e0 vos diffuseurs pour cr\u00e9er une ambiance luxueuse et captivante.&nbsp; Commandez d\u00e8s aujourd&rsquo;hui et laissez-vous envo\u00fbter par [&hellip;]<\/p>\n","protected":false},"featured_media":391676,"comment_status":"closed","ping_status":"open","template":"","meta":{"_angie_page":false},"product_brand":[],"product_cat":[16450,16540],"product_tag":[],"class_list":{"0":"post-224560","1":"product","2":"type-product","3":"status-publish","4":"has-post-thumbnail","6":"product_cat-aromatherapie-et-parfums-d-ambiance","7":"product_cat-bouteilles-en-verre-et-accessoires","8":"pa_collection-bulk-reed-diffusers-sticks-fr","9":"pa_made-in-indonesie","10":"pa_size-500g","12":"first","13":"instock","14":"purchasable","15":"product-type-simple"},"supplier_id":null,"supplier_sku":"Rreed-07","barcode":null,"atum_controlled":true,"out_stock_date":null,"out_stock_threshold":null,"inheritable":false,"inbound_stock":null,"stock_on_hold":0,"sold_today":0,"sales_last_days":0,"reserved_stock":null,"customer_returns":null,"warehouse_damage":null,"lost_in_post":null,"other_logs":null,"out_stock_days":0,"lost_sales":0,"has_location":null,"update_date":"2026-04-27T07:19:52","atum_locations":[],"atum_stock_status":"instock","restock_status":false,"low_stock_amount":"","sales_update_date":"2025-09-03T00:14:29","calc_backorders":null,"_links":{"self":[{"href":"https:\/\/aromasentia.com\/fr\/wp-json\/wp\/v2\/product\/224560","targetHints":{"allow":["GET"]}}],"collection":[{"href":"https:\/\/aromasentia.com\/fr\/wp-json\/wp\/v2\/product"}],"about":[{"href":"https:\/\/aromasentia.com\/fr\/wp-json\/wp\/v2\/types\/product"}],"replies":[{"embeddable":true,"href":"https:\/\/aromasentia.com\/fr\/wp-json\/wp\/v2\/comments?post=224560"}],"version-history":[{"count":0,"href":"https:\/\/aromasentia.com\/fr\/wp-json\/wp\/v2\/product\/224560\/revisions"}],"wp:featuredmedia":[{"embeddable":true,"href":"https:\/\/aromasentia.com\/fr\/wp-json\/wp\/v2\/media\/391676"}],"wp:attachment":[{"href":"https:\/\/aromasentia.com\/fr\/wp-json\/wp\/v2\/media?parent=224560"}],"wp:term":[{"taxonomy":"product_brand","embeddable":true,"href":"https:\/\/aromasentia.com\/fr\/wp-json\/wp\/v2\/product_brand?post=224560"},{"taxonomy":"product_cat","embeddable":true,"href":"https:\/\/aromasentia.com\/fr\/wp-json\/wp\/v2\/product_cat?post=224560"},{"taxonomy":"product_tag","embeddable":true,"href":"https:\/\/aromasentia.com\/fr\/wp-json\/wp\/v2\/product_tag?post=224560"}],"curies":[{"name":"wp","href":"https:\/\/api.w.org\/{rel}","templated":true}]}}