{"id":224548,"date":"2025-03-22T16:59:25","date_gmt":"2025-03-22T16:59:25","guid":{"rendered":"https:\/\/aromasentia.com\/product\/fibre-black-reed-diffuser-25cm-x-3mm\/"},"modified":"2025-06-23T18:33:36","modified_gmt":"2025-06-23T18:33:36","slug":"tige-noire-en-fibre-pour-diffuseur-25cm-x-3mm","status":"publish","type":"product","link":"https:\/\/aromasentia.com\/fr\/tige-noire-en-fibre-pour-diffuseur-25cm-x-3mm\/","title":{"rendered":"Tige Noire en Fibre pour Diffuseur 25cm x 3mm"},"content":{"rendered":"<h1>Optimisez l&rsquo;exp\u00e9rience de parfum de vos diffuseurs avec ces <strong>250 tiges noires en fibre&nbsp;<\/strong>pour diffuseur de <strong>25cm x 3mm<\/strong>.<\/h1>\n<p>Leur construction minutieuse garantit une diffusion efficace des parfums, cr\u00e9ant ainsi une ambiance raffin\u00e9e et relaxante dans chaque espace.&nbsp;<\/p>\n<p>Fabriqu\u00e9es avec pr\u00e9cision selon des normes rigoureuses, ces tiges ajoutent une touche d&rsquo;\u00e9l\u00e9gance \u00e0 votre gamme de produits, renfor&ccedil;ant ainsi votre r\u00e9putation de fournisseur de choix pour des solutions de parfum haut de gamme.<\/p>\n<p><strong><span style=\"color: rgb(141, 186, 216);\">Commandez d\u00e8s maintenant pour offrir \u00e0 vos clients des diffuseurs de qualit\u00e9 !<\/span><\/strong><\/p>\n","protected":false},"excerpt":{"rendered":"<p>Optimisez l&rsquo;exp\u00e9rience de parfum de vos diffuseurs avec ces 250 tiges noires en fibre&nbsp;pour diffuseur de 25cm x 3mm. Leur construction minutieuse garantit une diffusion efficace des parfums, cr\u00e9ant ainsi une ambiance raffin\u00e9e et relaxante dans chaque espace.&nbsp; Fabriqu\u00e9es avec pr\u00e9cision selon des normes rigoureuses, ces tiges ajoutent une touche d&rsquo;\u00e9l\u00e9gance \u00e0 votre gamme de [&hellip;]<\/p>\n","protected":false},"featured_media":391593,"comment_status":"closed","ping_status":"open","template":"","meta":{"_angie_page":false},"product_brand":[],"product_cat":[16450,16540],"product_tag":[],"class_list":{"0":"post-224548","1":"product","2":"type-product","3":"status-publish","4":"has-post-thumbnail","6":"product_cat-aromatherapie-et-parfums-d-ambiance","7":"product_cat-bouteilles-en-verre-et-accessoires","8":"pa_collection-bulk-reed-diffusers-sticks-fr","9":"pa_made-in-chine","11":"first","12":"instock","13":"purchasable","14":"product-type-simple"},"supplier_id":null,"supplier_sku":"Rreed-13","barcode":null,"atum_controlled":true,"out_stock_date":null,"out_stock_threshold":null,"inheritable":false,"inbound_stock":null,"stock_on_hold":0,"sold_today":0,"sales_last_days":0,"reserved_stock":null,"customer_returns":null,"warehouse_damage":null,"lost_in_post":null,"other_logs":null,"out_stock_days":0,"lost_sales":0,"has_location":null,"update_date":"2026-04-27T07:19:52","atum_locations":[],"atum_stock_status":"instock","restock_status":false,"low_stock_amount":"","sales_update_date":"2025-09-03T00:21:36","calc_backorders":null,"_links":{"self":[{"href":"https:\/\/aromasentia.com\/fr\/wp-json\/wp\/v2\/product\/224548","targetHints":{"allow":["GET"]}}],"collection":[{"href":"https:\/\/aromasentia.com\/fr\/wp-json\/wp\/v2\/product"}],"about":[{"href":"https:\/\/aromasentia.com\/fr\/wp-json\/wp\/v2\/types\/product"}],"replies":[{"embeddable":true,"href":"https:\/\/aromasentia.com\/fr\/wp-json\/wp\/v2\/comments?post=224548"}],"version-history":[{"count":0,"href":"https:\/\/aromasentia.com\/fr\/wp-json\/wp\/v2\/product\/224548\/revisions"}],"wp:featuredmedia":[{"embeddable":true,"href":"https:\/\/aromasentia.com\/fr\/wp-json\/wp\/v2\/media\/391593"}],"wp:attachment":[{"href":"https:\/\/aromasentia.com\/fr\/wp-json\/wp\/v2\/media?parent=224548"}],"wp:term":[{"taxonomy":"product_brand","embeddable":true,"href":"https:\/\/aromasentia.com\/fr\/wp-json\/wp\/v2\/product_brand?post=224548"},{"taxonomy":"product_cat","embeddable":true,"href":"https:\/\/aromasentia.com\/fr\/wp-json\/wp\/v2\/product_cat?post=224548"},{"taxonomy":"product_tag","embeddable":true,"href":"https:\/\/aromasentia.com\/fr\/wp-json\/wp\/v2\/product_tag?post=224548"}],"curies":[{"name":"wp","href":"https:\/\/api.w.org\/{rel}","templated":true}]}}