{"id":224544,"date":"2025-03-22T16:59:25","date_gmt":"2025-03-22T16:59:25","guid":{"rendered":"https:\/\/aromasentia.com\/product\/natural-reed-diffuser-sticks-25cm-x-3mm-500gms\/"},"modified":"2025-12-30T19:09:24","modified_gmt":"2025-12-30T19:09:24","slug":"batons-de-diffusion-en-rotin-naturel-25cm-x-3mm-400-500gms","status":"publish","type":"product","link":"https:\/\/aromasentia.com\/fr\/batons-de-diffusion-en-rotin-naturel-25cm-x-3mm-400-500gms\/","title":{"rendered":"B\u00e2tons de Diffusion en Rotin Naturel &#8211; 25cm x 3mm &#8211; 400-500gms"},"content":{"rendered":"<h6 style=\"text-align: left;\">Les diffuseurs de rotin sont faciles \u00e0 vendre&#8230;&nbsp;<\/h6>\n<div style=\"text-align: left;\">Avec un diffuseur de rotin, il n&rsquo;y a pas de fum\u00e9e, de cire qui coule ou d&rsquo;anxi\u00e9t\u00e9 li\u00e9e aux bougies allum\u00e9es.&nbsp;<\/div>\n<div style=\"text-align: left;\">Les diffuseurs de rotin sont donc id\u00e9aux pour les enfants et les animaux. Nous vous proposons ici une vente en gros de 500g de Diffuseurs de rotin de 3mm (environ 500) que vous pouvez vendre par paquet ou pour des profits \u00e9lev\u00e9s par b\u00e2tonnet.&nbsp;<\/div>\n<div style=\"text-align: left;\">Les diffuseurs de rotin constituent un cadeau tr\u00e8s populaire et une excellente alternative aux br\u00fbleurs \u00e0 huile.&nbsp;<\/div>\n<p><\/p>\n<div style=\"text-align: left;\">D&rsquo;un excellent rapport qualit\u00e9-prix, ils vous permettent d&rsquo;avoir une marge suffisante pour faire des remises sur les commandes plus importantes. Un article essentiel pour votre magasin de cadeaux, si vous vendez des diffuseurs, vous devriez absolument envisager de les stocker.&nbsp;<\/div>\n<div style=\"text-align: left;\">Si vous vendez des diffuseurs, vous devriez absolument envisager de les stocker.&nbsp;<\/div>\n<div style=\"text-align: left;\"><strong>Alors, ajoutez quelques ventes suppl\u00e9mentaires \u00e0 votre magasin et commandez d\u00e8s aujourd&rsquo;hui.<\/strong><\/div>\n<p style=\"margin: 0px 0px 0.5em; line-height: 22.4px; font-size: 16px;\"><\/p>\n","protected":false},"excerpt":{"rendered":"<p>Les diffuseurs de rotin sont faciles \u00e0 vendre&#8230;&nbsp; Avec un diffuseur de rotin, il n&rsquo;y a pas de fum\u00e9e, de cire qui coule ou d&rsquo;anxi\u00e9t\u00e9 li\u00e9e aux bougies allum\u00e9es.&nbsp; Les diffuseurs de rotin sont donc id\u00e9aux pour les enfants et les animaux. Nous vous proposons ici une vente en gros de 500g de Diffuseurs de [&hellip;]<\/p>\n","protected":false},"featured_media":391560,"comment_status":"closed","ping_status":"open","template":"","meta":{"_angie_page":false},"product_brand":[],"product_cat":[16450,16540],"product_tag":[],"class_list":{"0":"post-224544","1":"product","2":"type-product","3":"status-publish","4":"has-post-thumbnail","6":"product_cat-aromatherapie-et-parfums-d-ambiance","7":"product_cat-bouteilles-en-verre-et-accessoires","8":"pa_collection-bulk-reed-diffusers-sticks-fr","9":"pa_made-in-indonesie","10":"pa_size-500g","12":"first","13":"instock","14":"purchasable","15":"product-type-simple"},"supplier_id":null,"supplier_sku":"Rreed-12","barcode":null,"atum_controlled":true,"out_stock_date":null,"out_stock_threshold":null,"inheritable":false,"inbound_stock":null,"stock_on_hold":0,"sold_today":0,"sales_last_days":0,"reserved_stock":null,"customer_returns":null,"warehouse_damage":null,"lost_in_post":null,"other_logs":null,"out_stock_days":0,"lost_sales":0,"has_location":null,"update_date":"2026-04-27T07:19:52","atum_locations":[],"atum_stock_status":"instock","restock_status":false,"low_stock_amount":"","sales_update_date":"2026-01-30T01:24:50","calc_backorders":null,"_links":{"self":[{"href":"https:\/\/aromasentia.com\/fr\/wp-json\/wp\/v2\/product\/224544","targetHints":{"allow":["GET"]}}],"collection":[{"href":"https:\/\/aromasentia.com\/fr\/wp-json\/wp\/v2\/product"}],"about":[{"href":"https:\/\/aromasentia.com\/fr\/wp-json\/wp\/v2\/types\/product"}],"replies":[{"embeddable":true,"href":"https:\/\/aromasentia.com\/fr\/wp-json\/wp\/v2\/comments?post=224544"}],"version-history":[{"count":0,"href":"https:\/\/aromasentia.com\/fr\/wp-json\/wp\/v2\/product\/224544\/revisions"}],"wp:featuredmedia":[{"embeddable":true,"href":"https:\/\/aromasentia.com\/fr\/wp-json\/wp\/v2\/media\/391560"}],"wp:attachment":[{"href":"https:\/\/aromasentia.com\/fr\/wp-json\/wp\/v2\/media?parent=224544"}],"wp:term":[{"taxonomy":"product_brand","embeddable":true,"href":"https:\/\/aromasentia.com\/fr\/wp-json\/wp\/v2\/product_brand?post=224544"},{"taxonomy":"product_cat","embeddable":true,"href":"https:\/\/aromasentia.com\/fr\/wp-json\/wp\/v2\/product_cat?post=224544"},{"taxonomy":"product_tag","embeddable":true,"href":"https:\/\/aromasentia.com\/fr\/wp-json\/wp\/v2\/product_tag?post=224544"}],"curies":[{"name":"wp","href":"https:\/\/api.w.org\/{rel}","templated":true}]}}