{"id":224540,"date":"2025-03-22T16:59:25","date_gmt":"2025-03-22T16:59:25","guid":{"rendered":"https:\/\/aromasentia.com\/product\/dark-brown-reed-diffuser-sticks-25cm-x-3mm-500gms\/"},"modified":"2025-12-30T19:09:24","modified_gmt":"2025-12-30T19:09:24","slug":"tiges-de-rotin-marron-fonce-environ-400-500g-25cm-x-3mm","status":"publish","type":"product","link":"https:\/\/aromasentia.com\/fr\/tiges-de-rotin-marron-fonce-environ-400-500g-25cm-x-3mm\/","title":{"rendered":"Tiges de Rotin Marron fonc\u00e9 environ 400\/500g -25cm x 3mm"},"content":{"rendered":"<h1 style=\"text-align: left;\">Cr\u00e9ez une Atmosph\u00e8re Envo\u00fbtante : Tiges de Rotin Marron Fonc\u00e9 &#8211; Environ 400\/500g &#8211; 25cm x 3mm&nbsp;<\/h1>\n<p><\/p>\n<div style=\"text-align: left;\">Plongez dans un monde de parfums exquis avec nos tiges de rotin marron fonc\u00e9. Parfaites pour cr\u00e9er une ambiance chaleureuse et relaxante dans n&rsquo;importe quel espace, ces tiges de 25cm de long et 3mm de diam\u00e8tre sont id\u00e9ales pour la diffusion de vos huiles essentielles pr\u00e9f\u00e9r\u00e9es.&nbsp;<\/div>\n<p><\/p>\n<h2 style=\"text-align: left;\">Naturelles et \u00e9l\u00e9gantes :<\/h2>\n<div style=\"text-align: left;\">Fabriqu\u00e9es \u00e0 partir de rotin de haute qualit\u00e9, ces tiges ajoutent une touche de sophistication naturelle \u00e0 votre d\u00e9coration int\u00e9rieure.&nbsp;<\/div>\n<p><\/p>\n<h2 style=\"text-align: left;\">Polyvalentes et Pratiques :<\/h2>\n<div style=\"text-align: left;\">Avec environ 400 \u00e0 500g de tiges par lot, vous aurez amplement de mat\u00e9riel pour vos projets de diffusion. Leur taille de 25cm les rend parfaites pour une utilisation dans une vari\u00e9t\u00e9 de diffuseurs et de bouteilles de parfum.&nbsp;<\/div>\n<p><\/p>\n<div style=\"text-align: left;\"><strong><span style=\"color: rgb(141, 186, 216);\">Commandez d\u00e8s aujourd&rsquo;hui et laissez-vous transporter par leurs ar\u00f4mes envo\u00fbtants.<\/span><\/strong><\/div>\n<p><\/p>\n<p style=\"margin: 0px 0px 0.5em; line-height: 22.4px; font-size: 16px;\"><em>Remarque : &nbsp;<\/em>Les tiges sont color\u00e9s. Merci de noter que la couleur peut se transf\u00e9rer au liquide.<\/p>\n","protected":false},"excerpt":{"rendered":"<p>Cr\u00e9ez une Atmosph\u00e8re Envo\u00fbtante : Tiges de Rotin Marron Fonc\u00e9 &#8211; Environ 400\/500g &#8211; 25cm x 3mm&nbsp; Plongez dans un monde de parfums exquis avec nos tiges de rotin marron fonc\u00e9. Parfaites pour cr\u00e9er une ambiance chaleureuse et relaxante dans n&rsquo;importe quel espace, ces tiges de 25cm de long et 3mm de diam\u00e8tre sont id\u00e9ales [&hellip;]<\/p>\n","protected":false},"featured_media":391892,"comment_status":"closed","ping_status":"open","template":"","meta":{"_angie_page":false},"product_brand":[],"product_cat":[16450,16540],"product_tag":[],"class_list":{"0":"post-224540","1":"product","2":"type-product","3":"status-publish","4":"has-post-thumbnail","6":"product_cat-aromatherapie-et-parfums-d-ambiance","7":"product_cat-bouteilles-en-verre-et-accessoires","8":"pa_collection-bulk-reed-diffusers-sticks-fr","9":"pa_made-in-indonesie","10":"pa_size-500g","12":"first","13":"instock","14":"purchasable","15":"product-type-simple"},"supplier_id":null,"supplier_sku":"Rreed-11","barcode":null,"atum_controlled":true,"out_stock_date":null,"out_stock_threshold":null,"inheritable":false,"inbound_stock":null,"stock_on_hold":0,"sold_today":0,"sales_last_days":0,"reserved_stock":null,"customer_returns":null,"warehouse_damage":null,"lost_in_post":null,"other_logs":null,"out_stock_days":0,"lost_sales":0,"has_location":null,"update_date":"2026-04-27T07:19:52","atum_locations":[],"atum_stock_status":"instock","restock_status":false,"low_stock_amount":"","sales_update_date":"2026-01-30T01:24:32","calc_backorders":null,"_links":{"self":[{"href":"https:\/\/aromasentia.com\/fr\/wp-json\/wp\/v2\/product\/224540","targetHints":{"allow":["GET"]}}],"collection":[{"href":"https:\/\/aromasentia.com\/fr\/wp-json\/wp\/v2\/product"}],"about":[{"href":"https:\/\/aromasentia.com\/fr\/wp-json\/wp\/v2\/types\/product"}],"replies":[{"embeddable":true,"href":"https:\/\/aromasentia.com\/fr\/wp-json\/wp\/v2\/comments?post=224540"}],"version-history":[{"count":0,"href":"https:\/\/aromasentia.com\/fr\/wp-json\/wp\/v2\/product\/224540\/revisions"}],"wp:featuredmedia":[{"embeddable":true,"href":"https:\/\/aromasentia.com\/fr\/wp-json\/wp\/v2\/media\/391892"}],"wp:attachment":[{"href":"https:\/\/aromasentia.com\/fr\/wp-json\/wp\/v2\/media?parent=224540"}],"wp:term":[{"taxonomy":"product_brand","embeddable":true,"href":"https:\/\/aromasentia.com\/fr\/wp-json\/wp\/v2\/product_brand?post=224540"},{"taxonomy":"product_cat","embeddable":true,"href":"https:\/\/aromasentia.com\/fr\/wp-json\/wp\/v2\/product_cat?post=224540"},{"taxonomy":"product_tag","embeddable":true,"href":"https:\/\/aromasentia.com\/fr\/wp-json\/wp\/v2\/product_tag?post=224540"}],"curies":[{"name":"wp","href":"https:\/\/api.w.org\/{rel}","templated":true}]}}