{"id":224532,"date":"2025-03-22T16:59:25","date_gmt":"2025-03-22T16:59:25","guid":{"rendered":"https:\/\/aromasentia.com\/product\/purple-reed-diffuser-sticks-25cm-x-3mm-500gms\/"},"modified":"2025-06-23T18:33:34","modified_gmt":"2025-06-23T18:33:34","slug":"tiges-de-rotin-violettes-environ-400-500g-25cm-x-3mm","status":"publish","type":"product","link":"https:\/\/aromasentia.com\/fr\/tiges-de-rotin-violettes-environ-400-500g-25cm-x-3mm\/","title":{"rendered":"Tiges de Rotin Violettes environ 400\/500g &#8211; 25cm x 3mm"},"content":{"rendered":"<h1 style=\"text-align: left;\">Offrez une exp\u00e9rience parfum\u00e9e envo\u00fbtante avec nos tiges de rotin violettes.<\/h1>\n<div style=\"text-align: left;\">Chaque lot de <strong>400\/500g<\/strong> offre des tiges de<strong>&nbsp;25cm x 3mm<\/strong>, id\u00e9ales pour une diffusion subtile et \u00e9l\u00e9gante de vos parfums pr\u00e9f\u00e9r\u00e9s.&nbsp;<\/div>\n<div style=\"text-align: left;\">Leur teinte violette vibrante ajoute une touche de myst\u00e8re et de sophistication \u00e0 chaque espace, cr\u00e9ant ainsi une ambiance captivante et unique.&nbsp;<\/div>\n<div style=\"text-align: left;\">Transformez vos diffuseurs en \u0153uvres d&rsquo;art parfum\u00e9es et ravissez vos clients avec des ar\u00f4mes exquis.&nbsp;<\/div>\n<p><\/p>\n<div style=\"text-align: left;\"><strong><span style=\"color: rgb(147, 101, 184);\">Commandez d\u00e8s aujourd&rsquo;hui pour \u00e9lever votre exp\u00e9rience parfum\u00e9e \u00e0 un niveau sup\u00e9rieur.<\/span><\/strong><\/div>\n<p style=\"margin: 0px 0px 0.5em; line-height: 22.4px; font-size: 16px;\"><em>Remarque : &nbsp;<\/em>Les tiges sont color\u00e9s. Merci de noter que la couleur peut se transf\u00e9rer au liquide.<\/p>\n","protected":false},"excerpt":{"rendered":"<p>Offrez une exp\u00e9rience parfum\u00e9e envo\u00fbtante avec nos tiges de rotin violettes. Chaque lot de 400\/500g offre des tiges de&nbsp;25cm x 3mm, id\u00e9ales pour une diffusion subtile et \u00e9l\u00e9gante de vos parfums pr\u00e9f\u00e9r\u00e9s.&nbsp; Leur teinte violette vibrante ajoute une touche de myst\u00e8re et de sophistication \u00e0 chaque espace, cr\u00e9ant ainsi une ambiance captivante et unique.&nbsp; Transformez [&hellip;]<\/p>\n","protected":false},"featured_media":391793,"comment_status":"closed","ping_status":"open","template":"","meta":{"_angie_page":false},"product_brand":[],"product_cat":[16450,16540],"product_tag":[],"class_list":{"0":"post-224532","1":"product","2":"type-product","3":"status-publish","4":"has-post-thumbnail","6":"product_cat-aromatherapie-et-parfums-d-ambiance","7":"product_cat-bouteilles-en-verre-et-accessoires","8":"pa_collection-bulk-reed-diffusers-sticks-fr","9":"pa_made-in-indonesie","10":"pa_size-500g","12":"first","13":"instock","14":"purchasable","15":"product-type-simple"},"supplier_id":null,"supplier_sku":"Rreed-09","barcode":null,"atum_controlled":true,"out_stock_date":null,"out_stock_threshold":null,"inheritable":false,"inbound_stock":null,"stock_on_hold":0,"sold_today":0,"sales_last_days":0,"reserved_stock":null,"customer_returns":null,"warehouse_damage":null,"lost_in_post":null,"other_logs":null,"out_stock_days":0,"lost_sales":0,"has_location":null,"update_date":"2026-04-27T07:19:52","atum_locations":[],"atum_stock_status":"instock","restock_status":false,"low_stock_amount":"","sales_update_date":"2026-01-30T01:26:00","calc_backorders":null,"_links":{"self":[{"href":"https:\/\/aromasentia.com\/fr\/wp-json\/wp\/v2\/product\/224532","targetHints":{"allow":["GET"]}}],"collection":[{"href":"https:\/\/aromasentia.com\/fr\/wp-json\/wp\/v2\/product"}],"about":[{"href":"https:\/\/aromasentia.com\/fr\/wp-json\/wp\/v2\/types\/product"}],"replies":[{"embeddable":true,"href":"https:\/\/aromasentia.com\/fr\/wp-json\/wp\/v2\/comments?post=224532"}],"version-history":[{"count":0,"href":"https:\/\/aromasentia.com\/fr\/wp-json\/wp\/v2\/product\/224532\/revisions"}],"wp:featuredmedia":[{"embeddable":true,"href":"https:\/\/aromasentia.com\/fr\/wp-json\/wp\/v2\/media\/391793"}],"wp:attachment":[{"href":"https:\/\/aromasentia.com\/fr\/wp-json\/wp\/v2\/media?parent=224532"}],"wp:term":[{"taxonomy":"product_brand","embeddable":true,"href":"https:\/\/aromasentia.com\/fr\/wp-json\/wp\/v2\/product_brand?post=224532"},{"taxonomy":"product_cat","embeddable":true,"href":"https:\/\/aromasentia.com\/fr\/wp-json\/wp\/v2\/product_cat?post=224532"},{"taxonomy":"product_tag","embeddable":true,"href":"https:\/\/aromasentia.com\/fr\/wp-json\/wp\/v2\/product_tag?post=224532"}],"curies":[{"name":"wp","href":"https:\/\/api.w.org\/{rel}","templated":true}]}}