{"id":224528,"date":"2025-03-22T16:59:25","date_gmt":"2025-03-22T16:59:25","guid":{"rendered":"https:\/\/aromasentia.com\/product\/pink-reed-diffuser-sticks-25cm-x-3mm-500gms\/"},"modified":"2025-06-23T18:33:34","modified_gmt":"2025-06-23T18:33:34","slug":"tiges-de-rotin-fuschia-environ-400-500g-25cm-x-3mm","status":"publish","type":"product","link":"https:\/\/aromasentia.com\/fr\/tiges-de-rotin-fuschia-environ-400-500g-25cm-x-3mm\/","title":{"rendered":"Tiges de Rotin Fuschia environ 400\/500g &#8211; 25cm x 3mm"},"content":{"rendered":"<h1 style=\"text-align: left;\">Plongez dans un monde de parfums vibrants avec nos tiges de rotin fuchsia.&nbsp;<\/h1>\n<div style=\"text-align: left;\">Chaque lot de <strong>400\/500g<\/strong> offre une abondance de tiges mesurant<strong>&nbsp;25cm x 3mm<\/strong>, parfaites pour une diffusion efficace et \u00e9l\u00e9gante de vos fragrances pr\u00e9f\u00e9r\u00e9es.&nbsp;<\/div>\n<p><\/p>\n<div style=\"text-align: left;\">Ajoutez une touche de couleur et d&rsquo;\u00e9l\u00e9gance \u00e0 vos diffuseurs pour cr\u00e9er une ambiance unique et captivante.&nbsp;<\/div>\n<p><strong><span style=\"color: rgb(141, 186, 216);\"><br \/><\/span><\/strong><\/p>\n<div style=\"text-align: left;\"><strong><span style=\"color: rgb(141, 186, 216);\">Commandez d\u00e8s aujourd&rsquo;hui et transformez chaque espace en un havre de parfums envo\u00fbtants.<\/span><\/strong><\/div>\n<p><strong><span style=\"color: rgb(141, 186, 216);\"><\/span><\/strong><em><br \/><\/em><\/p>\n<p style=\"margin: 0px 0px 0.5em; line-height: 22.4px; font-size: 16px;\"><em>Remarque : &nbsp;Les tiges sont color\u00e9es. Merci de noter que la couleur peut se transf\u00e9rer au liquide.<\/em><\/p>\n","protected":false},"excerpt":{"rendered":"<p>Plongez dans un monde de parfums vibrants avec nos tiges de rotin fuchsia.&nbsp; Chaque lot de 400\/500g offre une abondance de tiges mesurant&nbsp;25cm x 3mm, parfaites pour une diffusion efficace et \u00e9l\u00e9gante de vos fragrances pr\u00e9f\u00e9r\u00e9es.&nbsp; Ajoutez une touche de couleur et d&rsquo;\u00e9l\u00e9gance \u00e0 vos diffuseurs pour cr\u00e9er une ambiance unique et captivante.&nbsp; Commandez d\u00e8s [&hellip;]<\/p>\n","protected":false},"featured_media":391428,"comment_status":"closed","ping_status":"open","template":"","meta":{"_angie_page":false},"product_brand":[],"product_cat":[16450,16540],"product_tag":[],"class_list":{"0":"post-224528","1":"product","2":"type-product","3":"status-publish","4":"has-post-thumbnail","6":"product_cat-aromatherapie-et-parfums-d-ambiance","7":"product_cat-bouteilles-en-verre-et-accessoires","8":"pa_collection-bulk-reed-diffusers-sticks-fr","9":"pa_made-in-indonesie","10":"pa_size-500g","12":"first","13":"instock","14":"purchasable","15":"product-type-simple"},"supplier_id":null,"supplier_sku":"Rreed-08","barcode":null,"atum_controlled":true,"out_stock_date":null,"out_stock_threshold":null,"inheritable":false,"inbound_stock":null,"stock_on_hold":0,"sold_today":0,"sales_last_days":0,"reserved_stock":null,"customer_returns":null,"warehouse_damage":null,"lost_in_post":null,"other_logs":null,"out_stock_days":0,"lost_sales":0,"has_location":null,"update_date":"2026-04-27T07:19:52","atum_locations":[],"atum_stock_status":"instock","restock_status":false,"low_stock_amount":"","sales_update_date":"2026-01-30T01:26:27","calc_backorders":null,"_links":{"self":[{"href":"https:\/\/aromasentia.com\/fr\/wp-json\/wp\/v2\/product\/224528","targetHints":{"allow":["GET"]}}],"collection":[{"href":"https:\/\/aromasentia.com\/fr\/wp-json\/wp\/v2\/product"}],"about":[{"href":"https:\/\/aromasentia.com\/fr\/wp-json\/wp\/v2\/types\/product"}],"replies":[{"embeddable":true,"href":"https:\/\/aromasentia.com\/fr\/wp-json\/wp\/v2\/comments?post=224528"}],"version-history":[{"count":0,"href":"https:\/\/aromasentia.com\/fr\/wp-json\/wp\/v2\/product\/224528\/revisions"}],"wp:featuredmedia":[{"embeddable":true,"href":"https:\/\/aromasentia.com\/fr\/wp-json\/wp\/v2\/media\/391428"}],"wp:attachment":[{"href":"https:\/\/aromasentia.com\/fr\/wp-json\/wp\/v2\/media?parent=224528"}],"wp:term":[{"taxonomy":"product_brand","embeddable":true,"href":"https:\/\/aromasentia.com\/fr\/wp-json\/wp\/v2\/product_brand?post=224528"},{"taxonomy":"product_cat","embeddable":true,"href":"https:\/\/aromasentia.com\/fr\/wp-json\/wp\/v2\/product_cat?post=224528"},{"taxonomy":"product_tag","embeddable":true,"href":"https:\/\/aromasentia.com\/fr\/wp-json\/wp\/v2\/product_tag?post=224528"}],"curies":[{"name":"wp","href":"https:\/\/api.w.org\/{rel}","templated":true}]}}