{"id":224520,"date":"2025-03-22T16:59:25","date_gmt":"2025-03-22T16:59:25","guid":{"rendered":"https:\/\/aromasentia.com\/product\/pack-of-3-5mm-indonesia-reed-diffuser-sticks-approx-100-sticks\/"},"modified":"2025-06-23T18:33:33","modified_gmt":"2025-06-23T18:33:33","slug":"tiges-de-rotin-pour-diffuseurs-3-5-mm-env-100","status":"publish","type":"product","link":"https:\/\/aromasentia.com\/fr\/tiges-de-rotin-pour-diffuseurs-3-5-mm-env-100\/","title":{"rendered":"Tiges de Rotin pour diffuseurs 3.5 mm &#8211; env 100"},"content":{"rendered":"<h1 style=\"text-align: left;\">Am\u00e9liorez votre exp\u00e9rience de parfum de vos diffuseurs avec nos tiges de rotin.&nbsp;<\/h1>\n<div style=\"text-align: left;\">Environ<strong>&nbsp;100 tiges<\/strong> de <strong>3.5 mm<\/strong> offrent une diffusion subtile et efficace de vos parfums pr\u00e9f\u00e9r\u00e9s.&nbsp;<\/div>\n<div style=\"text-align: left;\">Transformez chaque espace en un oasis de fra\u00eecheur et de bien-\u00eatre.&nbsp;<\/div>\n<p><strong><span style=\"color: rgb(141, 186, 216);\"><br \/><\/span><\/strong><\/p>\n<div style=\"text-align: left;\"><strong><span style=\"color: rgb(141, 186, 216);\">Commandez d\u00e8s aujourd&rsquo;hui pour une exp\u00e9rience parfum\u00e9e exceptionnelle.<\/span><\/strong><\/div>\n","protected":false},"excerpt":{"rendered":"<p>Am\u00e9liorez votre exp\u00e9rience de parfum de vos diffuseurs avec nos tiges de rotin.&nbsp; Environ&nbsp;100 tiges de 3.5 mm offrent une diffusion subtile et efficace de vos parfums pr\u00e9f\u00e9r\u00e9s.&nbsp; Transformez chaque espace en un oasis de fra\u00eecheur et de bien-\u00eatre.&nbsp; Commandez d\u00e8s aujourd&rsquo;hui pour une exp\u00e9rience parfum\u00e9e exceptionnelle.<\/p>\n","protected":false},"featured_media":391362,"comment_status":"closed","ping_status":"open","template":"","meta":{"_angie_page":false},"product_brand":[],"product_cat":[16450,16540],"product_tag":[],"class_list":{"0":"post-224520","1":"product","2":"type-product","3":"status-publish","4":"has-post-thumbnail","6":"product_cat-aromatherapie-et-parfums-d-ambiance","7":"product_cat-bouteilles-en-verre-et-accessoires","8":"pa_collection-bulk-reed-diffusers-sticks-fr","9":"pa_made-in-indonesie","11":"first","12":"instock","13":"purchasable","14":"product-type-simple"},"supplier_id":null,"supplier_sku":"Rreed-03","barcode":null,"atum_controlled":true,"out_stock_date":null,"out_stock_threshold":null,"inheritable":false,"inbound_stock":null,"stock_on_hold":0,"sold_today":0,"sales_last_days":0,"reserved_stock":null,"customer_returns":null,"warehouse_damage":null,"lost_in_post":null,"other_logs":null,"out_stock_days":0,"lost_sales":0,"has_location":null,"update_date":"2026-04-28T01:01:01","atum_locations":[],"atum_stock_status":"instock","restock_status":false,"low_stock_amount":"","sales_update_date":"2025-09-03T00:21:36","calc_backorders":null,"_links":{"self":[{"href":"https:\/\/aromasentia.com\/fr\/wp-json\/wp\/v2\/product\/224520","targetHints":{"allow":["GET"]}}],"collection":[{"href":"https:\/\/aromasentia.com\/fr\/wp-json\/wp\/v2\/product"}],"about":[{"href":"https:\/\/aromasentia.com\/fr\/wp-json\/wp\/v2\/types\/product"}],"replies":[{"embeddable":true,"href":"https:\/\/aromasentia.com\/fr\/wp-json\/wp\/v2\/comments?post=224520"}],"version-history":[{"count":0,"href":"https:\/\/aromasentia.com\/fr\/wp-json\/wp\/v2\/product\/224520\/revisions"}],"wp:featuredmedia":[{"embeddable":true,"href":"https:\/\/aromasentia.com\/fr\/wp-json\/wp\/v2\/media\/391362"}],"wp:attachment":[{"href":"https:\/\/aromasentia.com\/fr\/wp-json\/wp\/v2\/media?parent=224520"}],"wp:term":[{"taxonomy":"product_brand","embeddable":true,"href":"https:\/\/aromasentia.com\/fr\/wp-json\/wp\/v2\/product_brand?post=224520"},{"taxonomy":"product_cat","embeddable":true,"href":"https:\/\/aromasentia.com\/fr\/wp-json\/wp\/v2\/product_cat?post=224520"},{"taxonomy":"product_tag","embeddable":true,"href":"https:\/\/aromasentia.com\/fr\/wp-json\/wp\/v2\/product_tag?post=224520"}],"curies":[{"name":"wp","href":"https:\/\/api.w.org\/{rel}","templated":true}]}}