{"id":224272,"date":"2025-03-22T16:59:35","date_gmt":"2025-03-22T16:59:35","guid":{"rendered":"https:\/\/aromasentia.com\/product\/10-ml-sweet-pea-fragrance-oil-unlabelled\/"},"modified":"2025-12-30T19:08:41","modified_gmt":"2025-12-30T19:08:41","slug":"pois-de-senteur-huile-parfumee-10ml-sans-etiquette","status":"publish","type":"product","link":"https:\/\/aromasentia.com\/fr\/pois-de-senteur-huile-parfumee-10ml-sans-etiquette\/","title":{"rendered":"Pois de Senteur &#8211; Huile Parfum\u00e9e 10ml &#8211; Sans Etiquette"},"content":{"rendered":"<p><strong><span style=\"color: rgb(97, 189, 109);\">Les huiles de parfum de pois de senteur<\/span><\/strong> sans \u00e9tiquette en gros sont tr\u00e8s durables car elles sont dilu\u00e9es avec une autre huile \u00e0 base de dipropyl\u00e8ne glycol (DPG).&nbsp;<\/p>\n<p>Le DPG est une huile de support couramment utilis\u00e9e pour couper les huiles de parfum afin de les rendre plus efficaces. De plus, son odeur magnifique et distinctive attirera certainement l&rsquo;attention des clients.&nbsp;<\/p>\n<p><strong><span style=\"color: rgb(75, 80, 88);\">Notes de t\u00eate : Notes vertes, N\u00e9roli, Jacinthe&nbsp;<\/span><\/strong><\/p>\n<p><span style=\"color: rgb(75, 80, 88);\"><strong>Notes de c\u0153ur : Gard\u00e9nia, Ylang, Pois de senteur, Rose, Lys&nbsp;<\/strong><\/span><\/p>\n<p><strong><span style=\"color: rgb(75, 80, 88);\">Notes de fond : Musc <\/span><\/strong><\/p>\n<p>Chaque lot de 10 huiles est emball\u00e9 dans sa propre bo\u00eete en carton.&nbsp;<\/p>\n<p>Il y a 10 flacons non \u00e9tiquet\u00e9s de 10 ml par bo\u00eete.<\/p>\n","protected":false},"excerpt":{"rendered":"<p>Les huiles de parfum de pois de senteur sans \u00e9tiquette en gros sont tr\u00e8s durables car elles sont dilu\u00e9es avec une autre huile \u00e0 base de dipropyl\u00e8ne glycol (DPG).&nbsp; Le DPG est une huile de support couramment utilis\u00e9e pour couper les huiles de parfum afin de les rendre plus efficaces. De plus, son odeur magnifique [&hellip;]<\/p>\n","protected":false},"featured_media":394235,"comment_status":"closed","ping_status":"open","template":"","meta":{"_angie_page":false},"product_brand":[],"product_cat":[16450,16468],"product_tag":[],"class_list":{"0":"post-224272","1":"product","2":"type-product","3":"status-publish","4":"has-post-thumbnail","6":"product_cat-aromatherapie-et-parfums-d-ambiance","7":"product_cat-huiles-parfumees","8":"pa_collection-ancient-wisdom-fragrance-oils-unlabelled-fr","9":"pa_made-in-royaume-uni","10":"pa_size-10ml","12":"first","13":"instock","14":"purchasable","15":"product-type-simple"},"supplier_id":null,"supplier_sku":"ULFO-60","barcode":null,"atum_controlled":true,"out_stock_date":null,"out_stock_threshold":null,"inheritable":false,"inbound_stock":null,"stock_on_hold":0,"sold_today":0,"sales_last_days":0,"reserved_stock":null,"customer_returns":null,"warehouse_damage":null,"lost_in_post":null,"other_logs":null,"out_stock_days":0,"lost_sales":0,"has_location":null,"update_date":"2026-05-08T05:21:27","atum_locations":[],"atum_stock_status":"instock","restock_status":false,"low_stock_amount":"","sales_update_date":"2026-01-30T01:25:40","calc_backorders":null,"_links":{"self":[{"href":"https:\/\/aromasentia.com\/fr\/wp-json\/wp\/v2\/product\/224272","targetHints":{"allow":["GET"]}}],"collection":[{"href":"https:\/\/aromasentia.com\/fr\/wp-json\/wp\/v2\/product"}],"about":[{"href":"https:\/\/aromasentia.com\/fr\/wp-json\/wp\/v2\/types\/product"}],"replies":[{"embeddable":true,"href":"https:\/\/aromasentia.com\/fr\/wp-json\/wp\/v2\/comments?post=224272"}],"version-history":[{"count":0,"href":"https:\/\/aromasentia.com\/fr\/wp-json\/wp\/v2\/product\/224272\/revisions"}],"wp:featuredmedia":[{"embeddable":true,"href":"https:\/\/aromasentia.com\/fr\/wp-json\/wp\/v2\/media\/394235"}],"wp:attachment":[{"href":"https:\/\/aromasentia.com\/fr\/wp-json\/wp\/v2\/media?parent=224272"}],"wp:term":[{"taxonomy":"product_brand","embeddable":true,"href":"https:\/\/aromasentia.com\/fr\/wp-json\/wp\/v2\/product_brand?post=224272"},{"taxonomy":"product_cat","embeddable":true,"href":"https:\/\/aromasentia.com\/fr\/wp-json\/wp\/v2\/product_cat?post=224272"},{"taxonomy":"product_tag","embeddable":true,"href":"https:\/\/aromasentia.com\/fr\/wp-json\/wp\/v2\/product_tag?post=224272"}],"curies":[{"name":"wp","href":"https:\/\/api.w.org\/{rel}","templated":true}]}}