{"id":224152,"date":"2025-03-22T16:59:35","date_gmt":"2025-03-22T16:59:35","guid":{"rendered":"https:\/\/aromasentia.com\/product\/10ml-vanilla-fragrance-oil-unlabelled\/"},"modified":"2025-12-30T19:08:19","modified_gmt":"2025-12-30T19:08:19","slug":"vanille-huile-parfumee-10ml-sans-etiquette","status":"publish","type":"product","link":"https:\/\/aromasentia.com\/fr\/vanille-huile-parfumee-10ml-sans-etiquette\/","title":{"rendered":"Vanille &#8211; Huile Parfum\u00e9e 10ml &#8211; Sans Etiquette"},"content":{"rendered":"<p><strong><span style=\"color: rgb(247, 218, 100);\">Les huiles de parfum Vanille&nbsp;<\/span><\/strong>sans \u00e9tiquette sont tr\u00e8s durables car elles sont dilu\u00e9es avec une autre huile \u00e0 base de dipropyl\u00e8ne glycol (DPG). Le DPG est une huile de support couramment utilis\u00e9e pour couper les huiles de parfum afin de les rendre plus efficaces. De plus, son odeur magnifique et distinctive attirera certainement l&rsquo;attention des clients.&nbsp;<\/p>\n<p><strong><span style=\"color: rgb(75, 80, 88);\">Notes de t\u00eate : Rose et notes florales&nbsp;<\/span><\/strong><\/p>\n<p><span style=\"color: rgb(75, 80, 88);\"><strong>Notes de c\u0153ur : Musc et h\u00e9liotrope&nbsp;<\/strong><\/span><\/p>\n<p><strong><span style=\"color: rgb(75, 80, 88);\">Notes de fond : Vanille, Ambre <\/span><\/strong><\/p>\n<p>Chaque emballage ext\u00e9rieur de 10 huiles est pr\u00e9sent\u00e9 dans sa propre bo\u00eete en carton. Il y a 10 flacons non \u00e9tiquet\u00e9s de 10 ml par bo\u00eete.<\/p>\n","protected":false},"excerpt":{"rendered":"<p>Les huiles de parfum Vanille&nbsp;sans \u00e9tiquette sont tr\u00e8s durables car elles sont dilu\u00e9es avec une autre huile \u00e0 base de dipropyl\u00e8ne glycol (DPG). Le DPG est une huile de support couramment utilis\u00e9e pour couper les huiles de parfum afin de les rendre plus efficaces. De plus, son odeur magnifique et distinctive attirera certainement l&rsquo;attention des [&hellip;]<\/p>\n","protected":false},"featured_media":393725,"comment_status":"closed","ping_status":"open","template":"","meta":{"_angie_page":false},"product_brand":[],"product_cat":[16450,16468],"product_tag":[],"class_list":{"0":"post-224152","1":"product","2":"type-product","3":"status-publish","4":"has-post-thumbnail","6":"product_cat-aromatherapie-et-parfums-d-ambiance","7":"product_cat-huiles-parfumees","8":"pa_collection-ancient-wisdom-fragrance-oils-unlabelled-fr","9":"pa_made-in-royaume-uni","10":"pa_size-10ml","12":"first","13":"instock","14":"purchasable","15":"product-type-simple"},"supplier_id":null,"supplier_sku":"ULFO-61","barcode":null,"atum_controlled":true,"out_stock_date":null,"out_stock_threshold":null,"inheritable":false,"inbound_stock":null,"stock_on_hold":0,"sold_today":0,"sales_last_days":0,"reserved_stock":null,"customer_returns":null,"warehouse_damage":null,"lost_in_post":null,"other_logs":null,"out_stock_days":0,"lost_sales":0,"has_location":null,"update_date":"2026-04-27T07:25:52","atum_locations":[],"atum_stock_status":"instock","restock_status":false,"low_stock_amount":"","sales_update_date":"2025-09-03T00:21:18","calc_backorders":null,"_links":{"self":[{"href":"https:\/\/aromasentia.com\/fr\/wp-json\/wp\/v2\/product\/224152","targetHints":{"allow":["GET"]}}],"collection":[{"href":"https:\/\/aromasentia.com\/fr\/wp-json\/wp\/v2\/product"}],"about":[{"href":"https:\/\/aromasentia.com\/fr\/wp-json\/wp\/v2\/types\/product"}],"replies":[{"embeddable":true,"href":"https:\/\/aromasentia.com\/fr\/wp-json\/wp\/v2\/comments?post=224152"}],"version-history":[{"count":0,"href":"https:\/\/aromasentia.com\/fr\/wp-json\/wp\/v2\/product\/224152\/revisions"}],"wp:featuredmedia":[{"embeddable":true,"href":"https:\/\/aromasentia.com\/fr\/wp-json\/wp\/v2\/media\/393725"}],"wp:attachment":[{"href":"https:\/\/aromasentia.com\/fr\/wp-json\/wp\/v2\/media?parent=224152"}],"wp:term":[{"taxonomy":"product_brand","embeddable":true,"href":"https:\/\/aromasentia.com\/fr\/wp-json\/wp\/v2\/product_brand?post=224152"},{"taxonomy":"product_cat","embeddable":true,"href":"https:\/\/aromasentia.com\/fr\/wp-json\/wp\/v2\/product_cat?post=224152"},{"taxonomy":"product_tag","embeddable":true,"href":"https:\/\/aromasentia.com\/fr\/wp-json\/wp\/v2\/product_tag?post=224152"}],"curies":[{"name":"wp","href":"https:\/\/api.w.org\/{rel}","templated":true}]}}