{"id":224076,"date":"2025-03-22T16:59:35","date_gmt":"2025-03-22T16:59:35","guid":{"rendered":"https:\/\/aromasentia.com\/product\/10ml-blackberry-fragrance-oil-unlabelled\/"},"modified":"2025-12-30T19:08:05","modified_gmt":"2025-12-30T19:08:05","slug":"mure-huile-parfumee-10ml-sans-etiquette","status":"publish","type":"product","link":"https:\/\/aromasentia.com\/fr\/mure-huile-parfumee-10ml-sans-etiquette\/","title":{"rendered":"Mure &#8211; Huile Parfum\u00e9e 10ml &#8211; Sans Etiquette"},"content":{"rendered":"<p><strong><span style=\"color: rgb(147, 101, 184);\">Les huiles Parfum\u00e9es M\u00fbre<\/span><span style=\"color: rgb(235, 107, 86);\">&nbsp;<\/span><\/strong>sans \u00e9tiquette en gros sont tr\u00e8s durables car elles sont dilu\u00e9es avec une autre huile \u00e0 base de dipropyl\u00e8ne glycol (DPG).&nbsp;<\/p>\n<p>Le DPG est une huile de support couramment utilis\u00e9e pour couper les huiles de parfum afin de les rendre plus efficaces. De plus, son magnifique parfum distinctif attirera certainement l&rsquo;attention des clients.&nbsp;<\/p>\n<p><strong><span style=\"color: rgb(75, 80, 88);\">Notes de t\u00eate : Fruit\u00e9es<\/span><\/strong><\/p>\n<p><b style=\"color: rgb(75, 80, 88);\">Notes de c\u0153ur : Framboise, Myrtille, Florale<\/b><\/p>\n<p><strong><span style=\"color: rgb(75, 80, 88);\">Notes de fond : Musc Bois\u00e9<\/span><\/strong><\/p>\n<p>Chaque lot de 10 huiles est emball\u00e9 dans sa propre bo\u00eete en carton.&nbsp;<\/p>\n<p>Il y a 10 flacons de 10 ml non \u00e9tiquet\u00e9s par bo\u00eete.<\/p>\n","protected":false},"excerpt":{"rendered":"<p>Les huiles Parfum\u00e9es M\u00fbre&nbsp;sans \u00e9tiquette en gros sont tr\u00e8s durables car elles sont dilu\u00e9es avec une autre huile \u00e0 base de dipropyl\u00e8ne glycol (DPG).&nbsp; Le DPG est une huile de support couramment utilis\u00e9e pour couper les huiles de parfum afin de les rendre plus efficaces. De plus, son magnifique parfum distinctif attirera certainement l&rsquo;attention des [&hellip;]<\/p>\n","protected":false},"featured_media":393402,"comment_status":"closed","ping_status":"open","template":"","meta":[],"product_brand":[],"product_cat":[16450,26846,16468,26532,25842],"product_tag":[],"class_list":{"0":"post-224076","1":"product","2":"type-product","3":"status-publish","4":"has-post-thumbnail","6":"product_cat-aromatherapie-et-parfums-d-ambiance","7":"product_cat-fruite","8":"product_cat-huiles-parfumees","9":"product_cat-mure","10":"product_cat-senteurs-aromes","11":"pa_collection-ancient-wisdom-fragrance-oils-unlabelled-fr","12":"pa_made-in-royaume-uni","13":"pa_size-10ml","15":"first","16":"instock","17":"purchasable","18":"product-type-simple"},"supplier_id":null,"supplier_sku":"ULFO-07","barcode":null,"atum_controlled":true,"out_stock_date":null,"out_stock_threshold":null,"inheritable":false,"inbound_stock":null,"stock_on_hold":0,"sold_today":0,"sales_last_days":0,"reserved_stock":null,"customer_returns":null,"warehouse_damage":null,"lost_in_post":null,"other_logs":null,"out_stock_days":0,"lost_sales":0,"has_location":null,"update_date":"2026-01-29T22:39:48","atum_locations":[],"atum_stock_status":"instock","restock_status":false,"low_stock_amount":"","sales_update_date":"2025-09-03T00:21:14","calc_backorders":null,"_links":{"self":[{"href":"https:\/\/aromasentia.com\/fr\/wp-json\/wp\/v2\/product\/224076","targetHints":{"allow":["GET"]}}],"collection":[{"href":"https:\/\/aromasentia.com\/fr\/wp-json\/wp\/v2\/product"}],"about":[{"href":"https:\/\/aromasentia.com\/fr\/wp-json\/wp\/v2\/types\/product"}],"replies":[{"embeddable":true,"href":"https:\/\/aromasentia.com\/fr\/wp-json\/wp\/v2\/comments?post=224076"}],"version-history":[{"count":0,"href":"https:\/\/aromasentia.com\/fr\/wp-json\/wp\/v2\/product\/224076\/revisions"}],"wp:featuredmedia":[{"embeddable":true,"href":"https:\/\/aromasentia.com\/fr\/wp-json\/wp\/v2\/media\/393402"}],"wp:attachment":[{"href":"https:\/\/aromasentia.com\/fr\/wp-json\/wp\/v2\/media?parent=224076"}],"wp:term":[{"taxonomy":"product_brand","embeddable":true,"href":"https:\/\/aromasentia.com\/fr\/wp-json\/wp\/v2\/product_brand?post=224076"},{"taxonomy":"product_cat","embeddable":true,"href":"https:\/\/aromasentia.com\/fr\/wp-json\/wp\/v2\/product_cat?post=224076"},{"taxonomy":"product_tag","embeddable":true,"href":"https:\/\/aromasentia.com\/fr\/wp-json\/wp\/v2\/product_tag?post=224076"}],"curies":[{"name":"wp","href":"https:\/\/api.w.org\/{rel}","templated":true}]}}