{"id":224064,"date":"2025-03-22T16:59:35","date_gmt":"2025-03-22T16:59:35","guid":{"rendered":"https:\/\/aromasentia.com\/product\/10ml-arabian-musk-fragrance-oil-unlabelled\/"},"modified":"2025-12-30T19:08:05","modified_gmt":"2025-12-30T19:08:05","slug":"musc-oriental-huile-parfumee-10ml-sans-etiquette","status":"publish","type":"product","link":"https:\/\/aromasentia.com\/fr\/musc-oriental-huile-parfumee-10ml-sans-etiquette\/","title":{"rendered":"Musc Oriental &#8211; Huile Parfum\u00e9e 10ml &#8211; Sans Etiquette"},"content":{"rendered":"<p>Nos huiles parfum\u00e9es sans \u00e9tiquettes b\u00e9n\u00e9ficient d\u2019un excellent rapport qualit\u00e9-prix. Chaque bo\u00eete en carton contient 10 bouteilles d\u2019huile.<\/p>\n<p>Nos huiles parfum\u00e9es de 10ml durent beaucoup plus longtemps car elles sont dilu\u00e9es avec une huile \u00e0 base de dipropyl\u00e8neglycol (DPG). DPG est une huile de base couramment utilis\u00e9e pour diluer les huiles de parfums pures. Mais si vous pr\u00e9f\u00e9rez utiliser des huiles pures, visitez la page des <a href=\"https:\/\/www.aw-cadeaux.com\/fobp\" target=\"_blank\" rel=\"noopener\">huiles de parfums pures.<\/a><\/p>\n<p>10 x 10ml Huiles parfum\u00e9es par paquet<\/p>\n","protected":false},"excerpt":{"rendered":"<p>Nos huiles parfum\u00e9es sans \u00e9tiquettes b\u00e9n\u00e9ficient d\u2019un excellent rapport qualit\u00e9-prix. Chaque bo\u00eete en carton contient 10 bouteilles d\u2019huile. Nos huiles parfum\u00e9es de 10ml durent beaucoup plus longtemps car elles sont dilu\u00e9es avec une huile \u00e0 base de dipropyl\u00e8neglycol (DPG). DPG est une huile de base couramment utilis\u00e9e pour diluer les huiles de parfums pures. Mais [&hellip;]<\/p>\n","protected":false},"featured_media":393351,"comment_status":"closed","ping_status":"open","template":"","meta":[],"product_brand":[],"product_cat":[16450,16468],"product_tag":[],"class_list":{"0":"post-224064","1":"product","2":"type-product","3":"status-publish","4":"has-post-thumbnail","6":"product_cat-aromatherapie-et-parfums-d-ambiance","7":"product_cat-huiles-parfumees","8":"pa_collection-ancient-wisdom-fragrance-oils-unlabelled-fr","9":"pa_made-in-royaume-uni","10":"pa_size-10ml","12":"first","13":"instock","14":"purchasable","15":"product-type-simple"},"supplier_id":null,"supplier_sku":"ULFO-04","barcode":null,"atum_controlled":true,"out_stock_date":null,"out_stock_threshold":null,"inheritable":false,"inbound_stock":null,"stock_on_hold":0,"sold_today":0,"sales_last_days":0,"reserved_stock":null,"customer_returns":null,"warehouse_damage":null,"lost_in_post":null,"other_logs":null,"out_stock_days":0,"lost_sales":0,"has_location":null,"update_date":"2026-02-05T22:39:32","atum_locations":[],"atum_stock_status":"instock","restock_status":false,"low_stock_amount":"","sales_update_date":"2026-01-20T05:14:18","calc_backorders":null,"_links":{"self":[{"href":"https:\/\/aromasentia.com\/fr\/wp-json\/wp\/v2\/product\/224064","targetHints":{"allow":["GET"]}}],"collection":[{"href":"https:\/\/aromasentia.com\/fr\/wp-json\/wp\/v2\/product"}],"about":[{"href":"https:\/\/aromasentia.com\/fr\/wp-json\/wp\/v2\/types\/product"}],"replies":[{"embeddable":true,"href":"https:\/\/aromasentia.com\/fr\/wp-json\/wp\/v2\/comments?post=224064"}],"version-history":[{"count":0,"href":"https:\/\/aromasentia.com\/fr\/wp-json\/wp\/v2\/product\/224064\/revisions"}],"wp:featuredmedia":[{"embeddable":true,"href":"https:\/\/aromasentia.com\/fr\/wp-json\/wp\/v2\/media\/393351"}],"wp:attachment":[{"href":"https:\/\/aromasentia.com\/fr\/wp-json\/wp\/v2\/media?parent=224064"}],"wp:term":[{"taxonomy":"product_brand","embeddable":true,"href":"https:\/\/aromasentia.com\/fr\/wp-json\/wp\/v2\/product_brand?post=224064"},{"taxonomy":"product_cat","embeddable":true,"href":"https:\/\/aromasentia.com\/fr\/wp-json\/wp\/v2\/product_cat?post=224064"},{"taxonomy":"product_tag","embeddable":true,"href":"https:\/\/aromasentia.com\/fr\/wp-json\/wp\/v2\/product_tag?post=224064"}],"curies":[{"name":"wp","href":"https:\/\/api.w.org\/{rel}","templated":true}]}}