{"id":223984,"date":"2025-03-23T10:29:29","date_gmt":"2025-03-23T10:29:29","guid":{"rendered":"https:\/\/aromasentia.com\/product\/aromatica-premium-incense-palo-santo\/"},"modified":"2025-12-30T19:07:57","modified_gmt":"2025-12-30T19:07:57","slug":"batonnet-encens-premium-aromatika-bois-sacre","status":"publish","type":"product","link":"https:\/\/aromasentia.com\/fr\/batonnet-encens-premium-aromatika-bois-sacre\/","title":{"rendered":"B\u00e2tonnet Encens Premium Aromatika &#8211; Bois Sacr\u00e9"},"content":{"rendered":"<p><strong><span style=\"color: rgb(75, 80, 88);\">Ces b\u00e2tons d&rsquo;encens Masala Bois Sacr\u00e9 <\/span><\/strong>naturels sont fabriqu\u00e9s avec une ancienne recette traditionnelle de l&rsquo;Ayurveda de l&rsquo;Inde.&nbsp;<\/p>\n<p>Allumez simplement un b\u00e2ton d&rsquo;encens et attendez que votre maison se transforme avec ces ar\u00f4mes lumineux et \u00e9nergisants. Ces b\u00e2tons d&rsquo;encens Aromatika en gros sont roul\u00e9s \u00e0 la main en Inde \u00e0 l&rsquo;aide de poudre de bois naturelle, de poudre de joss, de gommes, de r\u00e9sines et d&rsquo;huiles aromatiques essentielles.&nbsp;<\/p>\n<p>Ces sticks sont non toxiques, sans produits chimiques. Ces b\u00e2tons d&rsquo;encens donnent de la fum\u00e9e sans charbon. L&rsquo;utilisation de b\u00e2tons d&rsquo;encens est facile, il suffit d&rsquo;allumer l&rsquo;extr\u00e9mit\u00e9 et d&rsquo;attendre qu&rsquo;elle brille et \u00e9teindre la flamme.&nbsp;<\/p>\n<p>Ensuite, placez-le dans un porte-encens et profitez du merveilleux parfum produit. Laissez cet ar\u00f4me remplir votre maison, votre bureau ou votre magasin et cr\u00e9er une atmosph\u00e8re merveilleuse.&nbsp;<\/p>\n<p><strong><span style=\"color: rgb(141, 186, 216);\">Vendu en coffret de 6 hexa pack de 20 sticks.<\/span><\/strong><\/p>\n","protected":false},"excerpt":{"rendered":"<p>Ces b\u00e2tons d&rsquo;encens Masala Bois Sacr\u00e9 naturels sont fabriqu\u00e9s avec une ancienne recette traditionnelle de l&rsquo;Ayurveda de l&rsquo;Inde.&nbsp; Allumez simplement un b\u00e2ton d&rsquo;encens et attendez que votre maison se transforme avec ces ar\u00f4mes lumineux et \u00e9nergisants. Ces b\u00e2tons d&rsquo;encens Aromatika en gros sont roul\u00e9s \u00e0 la main en Inde \u00e0 l&rsquo;aide de poudre de bois [&hellip;]<\/p>\n","protected":false},"featured_media":395915,"comment_status":"closed","ping_status":"open","template":"","meta":[],"product_brand":[27099],"product_cat":[26895,15147,26322,25842],"product_tag":[],"class_list":{"0":"post-223984","1":"product","2":"type-product","3":"status-publish","4":"has-post-thumbnail","6":"product_brand-aromatika","7":"product_cat-boise","8":"product_cat-encens-et-porte-encens","9":"product_cat-palo-santo-scents-aromas","10":"product_cat-senteurs-aromes","11":"pa_made-in-inde","13":"first","14":"outofstock","15":"purchasable","16":"product-type-simple"},"supplier_id":null,"supplier_sku":"ARomI-02","barcode":null,"atum_controlled":true,"out_stock_date":"2025-10-08 12:04:58","out_stock_threshold":null,"inheritable":false,"inbound_stock":null,"stock_on_hold":0,"sold_today":0,"sales_last_days":0,"reserved_stock":null,"customer_returns":null,"warehouse_damage":null,"lost_in_post":null,"other_logs":null,"out_stock_days":120,"lost_sales":0,"has_location":null,"update_date":"2026-02-06T00:00:51","atum_locations":[],"atum_stock_status":"outofstock","restock_status":false,"low_stock_amount":"","sales_update_date":"2026-02-06T00:00:51","calc_backorders":null,"_links":{"self":[{"href":"https:\/\/aromasentia.com\/fr\/wp-json\/wp\/v2\/product\/223984","targetHints":{"allow":["GET"]}}],"collection":[{"href":"https:\/\/aromasentia.com\/fr\/wp-json\/wp\/v2\/product"}],"about":[{"href":"https:\/\/aromasentia.com\/fr\/wp-json\/wp\/v2\/types\/product"}],"replies":[{"embeddable":true,"href":"https:\/\/aromasentia.com\/fr\/wp-json\/wp\/v2\/comments?post=223984"}],"version-history":[{"count":0,"href":"https:\/\/aromasentia.com\/fr\/wp-json\/wp\/v2\/product\/223984\/revisions"}],"wp:featuredmedia":[{"embeddable":true,"href":"https:\/\/aromasentia.com\/fr\/wp-json\/wp\/v2\/media\/395915"}],"wp:attachment":[{"href":"https:\/\/aromasentia.com\/fr\/wp-json\/wp\/v2\/media?parent=223984"}],"wp:term":[{"taxonomy":"product_brand","embeddable":true,"href":"https:\/\/aromasentia.com\/fr\/wp-json\/wp\/v2\/product_brand?post=223984"},{"taxonomy":"product_cat","embeddable":true,"href":"https:\/\/aromasentia.com\/fr\/wp-json\/wp\/v2\/product_cat?post=223984"},{"taxonomy":"product_tag","embeddable":true,"href":"https:\/\/aromasentia.com\/fr\/wp-json\/wp\/v2\/product_tag?post=223984"}],"curies":[{"name":"wp","href":"https:\/\/api.w.org\/{rel}","templated":true}]}}