{"id":223968,"date":"2025-03-23T10:29:29","date_gmt":"2025-03-23T10:29:29","guid":{"rendered":"https:\/\/aromasentia.com\/product\/aromatica-backflow-incense-cones-dragons-blood\/"},"modified":"2025-12-30T19:07:57","modified_gmt":"2025-12-30T19:07:57","slug":"cones-fontaine-aromatika-sang-du-dragon","status":"publish","type":"product","link":"https:\/\/aromasentia.com\/fr\/cones-fontaine-aromatika-sang-du-dragon\/","title":{"rendered":"C\u00f4nes Fontaine Aromatika &#8211; Sang du Dragon"},"content":{"rendered":"<p><strong><span style=\"color: rgb(75, 80, 88);\">Les c\u00f4nes d&rsquo;encens \u00e0 contre-courant Sang du Dragon<\/span><\/strong> en gros sont fabriqu\u00e9s avec des herbes naturelles, des huiles et des r\u00e9sines.&nbsp;<\/p>\n<p>Ces c\u00f4nes sont con&ccedil;us de telle sorte que la fum\u00e9e tombe en cascade pour rehausser la beaut\u00e9 du br\u00fbleur et parfumer votre maison plus longtemps. Une fois que vous avez allum\u00e9 votre c\u00f4ne d&rsquo;encens, il commencera \u00e0 fumer, l&rsquo;encens est plus lourd que l&rsquo;air et il tombera de fa&ccedil;on spectaculaire en tourbillons et en torsions, \u00e0 travers le trou du br\u00fbleur \u00e0 mazout sp\u00e9cial \u00e0 contre-courant et vers le bas sur l&rsquo;article, pour se mettre en commun au fond.&nbsp;<\/p>\n<p>C&rsquo;est incroyable \u00e0 regarder et tr\u00e8s relaxant. Les c\u00f4nes d&rsquo;encens Aromatika Backflow sont les meilleurs pour les praticiens de la m\u00e9ditation, le yoga, l&rsquo;aromath\u00e9rapie.&nbsp;<\/p>\n<p><strong><span style=\"color: rgb(141, 186, 216);\">Vendu dans une bo\u00eete avec pack de 12 bo\u00eetes de 10 c\u00f4nes chacune.<\/span><\/strong><\/p>\n","protected":false},"excerpt":{"rendered":"<p>Les c\u00f4nes d&rsquo;encens \u00e0 contre-courant Sang du Dragon en gros sont fabriqu\u00e9s avec des herbes naturelles, des huiles et des r\u00e9sines.&nbsp; Ces c\u00f4nes sont con&ccedil;us de telle sorte que la fum\u00e9e tombe en cascade pour rehausser la beaut\u00e9 du br\u00fbleur et parfumer votre maison plus longtemps. Une fois que vous avez allum\u00e9 votre c\u00f4ne d&rsquo;encens, [&hellip;]<\/p>\n","protected":false},"featured_media":395815,"comment_status":"closed","ping_status":"open","template":"","meta":[],"product_brand":[],"product_cat":[15328,15147],"product_tag":[],"class_list":{"0":"post-223968","1":"product","2":"type-product","3":"status-publish","4":"has-post-thumbnail","6":"product_cat-cones-d-encens","7":"product_cat-encens-et-porte-encens","8":"pa_collection-aromatika-backflow-incense-cones-fr","9":"pa_made-in-inde","11":"first","12":"instock","13":"purchasable","14":"product-type-simple"},"supplier_id":null,"supplier_sku":"AromaBF-08","barcode":null,"atum_controlled":true,"out_stock_date":null,"out_stock_threshold":null,"inheritable":false,"inbound_stock":null,"stock_on_hold":0,"sold_today":0,"sales_last_days":0,"reserved_stock":null,"customer_returns":null,"warehouse_damage":null,"lost_in_post":null,"other_logs":null,"out_stock_days":0,"lost_sales":0,"has_location":null,"update_date":"2026-02-04T03:14:44","atum_locations":[],"atum_stock_status":"instock","restock_status":false,"low_stock_amount":"","sales_update_date":"2025-10-09T03:23:19","calc_backorders":null,"_links":{"self":[{"href":"https:\/\/aromasentia.com\/fr\/wp-json\/wp\/v2\/product\/223968","targetHints":{"allow":["GET"]}}],"collection":[{"href":"https:\/\/aromasentia.com\/fr\/wp-json\/wp\/v2\/product"}],"about":[{"href":"https:\/\/aromasentia.com\/fr\/wp-json\/wp\/v2\/types\/product"}],"replies":[{"embeddable":true,"href":"https:\/\/aromasentia.com\/fr\/wp-json\/wp\/v2\/comments?post=223968"}],"version-history":[{"count":0,"href":"https:\/\/aromasentia.com\/fr\/wp-json\/wp\/v2\/product\/223968\/revisions"}],"wp:featuredmedia":[{"embeddable":true,"href":"https:\/\/aromasentia.com\/fr\/wp-json\/wp\/v2\/media\/395815"}],"wp:attachment":[{"href":"https:\/\/aromasentia.com\/fr\/wp-json\/wp\/v2\/media?parent=223968"}],"wp:term":[{"taxonomy":"product_brand","embeddable":true,"href":"https:\/\/aromasentia.com\/fr\/wp-json\/wp\/v2\/product_brand?post=223968"},{"taxonomy":"product_cat","embeddable":true,"href":"https:\/\/aromasentia.com\/fr\/wp-json\/wp\/v2\/product_cat?post=223968"},{"taxonomy":"product_tag","embeddable":true,"href":"https:\/\/aromasentia.com\/fr\/wp-json\/wp\/v2\/product_tag?post=223968"}],"curies":[{"name":"wp","href":"https:\/\/api.w.org\/{rel}","templated":true}]}}