{"id":223956,"date":"2025-03-23T10:29:29","date_gmt":"2025-03-23T10:29:29","guid":{"rendered":"https:\/\/aromasentia.com\/product\/aromatica-backflow-incense-cones-sandalwood\/"},"modified":"2025-12-30T19:07:50","modified_gmt":"2025-12-30T19:07:50","slug":"cones-fontaine-aromatika-bois-de-sandal","status":"publish","type":"product","link":"https:\/\/aromasentia.com\/fr\/cones-fontaine-aromatika-bois-de-sandal\/","title":{"rendered":"C\u00f4nes Fontaine Aromatika &#8211; Bois de Sandal"},"content":{"rendered":"<p><strong><span style=\"color: rgb(75, 80, 88);\">Les c\u00f4nes d&rsquo;encens \u00e0 contre-courant&nbsp;<\/span><\/strong> en gros sont fabriqu\u00e9s avec des herbes naturelles, des huiles et des r\u00e9sines.&nbsp;<\/p>\n<p>Ces c\u00f4nes sont con&ccedil;us de telle sorte que la fum\u00e9e tombe en cascade pour rehausser la beaut\u00e9 du br\u00fbleur et parfumer votre maison plus longtemps. Une fois que vous avez allum\u00e9 votre c\u00f4ne d&rsquo;encens, il commencera \u00e0 fumer, l&rsquo;encens est plus lourd que l&rsquo;air et il tombera de fa&ccedil;on spectaculaire en tourbillons et en torsions, \u00e0 travers le trou du br\u00fbleur \u00e0 mazout sp\u00e9cial \u00e0 contre-courant et vers le bas sur l&rsquo;article, pour se mettre en commun au fond.&nbsp;<\/p>\n<p>C&rsquo;est incroyable \u00e0 regarder et tr\u00e8s relaxant. Les c\u00f4nes d&rsquo;encens Aromatika Backflow sont les meilleurs pour les praticiens de la m\u00e9ditation, le yoga, l&rsquo;aromath\u00e9rapie.&nbsp;<\/p>\n<p><strong><span style=\"color: rgb(141, 186, 216);\">Vendu dans une bo\u00eete avec pack de 12 bo\u00eetes de 10 c\u00f4nes chacune.<\/span><\/strong><\/p>\n","protected":false},"excerpt":{"rendered":"<p>Les c\u00f4nes d&rsquo;encens \u00e0 contre-courant&nbsp; en gros sont fabriqu\u00e9s avec des herbes naturelles, des huiles et des r\u00e9sines.&nbsp; Ces c\u00f4nes sont con&ccedil;us de telle sorte que la fum\u00e9e tombe en cascade pour rehausser la beaut\u00e9 du br\u00fbleur et parfumer votre maison plus longtemps. Une fois que vous avez allum\u00e9 votre c\u00f4ne d&rsquo;encens, il commencera \u00e0 [&hellip;]<\/p>\n","protected":false},"featured_media":395732,"comment_status":"closed","ping_status":"open","template":"","meta":{"_angie_page":false},"product_brand":[],"product_cat":[26389,26895,15328,15147,25842],"product_tag":[],"class_list":{"0":"post-223956","1":"product","2":"type-product","3":"status-publish","4":"has-post-thumbnail","6":"product_cat-bois-de-santal","7":"product_cat-boise","8":"product_cat-cones-d-encens","9":"product_cat-encens-et-porte-encens","10":"product_cat-senteurs-aromes","11":"pa_collection-aromatika-backflow-incense-cones-fr","12":"pa_made-in-inde","14":"first","15":"instock","16":"purchasable","17":"product-type-simple"},"supplier_id":null,"supplier_sku":"AromaBF-05","barcode":null,"atum_controlled":true,"out_stock_date":null,"out_stock_threshold":null,"inheritable":false,"inbound_stock":null,"stock_on_hold":0,"sold_today":0,"sales_last_days":0,"reserved_stock":null,"customer_returns":null,"warehouse_damage":null,"lost_in_post":null,"other_logs":null,"out_stock_days":0,"lost_sales":0,"has_location":null,"update_date":"2026-04-27T06:50:28","atum_locations":[],"atum_stock_status":"instock","restock_status":false,"low_stock_amount":"","sales_update_date":"2025-10-09T03:23:19","calc_backorders":null,"_links":{"self":[{"href":"https:\/\/aromasentia.com\/fr\/wp-json\/wp\/v2\/product\/223956","targetHints":{"allow":["GET"]}}],"collection":[{"href":"https:\/\/aromasentia.com\/fr\/wp-json\/wp\/v2\/product"}],"about":[{"href":"https:\/\/aromasentia.com\/fr\/wp-json\/wp\/v2\/types\/product"}],"replies":[{"embeddable":true,"href":"https:\/\/aromasentia.com\/fr\/wp-json\/wp\/v2\/comments?post=223956"}],"version-history":[{"count":0,"href":"https:\/\/aromasentia.com\/fr\/wp-json\/wp\/v2\/product\/223956\/revisions"}],"wp:featuredmedia":[{"embeddable":true,"href":"https:\/\/aromasentia.com\/fr\/wp-json\/wp\/v2\/media\/395732"}],"wp:attachment":[{"href":"https:\/\/aromasentia.com\/fr\/wp-json\/wp\/v2\/media?parent=223956"}],"wp:term":[{"taxonomy":"product_brand","embeddable":true,"href":"https:\/\/aromasentia.com\/fr\/wp-json\/wp\/v2\/product_brand?post=223956"},{"taxonomy":"product_cat","embeddable":true,"href":"https:\/\/aromasentia.com\/fr\/wp-json\/wp\/v2\/product_cat?post=223956"},{"taxonomy":"product_tag","embeddable":true,"href":"https:\/\/aromasentia.com\/fr\/wp-json\/wp\/v2\/product_tag?post=223956"}],"curies":[{"name":"wp","href":"https:\/\/api.w.org\/{rel}","templated":true}]}}