{"id":223928,"date":"2025-03-23T10:29:29","date_gmt":"2025-03-23T10:29:29","guid":{"rendered":"https:\/\/aromasentia.com\/product\/myrrh-resin-250g\/"},"modified":"2025-12-30T19:07:50","modified_gmt":"2025-12-30T19:07:50","slug":"resine-myrrhe-250g","status":"publish","type":"product","link":"https:\/\/aromasentia.com\/fr\/resine-myrrhe-250g\/","title":{"rendered":"R\u00e9sine Myrrhe &#8211; 250g"},"content":{"rendered":"<p><strong><span style=\"color: rgb(75, 80, 88);\">La r\u00e9sine de myrrhe<\/span><\/strong> est un encens dans sa forme la plus pure et la plus naturelle.&nbsp;<\/p>\n<p>Les r\u00e9sines sont recueillies \u00e0 partir de la s\u00e8ve, des racines, de l&rsquo;\u00e9corce ou du bois des arbres, des arbustes et des plantes. Autrefois, certaines sortes de r\u00e9sine \u00e9taient aussi appr\u00e9ci\u00e9es que l&rsquo;or. Elle est utilis\u00e9e depuis des si\u00e8cles lors de c\u00e9r\u00e9monies religieuses et de m\u00e9ditation.&nbsp;<\/p>\n<p>La r\u00e9sine br\u00fblante d\u00e9gage un ar\u00f4me noble et intense, qui est attribu\u00e9 \u00e0 des propri\u00e9t\u00e9s curatives.&nbsp;<\/p>\n<p>Vos clients peuvent litt\u00e9ralement recr\u00e9er l&rsquo;histoire aromatique ancienne dans leur propre maison !&nbsp;<\/p>\n<p>Contrairement aux b\u00e2tons d&rsquo;encens traditionnels, la r\u00e9sine ne br\u00fble pas d&rsquo;elle-m\u00eame. Elle n\u00e9cessite des tablettes de charbon de bois pour le chauffer et un br\u00fbleur traditionnel pour le br\u00fbler en toute s\u00e9curit\u00e9.&nbsp;<\/p>\n<p><strong><span style=\"color: rgb(141, 186, 216);\">Apportez le Moyen-Orient mystique dans votre boutique d\u00e8s aujourd&rsquo;hu<\/span><\/strong>i.<\/p>\n","protected":false},"excerpt":{"rendered":"<p>La r\u00e9sine de myrrhe est un encens dans sa forme la plus pure et la plus naturelle.&nbsp; Les r\u00e9sines sont recueillies \u00e0 partir de la s\u00e8ve, des racines, de l&rsquo;\u00e9corce ou du bois des arbres, des arbustes et des plantes. Autrefois, certaines sortes de r\u00e9sine \u00e9taient aussi appr\u00e9ci\u00e9es que l&rsquo;or. Elle est utilis\u00e9e depuis des [&hellip;]<\/p>\n","protected":false},"featured_media":395597,"comment_status":"closed","ping_status":"open","template":"","meta":{"_angie_page":false},"product_brand":[],"product_cat":[15147,26285,15228,26881,25842],"product_tag":[],"class_list":{"0":"post-223928","1":"product","2":"type-product","3":"status-publish","4":"has-post-thumbnail","6":"product_cat-encens-et-porte-encens","7":"product_cat-myrrh","8":"product_cat-resine-d-encens","9":"product_cat-resineux-balsamique","10":"product_cat-senteurs-aromes","11":"pa_collection-bulk-aromatic-resin-fr","12":"pa_made-in-somalie","13":"pa_size-250g-2","15":"first","16":"instock","17":"purchasable","18":"product-type-simple"},"supplier_id":null,"supplier_sku":"AResin-24","barcode":null,"atum_controlled":true,"out_stock_date":null,"out_stock_threshold":null,"inheritable":false,"inbound_stock":null,"stock_on_hold":0,"sold_today":0,"sales_last_days":0,"reserved_stock":null,"customer_returns":null,"warehouse_damage":null,"lost_in_post":null,"other_logs":null,"out_stock_days":0,"lost_sales":0,"has_location":null,"update_date":"2026-04-27T06:50:22","atum_locations":[],"atum_stock_status":"instock","restock_status":false,"low_stock_amount":"","sales_update_date":"2026-01-30T01:24:59","calc_backorders":null,"_links":{"self":[{"href":"https:\/\/aromasentia.com\/fr\/wp-json\/wp\/v2\/product\/223928","targetHints":{"allow":["GET"]}}],"collection":[{"href":"https:\/\/aromasentia.com\/fr\/wp-json\/wp\/v2\/product"}],"about":[{"href":"https:\/\/aromasentia.com\/fr\/wp-json\/wp\/v2\/types\/product"}],"replies":[{"embeddable":true,"href":"https:\/\/aromasentia.com\/fr\/wp-json\/wp\/v2\/comments?post=223928"}],"version-history":[{"count":0,"href":"https:\/\/aromasentia.com\/fr\/wp-json\/wp\/v2\/product\/223928\/revisions"}],"wp:featuredmedia":[{"embeddable":true,"href":"https:\/\/aromasentia.com\/fr\/wp-json\/wp\/v2\/media\/395597"}],"wp:attachment":[{"href":"https:\/\/aromasentia.com\/fr\/wp-json\/wp\/v2\/media?parent=223928"}],"wp:term":[{"taxonomy":"product_brand","embeddable":true,"href":"https:\/\/aromasentia.com\/fr\/wp-json\/wp\/v2\/product_brand?post=223928"},{"taxonomy":"product_cat","embeddable":true,"href":"https:\/\/aromasentia.com\/fr\/wp-json\/wp\/v2\/product_cat?post=223928"},{"taxonomy":"product_tag","embeddable":true,"href":"https:\/\/aromasentia.com\/fr\/wp-json\/wp\/v2\/product_tag?post=223928"}],"curies":[{"name":"wp","href":"https:\/\/api.w.org\/{rel}","templated":true}]}}