{"id":223916,"date":"2025-03-23T10:29:29","date_gmt":"2025-03-23T10:29:29","guid":{"rendered":"https:\/\/aromasentia.com\/product\/display-set-of-70-incense-smudge-bricks-and-burner-7-earthy-himalaya-incenso\/"},"modified":"2025-12-30T19:07:42","modified_gmt":"2025-12-30T19:07:42","slug":"boite-de-70-briques-dencens-naturel-bruleur-7-encens-terreux-de-lhimalaya","status":"publish","type":"product","link":"https:\/\/aromasentia.com\/fr\/boite-de-70-briques-dencens-naturel-bruleur-7-encens-terreux-de-lhimalaya\/","title":{"rendered":"Bo\u00eete de 70 Briques D&rsquo;Encens Naturel &#038; Br\u00fbleur &#8211; 7 Encens Terreux de l&rsquo;Himalaya"},"content":{"rendered":"<p>Ce Coffret avec sa pr\u00e9sentation captivante est soigneusement s\u00e9lectionn\u00e9e pour attirer vos clients.&nbsp;<\/p>\n<p><strong><span style=\"color: rgb(75, 80, 88);\">Avec 7 parfums dans chaque ensemble, vous trouverez 10 briques de chaque parfum, totalisant un nombre impressionnant de 70 briques de r\u00e9sine<\/span><\/strong>. Un seul support en terre cuite est inclus, ce qui en fait un ensemble complet pour tous ceux qui recherchent de la vari\u00e9t\u00e9.&nbsp;<\/p>\n<p>Ces tr\u00e9sors aromatiques sentent non seulement bon mais ajoutent \u00e9galement une touche d&rsquo;\u00e9l\u00e9gance et de diversit\u00e9 \u00e0 vos offres.<\/p>\n<p>&nbsp;Choisissez nos ensembles de briques en r\u00e9sine d&rsquo;encens naturel et laissez-les devenir un d\u00e9licieux ajout \u00e0 votre gamme, captivant vos clients et cr\u00e9ant des souvenirs imp\u00e9rissables.<\/p>\n","protected":false},"excerpt":{"rendered":"<p>Ce Coffret avec sa pr\u00e9sentation captivante est soigneusement s\u00e9lectionn\u00e9e pour attirer vos clients.&nbsp; Avec 7 parfums dans chaque ensemble, vous trouverez 10 briques de chaque parfum, totalisant un nombre impressionnant de 70 briques de r\u00e9sine. Un seul support en terre cuite est inclus, ce qui en fait un ensemble complet pour tous ceux qui recherchent [&hellip;]<\/p>\n","protected":false},"featured_media":395498,"comment_status":"closed","ping_status":"open","template":"","meta":{"_angie_page":false},"product_brand":[],"product_cat":[15147,15228,25817],"product_tag":[],"class_list":{"0":"post-223916","1":"product","2":"type-product","3":"status-publish","4":"has-post-thumbnail","6":"product_cat-encens-et-porte-encens","7":"product_cat-resine-d-encens","8":"product_cat-smudge-sticks","9":"pa_collection-natural-incense-resin-bricks-set-fr","10":"pa_made-in-inde","12":"first","13":"instock","14":"purchasable","15":"product-type-simple"},"supplier_id":null,"supplier_sku":"AISB-08","barcode":null,"atum_controlled":true,"out_stock_date":null,"out_stock_threshold":null,"inheritable":false,"inbound_stock":null,"stock_on_hold":0,"sold_today":0,"sales_last_days":0,"reserved_stock":null,"customer_returns":null,"warehouse_damage":null,"lost_in_post":null,"other_logs":null,"out_stock_days":0,"lost_sales":0,"has_location":null,"update_date":"2026-04-29T18:50:32","atum_locations":[],"atum_stock_status":"instock","restock_status":false,"low_stock_amount":"","sales_update_date":"2025-10-09T03:23:13","calc_backorders":null,"_links":{"self":[{"href":"https:\/\/aromasentia.com\/fr\/wp-json\/wp\/v2\/product\/223916","targetHints":{"allow":["GET"]}}],"collection":[{"href":"https:\/\/aromasentia.com\/fr\/wp-json\/wp\/v2\/product"}],"about":[{"href":"https:\/\/aromasentia.com\/fr\/wp-json\/wp\/v2\/types\/product"}],"replies":[{"embeddable":true,"href":"https:\/\/aromasentia.com\/fr\/wp-json\/wp\/v2\/comments?post=223916"}],"version-history":[{"count":0,"href":"https:\/\/aromasentia.com\/fr\/wp-json\/wp\/v2\/product\/223916\/revisions"}],"wp:featuredmedia":[{"embeddable":true,"href":"https:\/\/aromasentia.com\/fr\/wp-json\/wp\/v2\/media\/395498"}],"wp:attachment":[{"href":"https:\/\/aromasentia.com\/fr\/wp-json\/wp\/v2\/media?parent=223916"}],"wp:term":[{"taxonomy":"product_brand","embeddable":true,"href":"https:\/\/aromasentia.com\/fr\/wp-json\/wp\/v2\/product_brand?post=223916"},{"taxonomy":"product_cat","embeddable":true,"href":"https:\/\/aromasentia.com\/fr\/wp-json\/wp\/v2\/product_cat?post=223916"},{"taxonomy":"product_tag","embeddable":true,"href":"https:\/\/aromasentia.com\/fr\/wp-json\/wp\/v2\/product_tag?post=223916"}],"curies":[{"name":"wp","href":"https:\/\/api.w.org\/{rel}","templated":true}]}}