{"id":223912,"date":"2025-03-23T10:29:29","date_gmt":"2025-03-23T10:29:29","guid":{"rendered":"https:\/\/aromasentia.com\/product\/pack-of-15-natural-incense-smudge-bricks-and-burner-black-wood\/"},"modified":"2025-12-30T19:07:42","modified_gmt":"2025-12-30T19:07:42","slug":"pack-de-15-briques-dencens-naturel-bruleur-bois-noir","status":"publish","type":"product","link":"https:\/\/aromasentia.com\/fr\/pack-de-15-briques-dencens-naturel-bruleur-bois-noir\/","title":{"rendered":"Pack de 15 Briques d&rsquo;Encens Naturel &#038; Br\u00fbleur &#8211; Bois Noir"},"content":{"rendered":"<p><strong><span style=\"color: rgb(75, 80, 88);\">Ajoutez un air de myst\u00e8re \u00e0 vos offres avec le Bois noir<\/span><\/strong>. Cet ensemble combine des notes profondes et \u00e9nigmatiques et est compos\u00e9 d&rsquo;huile et de poudre de bois d&rsquo;agar.&nbsp;<\/p>\n<p>Le br\u00fbleur inclus am\u00e9liore l&rsquo;exp\u00e9rience sensorielle, permettant \u00e0 vos clients d&rsquo;insuffler de l&rsquo;intrigue et du charme \u00e0 leurs espaces. Parfait pour le gain d&rsquo;\u00e9nergie.&nbsp;<\/p>\n<p><strong><span style=\"color: rgb(75, 80, 88);\">Chaque bo\u00eete contient 12 paquets, dans chaque paquet il y a 15 briques, avec un charmant support en terre cuite,<\/span><\/strong> alliant style et fonctionnalit\u00e9 sans effort. Il s&rsquo;agit d&rsquo;une fusion harmonieuse des meilleurs parfums de la nature, \u00e9labor\u00e9s \u00e0 partir de mat\u00e9riaux soigneusement s\u00e9lectionn\u00e9s.&nbsp;<\/p>\n<p>Chaque d\u00e9lice aromatique de cette gamme capture l\u2019essence de son origine, offrant une exp\u00e9rience sensorielle authentique pas comme les autres.<\/p>\n","protected":false},"excerpt":{"rendered":"<p>Ajoutez un air de myst\u00e8re \u00e0 vos offres avec le Bois noir. Cet ensemble combine des notes profondes et \u00e9nigmatiques et est compos\u00e9 d&rsquo;huile et de poudre de bois d&rsquo;agar.&nbsp; Le br\u00fbleur inclus am\u00e9liore l&rsquo;exp\u00e9rience sensorielle, permettant \u00e0 vos clients d&rsquo;insuffler de l&rsquo;intrigue et du charme \u00e0 leurs espaces. Parfait pour le gain d&rsquo;\u00e9nergie.&nbsp; Chaque [&hellip;]<\/p>\n","protected":false},"featured_media":395457,"comment_status":"closed","ping_status":"open","template":"","meta":[],"product_brand":[],"product_cat":[15147,15228,25817],"product_tag":[],"class_list":{"0":"post-223912","1":"product","2":"type-product","3":"status-publish","4":"has-post-thumbnail","6":"product_cat-encens-et-porte-encens","7":"product_cat-resine-d-encens","8":"product_cat-smudge-sticks","9":"pa_collection-natural-incense-resin-bricks-set-fr","10":"pa_made-in-inde","12":"first","13":"instock","14":"purchasable","15":"product-type-simple"},"supplier_id":null,"supplier_sku":"AISB-07","barcode":null,"atum_controlled":true,"out_stock_date":null,"out_stock_threshold":null,"inheritable":false,"inbound_stock":null,"stock_on_hold":0,"sold_today":0,"sales_last_days":0,"reserved_stock":null,"customer_returns":null,"warehouse_damage":null,"lost_in_post":null,"other_logs":null,"out_stock_days":0,"lost_sales":0,"has_location":null,"update_date":"2026-02-11T08:31:45","atum_locations":[],"atum_stock_status":"instock","restock_status":false,"low_stock_amount":"","sales_update_date":"2025-10-09T03:23:13","calc_backorders":null,"_links":{"self":[{"href":"https:\/\/aromasentia.com\/fr\/wp-json\/wp\/v2\/product\/223912","targetHints":{"allow":["GET"]}}],"collection":[{"href":"https:\/\/aromasentia.com\/fr\/wp-json\/wp\/v2\/product"}],"about":[{"href":"https:\/\/aromasentia.com\/fr\/wp-json\/wp\/v2\/types\/product"}],"replies":[{"embeddable":true,"href":"https:\/\/aromasentia.com\/fr\/wp-json\/wp\/v2\/comments?post=223912"}],"version-history":[{"count":0,"href":"https:\/\/aromasentia.com\/fr\/wp-json\/wp\/v2\/product\/223912\/revisions"}],"wp:featuredmedia":[{"embeddable":true,"href":"https:\/\/aromasentia.com\/fr\/wp-json\/wp\/v2\/media\/395457"}],"wp:attachment":[{"href":"https:\/\/aromasentia.com\/fr\/wp-json\/wp\/v2\/media?parent=223912"}],"wp:term":[{"taxonomy":"product_brand","embeddable":true,"href":"https:\/\/aromasentia.com\/fr\/wp-json\/wp\/v2\/product_brand?post=223912"},{"taxonomy":"product_cat","embeddable":true,"href":"https:\/\/aromasentia.com\/fr\/wp-json\/wp\/v2\/product_cat?post=223912"},{"taxonomy":"product_tag","embeddable":true,"href":"https:\/\/aromasentia.com\/fr\/wp-json\/wp\/v2\/product_tag?post=223912"}],"curies":[{"name":"wp","href":"https:\/\/api.w.org\/{rel}","templated":true}]}}