{"id":223904,"date":"2025-03-23T10:29:29","date_gmt":"2025-03-23T10:29:29","guid":{"rendered":"https:\/\/aromasentia.com\/product\/pack-of-15-natural-incense-smudge-bricks-and-burner-patchouli-wood\/"},"modified":"2025-12-30T19:07:42","modified_gmt":"2025-12-30T19:07:42","slug":"pack-de-15-briques-dencens-naturel-bruleur-bois-de-patchouli","status":"publish","type":"product","link":"https:\/\/aromasentia.com\/fr\/pack-de-15-briques-dencens-naturel-bruleur-bois-de-patchouli\/","title":{"rendered":"Pack de 15 Briques d&rsquo;Encens Naturel &#038; Br\u00fbleur &#8211; Bois de Patchouli"},"content":{"rendered":"<p>Offrez \u00e0 vos clients le<strong><span style=\"color: rgb(75, 80, 88);\">&nbsp;parfum apaisant et terreux du bois de patchouli avec ces \u00e9tonnantes briques d&rsquo;encens naturel. <\/span><\/strong><\/p>\n<p>Fabriqu\u00e9es \u00e0 partir d&rsquo;ingr\u00e9dients naturels comme les feuilles de patchouli et l&rsquo;huile d&rsquo;Oudh, ces briques, associ\u00e9es au br\u00fbleur, cr\u00e9ent une atmosph\u00e8re parfaite de tranquillit\u00e9 et d&rsquo;\u00e9quilibre.&nbsp;<\/p>\n<p><strong><span style=\"color: rgb(75, 80, 88);\">Chaque bo\u00eete contient 12 paquets, dans chaque paquet il y a 15 briques, avec un charmant support en terre cuite,<\/span><\/strong> alliant style et fonctionnalit\u00e9 sans effort. Il s&rsquo;agit d&rsquo;une fusion harmonieuse des meilleurs parfums de la nature, \u00e9labor\u00e9s \u00e0 partir de mat\u00e9riaux soigneusement s\u00e9lectionn\u00e9s.&nbsp;<\/p>\n<p>Chaque d\u00e9lice aromatique de cette gamme capture l\u2019essence de son origine, offrant une exp\u00e9rience sensorielle authentique pas comme les autres.<\/p>\n","protected":false},"excerpt":{"rendered":"<p>Offrez \u00e0 vos clients le&nbsp;parfum apaisant et terreux du bois de patchouli avec ces \u00e9tonnantes briques d&rsquo;encens naturel. Fabriqu\u00e9es \u00e0 partir d&rsquo;ingr\u00e9dients naturels comme les feuilles de patchouli et l&rsquo;huile d&rsquo;Oudh, ces briques, associ\u00e9es au br\u00fbleur, cr\u00e9ent une atmosph\u00e8re parfaite de tranquillit\u00e9 et d&rsquo;\u00e9quilibre.&nbsp; Chaque bo\u00eete contient 12 paquets, dans chaque paquet il y a [&hellip;]<\/p>\n","protected":false},"featured_media":395391,"comment_status":"closed","ping_status":"open","template":"","meta":{"_angie_page":false},"product_brand":[],"product_cat":[15147,26333,15228,25842,25817,26825],"product_tag":[],"class_list":{"0":"post-223904","1":"product","2":"type-product","3":"status-publish","4":"has-post-thumbnail","6":"product_cat-encens-et-porte-encens","7":"product_cat-patchouli","8":"product_cat-resine-d-encens","9":"product_cat-senteurs-aromes","10":"product_cat-smudge-sticks","11":"product_cat-terreux-vert","12":"pa_collection-natural-incense-resin-bricks-set-fr","13":"pa_made-in-inde","15":"first","16":"instock","17":"purchasable","18":"product-type-simple"},"supplier_id":null,"supplier_sku":"AISB-05","barcode":null,"atum_controlled":true,"out_stock_date":null,"out_stock_threshold":null,"inheritable":false,"inbound_stock":null,"stock_on_hold":0,"sold_today":0,"sales_last_days":0,"reserved_stock":null,"customer_returns":null,"warehouse_damage":null,"lost_in_post":null,"other_logs":null,"out_stock_days":0,"lost_sales":0,"has_location":null,"update_date":"2026-04-27T06:50:18","atum_locations":[],"atum_stock_status":"instock","restock_status":false,"low_stock_amount":"","sales_update_date":"2025-10-09T03:23:12","calc_backorders":null,"_links":{"self":[{"href":"https:\/\/aromasentia.com\/fr\/wp-json\/wp\/v2\/product\/223904","targetHints":{"allow":["GET"]}}],"collection":[{"href":"https:\/\/aromasentia.com\/fr\/wp-json\/wp\/v2\/product"}],"about":[{"href":"https:\/\/aromasentia.com\/fr\/wp-json\/wp\/v2\/types\/product"}],"replies":[{"embeddable":true,"href":"https:\/\/aromasentia.com\/fr\/wp-json\/wp\/v2\/comments?post=223904"}],"version-history":[{"count":0,"href":"https:\/\/aromasentia.com\/fr\/wp-json\/wp\/v2\/product\/223904\/revisions"}],"wp:featuredmedia":[{"embeddable":true,"href":"https:\/\/aromasentia.com\/fr\/wp-json\/wp\/v2\/media\/395391"}],"wp:attachment":[{"href":"https:\/\/aromasentia.com\/fr\/wp-json\/wp\/v2\/media?parent=223904"}],"wp:term":[{"taxonomy":"product_brand","embeddable":true,"href":"https:\/\/aromasentia.com\/fr\/wp-json\/wp\/v2\/product_brand?post=223904"},{"taxonomy":"product_cat","embeddable":true,"href":"https:\/\/aromasentia.com\/fr\/wp-json\/wp\/v2\/product_cat?post=223904"},{"taxonomy":"product_tag","embeddable":true,"href":"https:\/\/aromasentia.com\/fr\/wp-json\/wp\/v2\/product_tag?post=223904"}],"curies":[{"name":"wp","href":"https:\/\/api.w.org\/{rel}","templated":true}]}}