{"id":223888,"date":"2025-03-23T10:29:29","date_gmt":"2025-03-23T10:29:29","guid":{"rendered":"https:\/\/aromasentia.com\/product\/pack-of-15-natural-incense-smudge-bricks-and-burner-white-sage\/"},"modified":"2025-12-30T19:07:42","modified_gmt":"2025-12-30T19:07:42","slug":"pack-de-15-briques-dencens-naturel-bruleur-sauge-blanche","status":"publish","type":"product","link":"https:\/\/aromasentia.com\/fr\/pack-de-15-briques-dencens-naturel-bruleur-sauge-blanche\/","title":{"rendered":"Pack de 15 Briques d&rsquo;Encens Naturel &#038; Br\u00fbleur &#8211; Sauge Blanche"},"content":{"rendered":"<p>Am\u00e9liorez votre inventaire avec des<strong><span style=\"color: rgb(75, 80, 88);\">&nbsp;briques d&rsquo;encens naturel<\/span><\/strong>, contenant l&rsquo;essence aromatique des<strong><span style=\"color: rgb(75, 80, 88);\">&nbsp;feuilles de sauge blanche de Californie. <\/span><\/strong><\/p>\n<p>Cet ensemble, accompagn\u00e9 d&rsquo;un br\u00fbleur, vous permet d&rsquo;offrir \u00e0 vos clients une exp\u00e9rience de maculage unique, parfaite pour purifier et nettoyer les espaces et \u00e9liminer les \u00e9nergies n\u00e9gatives.&nbsp;<\/p>\n<p><strong><span style=\"color: rgb(75, 80, 88);\">Chaque bo\u00eete contient 12 paquets, dans chaque paquet il y a 15 brique<\/span><\/strong>s, avec un charmant support en terre cuite, alliant style et fonctionnalit\u00e9 sans effort. Il s&rsquo;agit d&rsquo;une fusion harmonieuse des meilleurs parfums de la nature, \u00e9labor\u00e9s \u00e0 partir de mat\u00e9riaux soigneusement s\u00e9lectionn\u00e9s.&nbsp;<\/p>\n<p>Chaque d\u00e9lice aromatique de cette gamme capture l\u2019essence de son origine, offrant une exp\u00e9rience sensorielle authentique pas comme les autres.<\/p>\n","protected":false},"excerpt":{"rendered":"<p>Am\u00e9liorez votre inventaire avec des&nbsp;briques d&rsquo;encens naturel, contenant l&rsquo;essence aromatique des&nbsp;feuilles de sauge blanche de Californie. Cet ensemble, accompagn\u00e9 d&rsquo;un br\u00fbleur, vous permet d&rsquo;offrir \u00e0 vos clients une exp\u00e9rience de maculage unique, parfaite pour purifier et nettoyer les espaces et \u00e9liminer les \u00e9nergies n\u00e9gatives.&nbsp; Chaque bo\u00eete contient 12 paquets, dans chaque paquet il y a [&hellip;]<\/p>\n","protected":false},"featured_media":395259,"comment_status":"closed","ping_status":"open","template":"","meta":{"_angie_page":false},"product_brand":[],"product_cat":[15147,26860,15228,26485,25842,25817],"product_tag":[],"class_list":{"0":"post-223888","1":"product","2":"type-product","3":"status-publish","4":"has-post-thumbnail","6":"product_cat-encens-et-porte-encens","7":"product_cat-herbes-aromatiques","8":"product_cat-resine-d-encens","9":"product_cat-sauge-blanche","10":"product_cat-senteurs-aromes","11":"product_cat-smudge-sticks","12":"pa_collection-natural-incense-resin-bricks-set-fr","13":"pa_made-in-inde","15":"first","16":"instock","17":"purchasable","18":"product-type-simple"},"supplier_id":null,"supplier_sku":"AISB-01","barcode":null,"atum_controlled":true,"out_stock_date":null,"out_stock_threshold":null,"inheritable":false,"inbound_stock":null,"stock_on_hold":0,"sold_today":0,"sales_last_days":0,"reserved_stock":null,"customer_returns":null,"warehouse_damage":null,"lost_in_post":null,"other_logs":null,"out_stock_days":0,"lost_sales":0,"has_location":null,"update_date":"2026-04-27T06:50:01","atum_locations":[],"atum_stock_status":"instock","restock_status":false,"low_stock_amount":"","sales_update_date":"2025-10-09T03:22:58","calc_backorders":null,"_links":{"self":[{"href":"https:\/\/aromasentia.com\/fr\/wp-json\/wp\/v2\/product\/223888","targetHints":{"allow":["GET"]}}],"collection":[{"href":"https:\/\/aromasentia.com\/fr\/wp-json\/wp\/v2\/product"}],"about":[{"href":"https:\/\/aromasentia.com\/fr\/wp-json\/wp\/v2\/types\/product"}],"replies":[{"embeddable":true,"href":"https:\/\/aromasentia.com\/fr\/wp-json\/wp\/v2\/comments?post=223888"}],"version-history":[{"count":0,"href":"https:\/\/aromasentia.com\/fr\/wp-json\/wp\/v2\/product\/223888\/revisions"}],"wp:featuredmedia":[{"embeddable":true,"href":"https:\/\/aromasentia.com\/fr\/wp-json\/wp\/v2\/media\/395259"}],"wp:attachment":[{"href":"https:\/\/aromasentia.com\/fr\/wp-json\/wp\/v2\/media?parent=223888"}],"wp:term":[{"taxonomy":"product_brand","embeddable":true,"href":"https:\/\/aromasentia.com\/fr\/wp-json\/wp\/v2\/product_brand?post=223888"},{"taxonomy":"product_cat","embeddable":true,"href":"https:\/\/aromasentia.com\/fr\/wp-json\/wp\/v2\/product_cat?post=223888"},{"taxonomy":"product_tag","embeddable":true,"href":"https:\/\/aromasentia.com\/fr\/wp-json\/wp\/v2\/product_tag?post=223888"}],"curies":[{"name":"wp","href":"https:\/\/api.w.org\/{rel}","templated":true}]}}