{"id":223884,"date":"2025-03-23T10:29:29","date_gmt":"2025-03-23T10:29:29","guid":{"rendered":"https:\/\/aromasentia.com\/product\/masala-backflow-incense-pack-of-10-amber\/"},"modified":"2025-12-30T19:07:35","modified_gmt":"2025-12-30T19:07:35","slug":"paquet-de-10-cones-dencens-masala-a-refoulement-ambre","status":"publish","type":"product","link":"https:\/\/aromasentia.com\/fr\/paquet-de-10-cones-dencens-masala-a-refoulement-ambre\/","title":{"rendered":"Paquet de 10 C\u00f4nes d&rsquo;Encens Masala \u00e0 Refoulement &#8211; Ambre"},"content":{"rendered":"<p>Pr\u00e9parez-vous \u00e0 pimenter l&rsquo;inventaire de votre magasin avec nos tout nouveaux c\u00f4nes d&rsquo;encens Masala \u00e0 reflux d&rsquo;Aromatika !&nbsp;<\/p>\n<p>Chaque bo\u00eete contient 12 bo\u00eetes en forme d&rsquo;hexagone, c&rsquo;est donc un jeu d&rsquo;enfant \u00e0 afficher et \u00e0 ranger soigneusement. Et \u00e0 l&rsquo;int\u00e9rieur de chaque paquet, vous avez 10 c\u00f4nes d&rsquo;encens \u00e0 reflux.&nbsp;<\/p>\n<p><strong>Enveloppez votre espace du parfum chaleureux et invitant de l\u2019ambre.<\/strong>&nbsp;<\/p>\n<p>Ce parfum offre une ambiance cosy et r\u00e9confortante, comme un c\u00e2lin r\u00e9confortant. L&rsquo;encens ambr\u00e9 est parfait pour cr\u00e9er une atmosph\u00e8re accueillante et intimiste.&nbsp;<\/p>\n<p>Son ar\u00f4me doux et r\u00e9sineux \u00e9voque des sentiments de tranquillit\u00e9 et de contentement, ce qui le rend id\u00e9al pour la d\u00e9tente et les moments de qualit\u00e9 avec ses proches.<\/p>\n","protected":false},"excerpt":{"rendered":"<p>Pr\u00e9parez-vous \u00e0 pimenter l&rsquo;inventaire de votre magasin avec nos tout nouveaux c\u00f4nes d&rsquo;encens Masala \u00e0 reflux d&rsquo;Aromatika !&nbsp; Chaque bo\u00eete contient 12 bo\u00eetes en forme d&rsquo;hexagone, c&rsquo;est donc un jeu d&rsquo;enfant \u00e0 afficher et \u00e0 ranger soigneusement. Et \u00e0 l&rsquo;int\u00e9rieur de chaque paquet, vous avez 10 c\u00f4nes d&rsquo;encens \u00e0 reflux.&nbsp; Enveloppez votre espace du parfum [&hellip;]<\/p>\n","protected":false},"featured_media":395242,"comment_status":"closed","ping_status":"open","template":"","meta":[],"product_brand":[27099],"product_cat":[15328,15147],"product_tag":[],"class_list":{"0":"post-223884","1":"product","2":"type-product","3":"status-publish","4":"has-post-thumbnail","6":"product_brand-aromatika","7":"product_cat-cones-d-encens","8":"product_cat-encens-et-porte-encens","9":"pa_collection-masala-backflow-incense-pack-of-10-fr","10":"pa_made-in-inde","12":"first","13":"instock","14":"purchasable","15":"product-type-simple"},"supplier_id":null,"supplier_sku":"ABFi-12","barcode":null,"atum_controlled":true,"out_stock_date":null,"out_stock_threshold":null,"inheritable":false,"inbound_stock":null,"stock_on_hold":0,"sold_today":0,"sales_last_days":0,"reserved_stock":null,"customer_returns":null,"warehouse_damage":null,"lost_in_post":null,"other_logs":null,"out_stock_days":0,"lost_sales":0,"has_location":null,"update_date":"2026-02-04T18:52:35","atum_locations":[],"atum_stock_status":"instock","restock_status":false,"low_stock_amount":"","sales_update_date":"2025-10-09T03:22:21","calc_backorders":null,"_links":{"self":[{"href":"https:\/\/aromasentia.com\/fr\/wp-json\/wp\/v2\/product\/223884","targetHints":{"allow":["GET"]}}],"collection":[{"href":"https:\/\/aromasentia.com\/fr\/wp-json\/wp\/v2\/product"}],"about":[{"href":"https:\/\/aromasentia.com\/fr\/wp-json\/wp\/v2\/types\/product"}],"replies":[{"embeddable":true,"href":"https:\/\/aromasentia.com\/fr\/wp-json\/wp\/v2\/comments?post=223884"}],"version-history":[{"count":0,"href":"https:\/\/aromasentia.com\/fr\/wp-json\/wp\/v2\/product\/223884\/revisions"}],"wp:featuredmedia":[{"embeddable":true,"href":"https:\/\/aromasentia.com\/fr\/wp-json\/wp\/v2\/media\/395242"}],"wp:attachment":[{"href":"https:\/\/aromasentia.com\/fr\/wp-json\/wp\/v2\/media?parent=223884"}],"wp:term":[{"taxonomy":"product_brand","embeddable":true,"href":"https:\/\/aromasentia.com\/fr\/wp-json\/wp\/v2\/product_brand?post=223884"},{"taxonomy":"product_cat","embeddable":true,"href":"https:\/\/aromasentia.com\/fr\/wp-json\/wp\/v2\/product_cat?post=223884"},{"taxonomy":"product_tag","embeddable":true,"href":"https:\/\/aromasentia.com\/fr\/wp-json\/wp\/v2\/product_tag?post=223884"}],"curies":[{"name":"wp","href":"https:\/\/api.w.org\/{rel}","templated":true}]}}