{"id":223880,"date":"2025-03-23T10:29:29","date_gmt":"2025-03-23T10:29:29","guid":{"rendered":"https:\/\/aromasentia.com\/product\/masala-backflow-incense-pack-of-10-oudh\/"},"modified":"2025-12-30T19:07:35","modified_gmt":"2025-12-30T19:07:35","slug":"paquet-de-10-cones-dencens-masala-a-refoulement-oudh","status":"publish","type":"product","link":"https:\/\/aromasentia.com\/fr\/paquet-de-10-cones-dencens-masala-a-refoulement-oudh\/","title":{"rendered":"Paquet de 10 C\u00f4nes d&rsquo;Encens Masala \u00e0 Refoulement &#8211; Oudh"},"content":{"rendered":"<p><strong><span style=\"color: rgb(75, 80, 88);\">Pr\u00e9parez-vous \u00e0 pimenter l&rsquo;inventaire de votre magasin avec nos tout nouveaux c\u00f4nes d&rsquo;encens Masala \u00e0 reflux d&rsquo;Aromatika ! <\/span><\/strong><\/p>\n<p>Chaque bo\u00eete contient 12 bo\u00eetes en forme d&rsquo;hexagone, c&rsquo;est donc un jeu d&rsquo;enfant \u00e0 afficher et \u00e0 ranger soigneusement. Et \u00e0 l&rsquo;int\u00e9rieur de chaque paquet, vous avez 10 c\u00f4nes d&rsquo;encens \u00e0 reflux.&nbsp;<\/p>\n<p><strong><span style=\"color: rgb(75, 80, 88);\">Laissez-vous tenter par l&rsquo;ar\u00f4me profond et riche d&rsquo;Oudh, un parfum r\u00e9put\u00e9 pour ses qualit\u00e9s luxueuses et exotiques. <\/span><\/strong><\/p>\n<p>L&rsquo;encens Oudh cr\u00e9e une atmosph\u00e8re d&rsquo;opulence et de mystique, ce qui le rend parfait pour les occasions sp\u00e9ciales ou lorsque vous d\u00e9sirez une touche d&rsquo;extravagance.&nbsp;<\/p>\n<p>Son parfum captivant est un m\u00e9lange harmonieux de bois et de musc, avec un ar\u00f4me s\u00e9duisant et durable.<\/p>\n","protected":false},"excerpt":{"rendered":"<p>Pr\u00e9parez-vous \u00e0 pimenter l&rsquo;inventaire de votre magasin avec nos tout nouveaux c\u00f4nes d&rsquo;encens Masala \u00e0 reflux d&rsquo;Aromatika ! Chaque bo\u00eete contient 12 bo\u00eetes en forme d&rsquo;hexagone, c&rsquo;est donc un jeu d&rsquo;enfant \u00e0 afficher et \u00e0 ranger soigneusement. Et \u00e0 l&rsquo;int\u00e9rieur de chaque paquet, vous avez 10 c\u00f4nes d&rsquo;encens \u00e0 reflux.&nbsp; Laissez-vous tenter par l&rsquo;ar\u00f4me profond [&hellip;]<\/p>\n","protected":false},"featured_media":395225,"comment_status":"closed","ping_status":"open","template":"","meta":{"_angie_page":false},"product_brand":[27099],"product_cat":[15328,15147],"product_tag":[],"class_list":{"0":"post-223880","1":"product","2":"type-product","3":"status-publish","4":"has-post-thumbnail","6":"product_brand-aromatika","7":"product_cat-cones-d-encens","8":"product_cat-encens-et-porte-encens","9":"pa_collection-masala-backflow-incense-pack-of-10-fr","10":"pa_made-in-inde","12":"first","13":"instock","14":"purchasable","15":"product-type-simple"},"supplier_id":null,"supplier_sku":"ABFi-11","barcode":null,"atum_controlled":true,"out_stock_date":null,"out_stock_threshold":null,"inheritable":false,"inbound_stock":null,"stock_on_hold":0,"sold_today":0,"sales_last_days":0,"reserved_stock":null,"customer_returns":null,"warehouse_damage":null,"lost_in_post":null,"other_logs":null,"out_stock_days":0,"lost_sales":0,"has_location":null,"update_date":"2026-04-27T06:48:53","atum_locations":[],"atum_stock_status":"instock","restock_status":false,"low_stock_amount":"","sales_update_date":"2025-10-09T03:22:21","calc_backorders":null,"_links":{"self":[{"href":"https:\/\/aromasentia.com\/fr\/wp-json\/wp\/v2\/product\/223880","targetHints":{"allow":["GET"]}}],"collection":[{"href":"https:\/\/aromasentia.com\/fr\/wp-json\/wp\/v2\/product"}],"about":[{"href":"https:\/\/aromasentia.com\/fr\/wp-json\/wp\/v2\/types\/product"}],"replies":[{"embeddable":true,"href":"https:\/\/aromasentia.com\/fr\/wp-json\/wp\/v2\/comments?post=223880"}],"version-history":[{"count":0,"href":"https:\/\/aromasentia.com\/fr\/wp-json\/wp\/v2\/product\/223880\/revisions"}],"wp:featuredmedia":[{"embeddable":true,"href":"https:\/\/aromasentia.com\/fr\/wp-json\/wp\/v2\/media\/395225"}],"wp:attachment":[{"href":"https:\/\/aromasentia.com\/fr\/wp-json\/wp\/v2\/media?parent=223880"}],"wp:term":[{"taxonomy":"product_brand","embeddable":true,"href":"https:\/\/aromasentia.com\/fr\/wp-json\/wp\/v2\/product_brand?post=223880"},{"taxonomy":"product_cat","embeddable":true,"href":"https:\/\/aromasentia.com\/fr\/wp-json\/wp\/v2\/product_cat?post=223880"},{"taxonomy":"product_tag","embeddable":true,"href":"https:\/\/aromasentia.com\/fr\/wp-json\/wp\/v2\/product_tag?post=223880"}],"curies":[{"name":"wp","href":"https:\/\/api.w.org\/{rel}","templated":true}]}}