{"id":223876,"date":"2025-03-23T10:29:29","date_gmt":"2025-03-23T10:29:29","guid":{"rendered":"https:\/\/aromasentia.com\/product\/masala-backflow-incense-pack-of-10-rain-forest\/"},"modified":"2025-12-30T19:07:35","modified_gmt":"2025-12-30T19:07:35","slug":"paquet-de-10-cones-dencens-masala-a-refoulement-foret-tropicale","status":"publish","type":"product","link":"https:\/\/aromasentia.com\/fr\/paquet-de-10-cones-dencens-masala-a-refoulement-foret-tropicale\/","title":{"rendered":"Paquet de 10 C\u00f4nes d&rsquo;Encens Masala \u00e0 Refoulement &#8211; For\u00eat Tropicale"},"content":{"rendered":"<p><strong><span style=\"color: rgb(75, 80, 88);\">Pr\u00e9parez-vous \u00e0 pimenter l&rsquo;inventaire de votre magasin avec nos tout nouveaux c\u00f4nes d&rsquo;encens Masala \u00e0 reflux d&rsquo;Aromatika ! <\/span><\/strong><\/p>\n<p>Chaque bo\u00eete contient 12 bo\u00eetes en forme d&rsquo;hexagone, c&rsquo;est donc un jeu d&rsquo;enfant \u00e0 afficher et \u00e0 ranger soigneusement. Et \u00e0 l&rsquo;int\u00e9rieur de chaque paquet, vous avez 10 c\u00f4nes d&rsquo;encens \u00e0 reflux.&nbsp;<\/p>\n<p><strong><span style=\"color: rgb(75, 80, 88);\">Plongez-vous dans le parfum luxuriant et vibrant de la for\u00eat tropicale.<\/span><\/strong><\/p>\n<p>Ce parfum apporte la beaut\u00e9 de la nature dans votre espace, le remplissant d&rsquo;un sentiment d&rsquo;abondance naturelle.&nbsp;<\/p>\n<p>L&rsquo;encens Rain Forest est parfait pour cr\u00e9er une atmosph\u00e8re rafra\u00eechissante et vivifiante, comme une bouff\u00e9e d&rsquo;air frais au c\u0153ur d&rsquo;une for\u00eat vibrante.<\/p>\n","protected":false},"excerpt":{"rendered":"<p>Pr\u00e9parez-vous \u00e0 pimenter l&rsquo;inventaire de votre magasin avec nos tout nouveaux c\u00f4nes d&rsquo;encens Masala \u00e0 reflux d&rsquo;Aromatika ! Chaque bo\u00eete contient 12 bo\u00eetes en forme d&rsquo;hexagone, c&rsquo;est donc un jeu d&rsquo;enfant \u00e0 afficher et \u00e0 ranger soigneusement. Et \u00e0 l&rsquo;int\u00e9rieur de chaque paquet, vous avez 10 c\u00f4nes d&rsquo;encens \u00e0 reflux.&nbsp; Plongez-vous dans le parfum luxuriant [&hellip;]<\/p>\n","protected":false},"featured_media":395208,"comment_status":"closed","ping_status":"open","template":"","meta":{"_angie_page":false},"product_brand":[27099],"product_cat":[15328,15147],"product_tag":[],"class_list":{"0":"post-223876","1":"product","2":"type-product","3":"status-publish","4":"has-post-thumbnail","6":"product_brand-aromatika","7":"product_cat-cones-d-encens","8":"product_cat-encens-et-porte-encens","9":"pa_collection-masala-backflow-incense-pack-of-10-fr","10":"pa_made-in-inde","12":"first","13":"instock","14":"purchasable","15":"product-type-simple"},"supplier_id":null,"supplier_sku":"ABFi-10","barcode":null,"atum_controlled":true,"out_stock_date":null,"out_stock_threshold":null,"inheritable":false,"inbound_stock":null,"stock_on_hold":0,"sold_today":0,"sales_last_days":0,"reserved_stock":null,"customer_returns":null,"warehouse_damage":null,"lost_in_post":null,"other_logs":null,"out_stock_days":0,"lost_sales":0,"has_location":null,"update_date":"2026-04-27T06:48:53","atum_locations":[],"atum_stock_status":"instock","restock_status":false,"low_stock_amount":"","sales_update_date":"2025-10-09T03:22:21","calc_backorders":null,"_links":{"self":[{"href":"https:\/\/aromasentia.com\/fr\/wp-json\/wp\/v2\/product\/223876","targetHints":{"allow":["GET"]}}],"collection":[{"href":"https:\/\/aromasentia.com\/fr\/wp-json\/wp\/v2\/product"}],"about":[{"href":"https:\/\/aromasentia.com\/fr\/wp-json\/wp\/v2\/types\/product"}],"replies":[{"embeddable":true,"href":"https:\/\/aromasentia.com\/fr\/wp-json\/wp\/v2\/comments?post=223876"}],"version-history":[{"count":0,"href":"https:\/\/aromasentia.com\/fr\/wp-json\/wp\/v2\/product\/223876\/revisions"}],"wp:featuredmedia":[{"embeddable":true,"href":"https:\/\/aromasentia.com\/fr\/wp-json\/wp\/v2\/media\/395208"}],"wp:attachment":[{"href":"https:\/\/aromasentia.com\/fr\/wp-json\/wp\/v2\/media?parent=223876"}],"wp:term":[{"taxonomy":"product_brand","embeddable":true,"href":"https:\/\/aromasentia.com\/fr\/wp-json\/wp\/v2\/product_brand?post=223876"},{"taxonomy":"product_cat","embeddable":true,"href":"https:\/\/aromasentia.com\/fr\/wp-json\/wp\/v2\/product_cat?post=223876"},{"taxonomy":"product_tag","embeddable":true,"href":"https:\/\/aromasentia.com\/fr\/wp-json\/wp\/v2\/product_tag?post=223876"}],"curies":[{"name":"wp","href":"https:\/\/api.w.org\/{rel}","templated":true}]}}