{"id":223864,"date":"2025-03-23T10:29:29","date_gmt":"2025-03-23T10:29:29","guid":{"rendered":"https:\/\/aromasentia.com\/product\/masala-backflow-incense-pack-of-10-sage\/"},"modified":"2025-12-30T19:07:35","modified_gmt":"2025-12-30T19:07:35","slug":"paquet-de-10-cones-dencens-masala-a-refoulement-sauge","status":"publish","type":"product","link":"https:\/\/aromasentia.com\/fr\/paquet-de-10-cones-dencens-masala-a-refoulement-sauge\/","title":{"rendered":"Paquet de 10 C\u00f4nes d&rsquo;Encens Masala \u00e0 Refoulement &#8211; Sauge"},"content":{"rendered":"<p><strong><span style=\"color: rgb(75, 80, 88);\">Pr\u00e9parez-vous \u00e0 pimenter l&rsquo;inventaire de votre magasin avec nos tout nouveaux c\u00f4nes d&rsquo;encens Masala \u00e0 reflux d&rsquo;Aromatika ! <\/span><\/strong><\/p>\n<p>Chaque bo\u00eete contient 12 bo\u00eetes en forme d&rsquo;hexagone, c&rsquo;est donc un jeu d&rsquo;enfant \u00e0 afficher et \u00e0 ranger soigneusement. Et \u00e0 l&rsquo;int\u00e9rieur de chaque paquet, vous avez 10 c\u00f4nes d&rsquo;encens \u00e0 reflux.&nbsp;<\/p>\n<p><strong><span style=\"color: rgb(75, 80, 88);\">Adoptez les qualit\u00e9s nettoyantes et purifiantes de la sauge avec ses notes terreuses et herbac\u00e9es. <\/span><\/strong><\/p>\n<p>L&rsquo;encens de sauge est utilis\u00e9 depuis longtemps dans des rituels et des c\u00e9r\u00e9monies de purification et de protection. Lorsqu&rsquo;il est br\u00fbl\u00e9, il lib\u00e8re un parfum frais et revigorant qui rafra\u00eechit votre espace et aide \u00e0 \u00e9liminer les \u00e9nergies n\u00e9gatives.&nbsp;<\/p>\n<p>C&rsquo;est un excellent choix pour cr\u00e9er un nouveau d\u00e9part dans votre environnement.<\/p>\n","protected":false},"excerpt":{"rendered":"<p>Pr\u00e9parez-vous \u00e0 pimenter l&rsquo;inventaire de votre magasin avec nos tout nouveaux c\u00f4nes d&rsquo;encens Masala \u00e0 reflux d&rsquo;Aromatika ! Chaque bo\u00eete contient 12 bo\u00eetes en forme d&rsquo;hexagone, c&rsquo;est donc un jeu d&rsquo;enfant \u00e0 afficher et \u00e0 ranger soigneusement. Et \u00e0 l&rsquo;int\u00e9rieur de chaque paquet, vous avez 10 c\u00f4nes d&rsquo;encens \u00e0 reflux.&nbsp; Adoptez les qualit\u00e9s nettoyantes et [&hellip;]<\/p>\n","protected":false},"featured_media":395157,"comment_status":"closed","ping_status":"open","template":"","meta":{"_angie_page":false},"product_brand":[27099],"product_cat":[15328,15147,26860,26383,25842],"product_tag":[],"class_list":{"0":"post-223864","1":"product","2":"type-product","3":"status-publish","4":"has-post-thumbnail","6":"product_brand-aromatika","7":"product_cat-cones-d-encens","8":"product_cat-encens-et-porte-encens","9":"product_cat-herbes-aromatiques","10":"product_cat-sauge","11":"product_cat-senteurs-aromes","12":"pa_collection-masala-backflow-incense-pack-of-10-fr","13":"pa_made-in-inde","15":"first","16":"instock","17":"purchasable","18":"product-type-simple"},"supplier_id":null,"supplier_sku":"ABFi-07","barcode":null,"atum_controlled":true,"out_stock_date":null,"out_stock_threshold":null,"inheritable":false,"inbound_stock":null,"stock_on_hold":0,"sold_today":0,"sales_last_days":0,"reserved_stock":null,"customer_returns":null,"warehouse_damage":null,"lost_in_post":null,"other_logs":null,"out_stock_days":0,"lost_sales":0,"has_location":null,"update_date":"2026-04-27T06:48:53","atum_locations":[],"atum_stock_status":"instock","restock_status":false,"low_stock_amount":"","sales_update_date":"2026-01-20T05:14:26","calc_backorders":null,"_links":{"self":[{"href":"https:\/\/aromasentia.com\/fr\/wp-json\/wp\/v2\/product\/223864","targetHints":{"allow":["GET"]}}],"collection":[{"href":"https:\/\/aromasentia.com\/fr\/wp-json\/wp\/v2\/product"}],"about":[{"href":"https:\/\/aromasentia.com\/fr\/wp-json\/wp\/v2\/types\/product"}],"replies":[{"embeddable":true,"href":"https:\/\/aromasentia.com\/fr\/wp-json\/wp\/v2\/comments?post=223864"}],"version-history":[{"count":0,"href":"https:\/\/aromasentia.com\/fr\/wp-json\/wp\/v2\/product\/223864\/revisions"}],"wp:featuredmedia":[{"embeddable":true,"href":"https:\/\/aromasentia.com\/fr\/wp-json\/wp\/v2\/media\/395157"}],"wp:attachment":[{"href":"https:\/\/aromasentia.com\/fr\/wp-json\/wp\/v2\/media?parent=223864"}],"wp:term":[{"taxonomy":"product_brand","embeddable":true,"href":"https:\/\/aromasentia.com\/fr\/wp-json\/wp\/v2\/product_brand?post=223864"},{"taxonomy":"product_cat","embeddable":true,"href":"https:\/\/aromasentia.com\/fr\/wp-json\/wp\/v2\/product_cat?post=223864"},{"taxonomy":"product_tag","embeddable":true,"href":"https:\/\/aromasentia.com\/fr\/wp-json\/wp\/v2\/product_tag?post=223864"}],"curies":[{"name":"wp","href":"https:\/\/api.w.org\/{rel}","templated":true}]}}