{"id":223860,"date":"2025-03-23T10:29:29","date_gmt":"2025-03-23T10:29:29","guid":{"rendered":"https:\/\/aromasentia.com\/product\/masala-backflow-incense-pack-of-10-coconut-mango\/"},"modified":"2025-12-30T19:07:35","modified_gmt":"2025-12-30T19:07:35","slug":"paquet-de-10-cones-dencens-masala-a-refoulement-noix-de-coco-mangue","status":"publish","type":"product","link":"https:\/\/aromasentia.com\/fr\/paquet-de-10-cones-dencens-masala-a-refoulement-noix-de-coco-mangue\/","title":{"rendered":"Paquet de 10 C\u00f4nes d&rsquo;Encens Masala \u00e0 Refoulement &#8211; Noix de Coco &#038; Mangue"},"content":{"rendered":"<p><strong><span style=\"color: rgb(75, 80, 88);\">Pr\u00e9parez-vous \u00e0 pimenter l&rsquo;inventaire de votre magasin avec nos tout nouveaux c\u00f4nes d&rsquo;encens Masala \u00e0 reflux d&rsquo;Aromatika ! <\/span><\/strong><\/p>\n<p>Chaque bo\u00eete contient 12 bo\u00eetes en forme d&rsquo;hexagone, c&rsquo;est donc un jeu d&rsquo;enfant \u00e0 afficher et \u00e0 ranger soigneusement. Et \u00e0 l&rsquo;int\u00e9rieur de chaque paquet, vous avez 10 c\u00f4nes d&rsquo;encens \u00e0 reflux.&nbsp;<\/p>\n<p><strong><span style=\"color: rgb(75, 80, 88);\">Embarquez pour un voyage sensoriel dans un paradis tropical avec le m\u00e9lange sucr\u00e9 et fruit\u00e9 de Noix de Coco et de Mangue. <\/span><\/strong><\/p>\n<p>Cette combinaison parfum\u00e9e offre une \u00e9vasion vers des rivages ensoleill\u00e9s, avec l&rsquo;ar\u00f4me succulent de mangue m\u00fbre et les nuances cr\u00e9meuses de noix de coco.&nbsp;<\/p>\n<p>Allumez cet encens pour insuffler \u00e0 votre espace une ambiance de vacances, parfaite pour ajouter une touche estivale \u00e0 votre environnement.<\/p>\n","protected":false},"excerpt":{"rendered":"<p>Pr\u00e9parez-vous \u00e0 pimenter l&rsquo;inventaire de votre magasin avec nos tout nouveaux c\u00f4nes d&rsquo;encens Masala \u00e0 reflux d&rsquo;Aromatika ! Chaque bo\u00eete contient 12 bo\u00eetes en forme d&rsquo;hexagone, c&rsquo;est donc un jeu d&rsquo;enfant \u00e0 afficher et \u00e0 ranger soigneusement. Et \u00e0 l&rsquo;int\u00e9rieur de chaque paquet, vous avez 10 c\u00f4nes d&rsquo;encens \u00e0 reflux.&nbsp; Embarquez pour un voyage sensoriel [&hellip;]<\/p>\n","protected":false},"featured_media":395140,"comment_status":"closed","ping_status":"open","template":"","meta":[],"product_brand":[27099],"product_cat":[15328,15147],"product_tag":[],"class_list":{"0":"post-223860","1":"product","2":"type-product","3":"status-publish","4":"has-post-thumbnail","6":"product_brand-aromatika","7":"product_cat-cones-d-encens","8":"product_cat-encens-et-porte-encens","9":"pa_collection-masala-backflow-incense-pack-of-10-fr","10":"pa_made-in-inde","12":"first","13":"instock","14":"purchasable","15":"product-type-simple"},"supplier_id":null,"supplier_sku":"ABFi-06","barcode":null,"atum_controlled":true,"out_stock_date":null,"out_stock_threshold":null,"inheritable":false,"inbound_stock":null,"stock_on_hold":0,"sold_today":0,"sales_last_days":0,"reserved_stock":null,"customer_returns":null,"warehouse_damage":null,"lost_in_post":null,"other_logs":null,"out_stock_days":0,"lost_sales":0,"has_location":null,"update_date":"2026-02-10T15:20:06","atum_locations":[],"atum_stock_status":"instock","restock_status":false,"low_stock_amount":"","sales_update_date":"2025-10-09T03:22:21","calc_backorders":null,"_links":{"self":[{"href":"https:\/\/aromasentia.com\/fr\/wp-json\/wp\/v2\/product\/223860","targetHints":{"allow":["GET"]}}],"collection":[{"href":"https:\/\/aromasentia.com\/fr\/wp-json\/wp\/v2\/product"}],"about":[{"href":"https:\/\/aromasentia.com\/fr\/wp-json\/wp\/v2\/types\/product"}],"replies":[{"embeddable":true,"href":"https:\/\/aromasentia.com\/fr\/wp-json\/wp\/v2\/comments?post=223860"}],"version-history":[{"count":0,"href":"https:\/\/aromasentia.com\/fr\/wp-json\/wp\/v2\/product\/223860\/revisions"}],"wp:featuredmedia":[{"embeddable":true,"href":"https:\/\/aromasentia.com\/fr\/wp-json\/wp\/v2\/media\/395140"}],"wp:attachment":[{"href":"https:\/\/aromasentia.com\/fr\/wp-json\/wp\/v2\/media?parent=223860"}],"wp:term":[{"taxonomy":"product_brand","embeddable":true,"href":"https:\/\/aromasentia.com\/fr\/wp-json\/wp\/v2\/product_brand?post=223860"},{"taxonomy":"product_cat","embeddable":true,"href":"https:\/\/aromasentia.com\/fr\/wp-json\/wp\/v2\/product_cat?post=223860"},{"taxonomy":"product_tag","embeddable":true,"href":"https:\/\/aromasentia.com\/fr\/wp-json\/wp\/v2\/product_tag?post=223860"}],"curies":[{"name":"wp","href":"https:\/\/api.w.org\/{rel}","templated":true}]}}