{"id":223844,"date":"2025-03-23T10:29:29","date_gmt":"2025-03-23T10:29:29","guid":{"rendered":"https:\/\/aromasentia.com\/product\/masala-backflow-incense-pack-of-10-eucalyptus\/"},"modified":"2025-12-30T19:07:27","modified_gmt":"2025-12-30T19:07:27","slug":"paquet-de-10-cones-dencens-masala-a-refoulement-eucalyptus","status":"publish","type":"product","link":"https:\/\/aromasentia.com\/fr\/paquet-de-10-cones-dencens-masala-a-refoulement-eucalyptus\/","title":{"rendered":"Paquet de 10 C\u00f4nes d&rsquo;Encens Masala \u00e0 Refoulement &#8211; Eucalyptus"},"content":{"rendered":"<p><strong><span style=\"color: rgb(75, 80, 88);\">Pr\u00e9parez-vous \u00e0 pimenter l&rsquo;inventaire de votre magasin avec nos tout nouveaux c\u00f4nes d&rsquo;encens Masala \u00e0 Refoulement d&rsquo;Aromatika !&nbsp;<\/span><\/strong><\/p>\n<p>Chaque bo\u00eete contient 12 bo\u00eetes en forme d&rsquo;hexagone, faciles \u00e0 pr\u00e9senter et \u00e0 ranger.&nbsp;<\/p>\n<p>Et \u00e0 l&rsquo;int\u00e9rieur de chaque bo\u00eete, vous trouverez 10 c\u00f4nes d&rsquo;encens \u00e0 reflux.&nbsp;<\/p>\n<p><strong><span style=\"color: rgb(75, 80, 88);\">Revigorez vos sens avec le parfum rafra\u00eechissant et rajeunissant de l&rsquo;eucalyptus. <\/span><\/strong><\/p>\n<p>Connu pour son ar\u00f4me vif et frais, l&rsquo;encens d&rsquo;eucalyptus peut \u00e9claircir l&rsquo;esprit et am\u00e9liorer la concentration. Ce parfum est parfait pour revitaliser votre espace et favoriser un sentiment de clart\u00e9.&nbsp;<\/p>\n<p>C&rsquo;est un choix populaire pour cr\u00e9er une atmosph\u00e8re de spa \u00e0 la maison ou pour cr\u00e9er une ambiance rafra\u00eechissante dans votre espace de travail.<\/p>\n","protected":false},"excerpt":{"rendered":"<p>Pr\u00e9parez-vous \u00e0 pimenter l&rsquo;inventaire de votre magasin avec nos tout nouveaux c\u00f4nes d&rsquo;encens Masala \u00e0 Refoulement d&rsquo;Aromatika !&nbsp; Chaque bo\u00eete contient 12 bo\u00eetes en forme d&rsquo;hexagone, faciles \u00e0 pr\u00e9senter et \u00e0 ranger.&nbsp; Et \u00e0 l&rsquo;int\u00e9rieur de chaque bo\u00eete, vous trouverez 10 c\u00f4nes d&rsquo;encens \u00e0 reflux.&nbsp; Revigorez vos sens avec le parfum rafra\u00eechissant et rajeunissant de [&hellip;]<\/p>\n","protected":false},"featured_media":395072,"comment_status":"closed","ping_status":"open","template":"","meta":{"_angie_page":false},"product_brand":[27099],"product_cat":[15328,15147,26180,26867,25842],"product_tag":[],"class_list":{"0":"post-223844","1":"product","2":"type-product","3":"status-publish","4":"has-post-thumbnail","6":"product_brand-aromatika","7":"product_cat-cones-d-encens","8":"product_cat-encens-et-porte-encens","9":"product_cat-eucalyptus","10":"product_cat-medicinal-camphre","11":"product_cat-senteurs-aromes","12":"pa_collection-masala-backflow-incense-pack-of-10-fr","13":"pa_made-in-inde","15":"first","16":"instock","17":"purchasable","18":"product-type-simple"},"supplier_id":null,"supplier_sku":"ABFi-02","barcode":null,"atum_controlled":true,"out_stock_date":null,"out_stock_threshold":null,"inheritable":false,"inbound_stock":null,"stock_on_hold":0,"sold_today":0,"sales_last_days":0,"reserved_stock":null,"customer_returns":null,"warehouse_damage":null,"lost_in_post":null,"other_logs":null,"out_stock_days":0,"lost_sales":0,"has_location":null,"update_date":"2026-04-27T06:48:53","atum_locations":[],"atum_stock_status":"instock","restock_status":false,"low_stock_amount":"","sales_update_date":"2025-10-09T03:22:21","calc_backorders":null,"_links":{"self":[{"href":"https:\/\/aromasentia.com\/fr\/wp-json\/wp\/v2\/product\/223844","targetHints":{"allow":["GET"]}}],"collection":[{"href":"https:\/\/aromasentia.com\/fr\/wp-json\/wp\/v2\/product"}],"about":[{"href":"https:\/\/aromasentia.com\/fr\/wp-json\/wp\/v2\/types\/product"}],"replies":[{"embeddable":true,"href":"https:\/\/aromasentia.com\/fr\/wp-json\/wp\/v2\/comments?post=223844"}],"version-history":[{"count":0,"href":"https:\/\/aromasentia.com\/fr\/wp-json\/wp\/v2\/product\/223844\/revisions"}],"wp:featuredmedia":[{"embeddable":true,"href":"https:\/\/aromasentia.com\/fr\/wp-json\/wp\/v2\/media\/395072"}],"wp:attachment":[{"href":"https:\/\/aromasentia.com\/fr\/wp-json\/wp\/v2\/media?parent=223844"}],"wp:term":[{"taxonomy":"product_brand","embeddable":true,"href":"https:\/\/aromasentia.com\/fr\/wp-json\/wp\/v2\/product_brand?post=223844"},{"taxonomy":"product_cat","embeddable":true,"href":"https:\/\/aromasentia.com\/fr\/wp-json\/wp\/v2\/product_cat?post=223844"},{"taxonomy":"product_tag","embeddable":true,"href":"https:\/\/aromasentia.com\/fr\/wp-json\/wp\/v2\/product_tag?post=223844"}],"curies":[{"name":"wp","href":"https:\/\/api.w.org\/{rel}","templated":true}]}}