{"id":223836,"date":"2025-03-23T10:29:38","date_gmt":"2025-03-23T10:29:38","guid":{"rendered":"https:\/\/aromasentia.com\/product\/banjara-buddha-wisdom\/"},"modified":"2025-06-23T18:31:45","modified_gmt":"2025-06-23T18:31:45","slug":"bouddha-banjara-sagesse","status":"publish","type":"product","link":"https:\/\/aromasentia.com\/fr\/bouddha-banjara-sagesse\/","title":{"rendered":"Bouddha Banjara &#8211; Sagesse"},"content":{"rendered":"<p><strong>Sagesse :&nbsp;<\/strong>Confectionn\u00e9 \u00e0 partir de plantes sacr\u00e9es et de r\u00e9sines, cet encens stimule l\u2019esprit et favorise la r\u00e9flexion profonde. Son parfum chaleureux et terreux est id\u00e9al pour les moments qui n\u00e9cessitent concentration et clairvoyance.&nbsp;<\/p>\n<p>Chaque b\u00e2ton d\u2019encens est roul\u00e9 \u00e0 la main selon des m\u00e9thodes traditionnelles, garantissant une combustion lente et uniforme qui lib\u00e8re pleinement ses ar\u00f4mes.&nbsp;<\/p>\n<p>Avec des formules uniques adapt\u00e9es \u00e0 chaque usage, la collection <strong>&nbsp;Encens Bouddha Banjara&nbsp;<\/strong>offre aux revendeurs l\u2019opportunit\u00e9 de proposer des produits spirituels enrichissants, parfaits pour aider les clients \u00e0 approfondir leurs pratiques et \u00e0 am\u00e9liorer leur quotidien.&nbsp;<\/p>\n<p><strong>Ajoutez d\u00e8s maintenant cette collection d\u2019encens \u00e0 votre offre et r\u00e9pondez aux besoins croissants de votre client\u00e8le en qu\u00eate de bien-\u00eatre spirituel.<\/strong><\/p>\n","protected":false},"excerpt":{"rendered":"<p>Sagesse :&nbsp;Confectionn\u00e9 \u00e0 partir de plantes sacr\u00e9es et de r\u00e9sines, cet encens stimule l\u2019esprit et favorise la r\u00e9flexion profonde. Son parfum chaleureux et terreux est id\u00e9al pour les moments qui n\u00e9cessitent concentration et clairvoyance.&nbsp; Chaque b\u00e2ton d\u2019encens est roul\u00e9 \u00e0 la main selon des m\u00e9thodes traditionnelles, garantissant une combustion lente et uniforme qui lib\u00e8re pleinement [&hellip;]<\/p>\n","protected":false},"featured_media":397210,"comment_status":"closed","ping_status":"open","template":"","meta":{"_angie_page":false},"product_brand":[27105],"product_cat":[15193,15147],"product_tag":[],"class_list":{"0":"post-223836","1":"product","2":"type-product","3":"status-publish","4":"has-post-thumbnail","6":"product_brand-banjara","7":"product_cat-batonnets-d-encens","8":"product_cat-encens-et-porte-encens","9":"pa_collection-banjara-buddha-incense-fr","10":"pa_made-in-inde","12":"first","13":"instock","14":"purchasable","15":"product-type-simple"},"supplier_id":null,"supplier_sku":"BanBud-01","barcode":null,"atum_controlled":true,"out_stock_date":null,"out_stock_threshold":null,"inheritable":false,"inbound_stock":null,"stock_on_hold":0,"sold_today":0,"sales_last_days":0,"reserved_stock":null,"customer_returns":null,"warehouse_damage":null,"lost_in_post":null,"other_logs":null,"out_stock_days":0,"lost_sales":0,"has_location":null,"update_date":"2026-04-27T06:53:32","atum_locations":[],"atum_stock_status":"instock","restock_status":false,"low_stock_amount":"","sales_update_date":"2025-10-09T03:25:19","calc_backorders":null,"_links":{"self":[{"href":"https:\/\/aromasentia.com\/fr\/wp-json\/wp\/v2\/product\/223836","targetHints":{"allow":["GET"]}}],"collection":[{"href":"https:\/\/aromasentia.com\/fr\/wp-json\/wp\/v2\/product"}],"about":[{"href":"https:\/\/aromasentia.com\/fr\/wp-json\/wp\/v2\/types\/product"}],"replies":[{"embeddable":true,"href":"https:\/\/aromasentia.com\/fr\/wp-json\/wp\/v2\/comments?post=223836"}],"version-history":[{"count":0,"href":"https:\/\/aromasentia.com\/fr\/wp-json\/wp\/v2\/product\/223836\/revisions"}],"wp:featuredmedia":[{"embeddable":true,"href":"https:\/\/aromasentia.com\/fr\/wp-json\/wp\/v2\/media\/397210"}],"wp:attachment":[{"href":"https:\/\/aromasentia.com\/fr\/wp-json\/wp\/v2\/media?parent=223836"}],"wp:term":[{"taxonomy":"product_brand","embeddable":true,"href":"https:\/\/aromasentia.com\/fr\/wp-json\/wp\/v2\/product_brand?post=223836"},{"taxonomy":"product_cat","embeddable":true,"href":"https:\/\/aromasentia.com\/fr\/wp-json\/wp\/v2\/product_cat?post=223836"},{"taxonomy":"product_tag","embeddable":true,"href":"https:\/\/aromasentia.com\/fr\/wp-json\/wp\/v2\/product_tag?post=223836"}],"curies":[{"name":"wp","href":"https:\/\/api.w.org\/{rel}","templated":true}]}}