{"id":223832,"date":"2025-03-23T10:29:38","date_gmt":"2025-03-23T10:29:38","guid":{"rendered":"https:\/\/aromasentia.com\/product\/backflow-incense-burner-mini-mountain\/"},"modified":"2025-12-30T19:07:27","modified_gmt":"2025-12-30T19:07:27","slug":"bruleur-dencens-a-contre-courant-mini-montagne","status":"publish","type":"product","link":"https:\/\/aromasentia.com\/fr\/bruleur-dencens-a-contre-courant-mini-montagne\/","title":{"rendered":"Br\u00fbleur d&rsquo;Encens \u00e0 Contre-Courant &#8211; Mini-Montagne"},"content":{"rendered":"<p>Retrouvez la tranquillit\u00e9 en miniature avec notre<strong>&nbsp;Br\u00fbleur d&rsquo;Encens \u00e0 Contre-Courant &#8211; Mini-Montagne. <\/strong><\/p>\n<p>Malgr\u00e9 sa taille compacte, ce br\u00fbleur cr\u00e9e un impact visuel puissant lorsque la fum\u00e9e parfum\u00e9e descend le long des pentes de la montagne miniature.&nbsp;<\/p>\n<p>Parfait pour les petits espaces ou comme ajout subtil \u00e0 votre d\u00e9cor, ce br\u00fbleur apporte un sentiment de calme et de beaut\u00e9 naturelle \u00e0 n&rsquo;importe quel environnement.&nbsp;<\/p>\n<p>Une fois que vous avez allum\u00e9 votre c\u00f4ne d&rsquo;encens, il commence \u00e0 fumer, l&rsquo;encens est plus lourd que l&rsquo;air et il tombe de fa&ccedil;on spectaculaire en tourbillons et en torsades, \u00e0 travers le trou et par-dessus l&rsquo;objet, pour s&rsquo;accumuler au fond.&nbsp;<\/p>\n<p>C&rsquo;est un spectacle incroyable et tr\u00e8s relaxant.&nbsp;<\/p>\n<p><strong>Remarque :<\/strong> pour cr\u00e9er l&rsquo;effet de cascade de fum\u00e9e, vous devez utiliser des c\u00f4nes d&rsquo;encens \u00e0 contre-courant.<\/p>\n","protected":false},"excerpt":{"rendered":"<p>Retrouvez la tranquillit\u00e9 en miniature avec notre&nbsp;Br\u00fbleur d&rsquo;Encens \u00e0 Contre-Courant &#8211; Mini-Montagne. Malgr\u00e9 sa taille compacte, ce br\u00fbleur cr\u00e9e un impact visuel puissant lorsque la fum\u00e9e parfum\u00e9e descend le long des pentes de la montagne miniature.&nbsp; Parfait pour les petits espaces ou comme ajout subtil \u00e0 votre d\u00e9cor, ce br\u00fbleur apporte un sentiment de calme [&hellip;]<\/p>\n","protected":false},"featured_media":397193,"comment_status":"closed","ping_status":"open","template":"","meta":{"_angie_page":false},"product_brand":[],"product_cat":[15146,15147,15148],"product_tag":[],"class_list":{"0":"post-223832","1":"product","2":"type-product","3":"status-publish","4":"has-post-thumbnail","6":"product_cat-bruleur-d-encens-a-refoulement-backflow","7":"product_cat-encens-et-porte-encens","8":"product_cat-porte-encens-et-encensoirs","9":"pa_collection-backflow-incense-burners-fr","10":"pa_made-in-chine","12":"first","13":"instock","14":"purchasable","15":"product-type-simple"},"supplier_id":null,"supplier_sku":"BackF-74","barcode":null,"atum_controlled":true,"out_stock_date":null,"out_stock_threshold":null,"inheritable":false,"inbound_stock":null,"stock_on_hold":0,"sold_today":0,"sales_last_days":0,"reserved_stock":null,"customer_returns":null,"warehouse_damage":null,"lost_in_post":null,"other_logs":null,"out_stock_days":0,"lost_sales":0,"has_location":null,"update_date":"2026-05-04T00:02:50","atum_locations":[],"atum_stock_status":"instock","restock_status":false,"low_stock_amount":"","sales_update_date":"2026-02-06T00:02:44","calc_backorders":null,"_links":{"self":[{"href":"https:\/\/aromasentia.com\/fr\/wp-json\/wp\/v2\/product\/223832","targetHints":{"allow":["GET"]}}],"collection":[{"href":"https:\/\/aromasentia.com\/fr\/wp-json\/wp\/v2\/product"}],"about":[{"href":"https:\/\/aromasentia.com\/fr\/wp-json\/wp\/v2\/types\/product"}],"replies":[{"embeddable":true,"href":"https:\/\/aromasentia.com\/fr\/wp-json\/wp\/v2\/comments?post=223832"}],"version-history":[{"count":0,"href":"https:\/\/aromasentia.com\/fr\/wp-json\/wp\/v2\/product\/223832\/revisions"}],"wp:featuredmedia":[{"embeddable":true,"href":"https:\/\/aromasentia.com\/fr\/wp-json\/wp\/v2\/media\/397193"}],"wp:attachment":[{"href":"https:\/\/aromasentia.com\/fr\/wp-json\/wp\/v2\/media?parent=223832"}],"wp:term":[{"taxonomy":"product_brand","embeddable":true,"href":"https:\/\/aromasentia.com\/fr\/wp-json\/wp\/v2\/product_brand?post=223832"},{"taxonomy":"product_cat","embeddable":true,"href":"https:\/\/aromasentia.com\/fr\/wp-json\/wp\/v2\/product_cat?post=223832"},{"taxonomy":"product_tag","embeddable":true,"href":"https:\/\/aromasentia.com\/fr\/wp-json\/wp\/v2\/product_tag?post=223832"}],"curies":[{"name":"wp","href":"https:\/\/api.w.org\/{rel}","templated":true}]}}