{"id":223828,"date":"2025-03-23T10:29:38","date_gmt":"2025-03-23T10:29:38","guid":{"rendered":"https:\/\/aromasentia.com\/product\/backflow-incense-burner-ancient-chinese-coin\/"},"modified":"2025-12-30T19:07:27","modified_gmt":"2025-12-30T19:07:27","slug":"bruleur-dencens-a-contre-courant-piece-de-monnaie-chinoise-ancienne","status":"publish","type":"product","link":"https:\/\/aromasentia.com\/fr\/bruleur-dencens-a-contre-courant-piece-de-monnaie-chinoise-ancienne\/","title":{"rendered":"Br\u00fbleur d&rsquo;Encens \u00e0 Contre-Courant &#8211; Pi\u00e8ce de Monnaie Chinoise Ancienne"},"content":{"rendered":"<p>Transportez-vous dans les temps anciens avec notre <strong>Br\u00fbleur d&rsquo;Encens \u00e0 Contre-Courant &#8211; Pi\u00e8ce de Monnaie Chinoise Ancienne. <\/strong><\/p>\n<p>Les d\u00e9tails complexes de la pi\u00e8ce de monnaie, combin\u00e9s \u00e0 la cascade enchanteresse de fum\u00e9e parfum\u00e9e, font de ce br\u00fbleur un ajout unique et culturellement inspir\u00e9 \u00e0 votre espace.&nbsp;<\/p>\n<p>Faites l&rsquo;exp\u00e9rience d&rsquo;un m\u00e9lange de tradition et de d\u00e9tente en profitant de ce spectacle captivant. Une fois que vous avez allum\u00e9 votre c\u00f4ne d&rsquo;encens, celui-ci commence \u00e0 fumer, l&rsquo;encens est plus lourd que l&rsquo;air et il tombe en tourbillons et en torsades, \u00e0 travers le trou et par-dessus l&rsquo;objet, pour s&rsquo;accumuler au fond.&nbsp;<\/p>\n<p>C&rsquo;est un spectacle incroyable et tr\u00e8s relaxant.&nbsp;<\/p>\n<p><strong>Remarque : <\/strong>pour cr\u00e9er l&rsquo;effet de cascade de fum\u00e9e, vous devez utiliser des c\u00f4nes d&rsquo;encens \u00e0 contre-courant.<\/p>\n","protected":false},"excerpt":{"rendered":"<p>Transportez-vous dans les temps anciens avec notre Br\u00fbleur d&rsquo;Encens \u00e0 Contre-Courant &#8211; Pi\u00e8ce de Monnaie Chinoise Ancienne. Les d\u00e9tails complexes de la pi\u00e8ce de monnaie, combin\u00e9s \u00e0 la cascade enchanteresse de fum\u00e9e parfum\u00e9e, font de ce br\u00fbleur un ajout unique et culturellement inspir\u00e9 \u00e0 votre espace.&nbsp; Faites l&rsquo;exp\u00e9rience d&rsquo;un m\u00e9lange de tradition et de d\u00e9tente [&hellip;]<\/p>\n","protected":false},"featured_media":397168,"comment_status":"closed","ping_status":"open","template":"","meta":{"_angie_page":false},"product_brand":[],"product_cat":[15146,15147,15148],"product_tag":[],"class_list":{"0":"post-223828","1":"product","2":"type-product","3":"status-publish","4":"has-post-thumbnail","6":"product_cat-bruleur-d-encens-a-refoulement-backflow","7":"product_cat-encens-et-porte-encens","8":"product_cat-porte-encens-et-encensoirs","9":"pa_collection-backflow-incense-burners-fr","10":"pa_made-in-chine","12":"first","13":"instock","14":"purchasable","15":"product-type-simple"},"supplier_id":null,"supplier_sku":"BackF-73","barcode":null,"atum_controlled":true,"out_stock_date":null,"out_stock_threshold":null,"inheritable":false,"inbound_stock":null,"stock_on_hold":0,"sold_today":0,"sales_last_days":0,"reserved_stock":null,"customer_returns":null,"warehouse_damage":null,"lost_in_post":null,"other_logs":null,"out_stock_days":0,"lost_sales":0,"has_location":null,"update_date":"2026-05-02T01:01:34","atum_locations":[],"atum_stock_status":"instock","restock_status":false,"low_stock_amount":"","sales_update_date":"2026-02-06T00:02:24","calc_backorders":null,"_links":{"self":[{"href":"https:\/\/aromasentia.com\/fr\/wp-json\/wp\/v2\/product\/223828","targetHints":{"allow":["GET"]}}],"collection":[{"href":"https:\/\/aromasentia.com\/fr\/wp-json\/wp\/v2\/product"}],"about":[{"href":"https:\/\/aromasentia.com\/fr\/wp-json\/wp\/v2\/types\/product"}],"replies":[{"embeddable":true,"href":"https:\/\/aromasentia.com\/fr\/wp-json\/wp\/v2\/comments?post=223828"}],"version-history":[{"count":0,"href":"https:\/\/aromasentia.com\/fr\/wp-json\/wp\/v2\/product\/223828\/revisions"}],"wp:featuredmedia":[{"embeddable":true,"href":"https:\/\/aromasentia.com\/fr\/wp-json\/wp\/v2\/media\/397168"}],"wp:attachment":[{"href":"https:\/\/aromasentia.com\/fr\/wp-json\/wp\/v2\/media?parent=223828"}],"wp:term":[{"taxonomy":"product_brand","embeddable":true,"href":"https:\/\/aromasentia.com\/fr\/wp-json\/wp\/v2\/product_brand?post=223828"},{"taxonomy":"product_cat","embeddable":true,"href":"https:\/\/aromasentia.com\/fr\/wp-json\/wp\/v2\/product_cat?post=223828"},{"taxonomy":"product_tag","embeddable":true,"href":"https:\/\/aromasentia.com\/fr\/wp-json\/wp\/v2\/product_tag?post=223828"}],"curies":[{"name":"wp","href":"https:\/\/api.w.org\/{rel}","templated":true}]}}