{"id":223800,"date":"2025-03-23T10:29:38","date_gmt":"2025-03-23T10:29:38","guid":{"rendered":"https:\/\/aromasentia.com\/product\/backflow-incense-burner-dragon-in-pool-with-surprising-details\/"},"modified":"2025-12-30T19:07:20","modified_gmt":"2025-12-30T19:07:20","slug":"bruleur-dencens-a-contre-courant-dragon-dans-une-piscine-avec-des-details-surprenants","status":"publish","type":"product","link":"https:\/\/aromasentia.com\/fr\/bruleur-dencens-a-contre-courant-dragon-dans-une-piscine-avec-des-details-surprenants\/","title":{"rendered":"Br\u00fbleur d&rsquo;Encens \u00e0 Contre-Courant &#8211; Dragon dans une Piscine avec des D\u00e9tails Surprenants"},"content":{"rendered":"<p>Le <strong><span style=\"color: rgb(75, 80, 88);\">Br\u00fbleur d&rsquo;Encens \u00e0 Contre-Courant &#8211; Dragon<\/span><\/strong> est sp\u00e9cialement con&ccedil;u pour cr\u00e9er une fum\u00e9e qui tombe en cascade vers le bas, se d\u00e9versant de mani\u00e8re spectaculaire, avec un effet stup\u00e9fiant qui attirera l&rsquo;attention de vos clients.<\/p>\n<p>Une fois que vous avez allum\u00e9 votre c\u00f4ne d&rsquo;encens, il commence \u00e0 fumer, l&rsquo;encens est plus lourd que l&rsquo;air et il tombe de fa&ccedil;on spectaculaire en tourbillons et en torsades, \u00e0 travers le trou et par-dessus l&rsquo;objet, pour s&rsquo;accumuler au fond.&nbsp;<\/p>\n<p>C&rsquo;est un spectacle incroyable et tr\u00e8s relaxant. Entrez dans le royaume des l\u00e9gendes anciennes avec le br\u00fbleur d&rsquo;encens Dragon dans une Piscine avec des D\u00e9tails Surprenants<\/p>\n<p>Cette cr\u00e9ation mystique repr\u00e9sente un dragon enroul\u00e9 autour d&rsquo;un bassin tranquille. Lorsque le c\u00f4ne d&rsquo;encens br\u00fble, le <strong><span style=\"color: rgb(75, 80, 88);\">dragon semble cracher une fum\u00e9e parfum\u00e9e<\/span><\/strong>, ajoutant un air de mysticisme et de puissance \u00e0 votre espace.&nbsp;<\/p>\n<p><strong><span style=\"color: rgb(141, 186, 216);\">Remarque : pour cr\u00e9er l&rsquo;effet de cascade de fum\u00e9e, vous devez utiliser des c\u00f4nes d&rsquo;encens \u00e0 contre-courant.<\/span><\/strong><\/p>\n","protected":false},"excerpt":{"rendered":"<p>Le Br\u00fbleur d&rsquo;Encens \u00e0 Contre-Courant &#8211; Dragon est sp\u00e9cialement con&ccedil;u pour cr\u00e9er une fum\u00e9e qui tombe en cascade vers le bas, se d\u00e9versant de mani\u00e8re spectaculaire, avec un effet stup\u00e9fiant qui attirera l&rsquo;attention de vos clients. Une fois que vous avez allum\u00e9 votre c\u00f4ne d&rsquo;encens, il commence \u00e0 fumer, l&rsquo;encens est plus lourd que l&rsquo;air [&hellip;]<\/p>\n","protected":false},"featured_media":397049,"comment_status":"closed","ping_status":"open","template":"","meta":{"_angie_page":false},"product_brand":[],"product_cat":[15146,15147,15148],"product_tag":[],"class_list":{"0":"post-223800","1":"product","2":"type-product","3":"status-publish","4":"has-post-thumbnail","6":"product_cat-bruleur-d-encens-a-refoulement-backflow","7":"product_cat-encens-et-porte-encens","8":"product_cat-porte-encens-et-encensoirs","9":"pa_collection-backflow-incense-burners-fr","10":"pa_made-in-chine","12":"first","13":"instock","14":"purchasable","15":"product-type-simple"},"supplier_id":null,"supplier_sku":"BackF-65","barcode":null,"atum_controlled":true,"out_stock_date":null,"out_stock_threshold":null,"inheritable":false,"inbound_stock":null,"stock_on_hold":0,"sold_today":0,"sales_last_days":0,"reserved_stock":null,"customer_returns":null,"warehouse_damage":null,"lost_in_post":null,"other_logs":null,"out_stock_days":0,"lost_sales":0,"has_location":null,"update_date":"2026-04-27T06:53:02","atum_locations":[],"atum_stock_status":"instock","restock_status":false,"low_stock_amount":"","sales_update_date":"2025-10-09T03:24:58","calc_backorders":null,"_links":{"self":[{"href":"https:\/\/aromasentia.com\/fr\/wp-json\/wp\/v2\/product\/223800","targetHints":{"allow":["GET"]}}],"collection":[{"href":"https:\/\/aromasentia.com\/fr\/wp-json\/wp\/v2\/product"}],"about":[{"href":"https:\/\/aromasentia.com\/fr\/wp-json\/wp\/v2\/types\/product"}],"replies":[{"embeddable":true,"href":"https:\/\/aromasentia.com\/fr\/wp-json\/wp\/v2\/comments?post=223800"}],"version-history":[{"count":0,"href":"https:\/\/aromasentia.com\/fr\/wp-json\/wp\/v2\/product\/223800\/revisions"}],"wp:featuredmedia":[{"embeddable":true,"href":"https:\/\/aromasentia.com\/fr\/wp-json\/wp\/v2\/media\/397049"}],"wp:attachment":[{"href":"https:\/\/aromasentia.com\/fr\/wp-json\/wp\/v2\/media?parent=223800"}],"wp:term":[{"taxonomy":"product_brand","embeddable":true,"href":"https:\/\/aromasentia.com\/fr\/wp-json\/wp\/v2\/product_brand?post=223800"},{"taxonomy":"product_cat","embeddable":true,"href":"https:\/\/aromasentia.com\/fr\/wp-json\/wp\/v2\/product_cat?post=223800"},{"taxonomy":"product_tag","embeddable":true,"href":"https:\/\/aromasentia.com\/fr\/wp-json\/wp\/v2\/product_tag?post=223800"}],"curies":[{"name":"wp","href":"https:\/\/api.w.org\/{rel}","templated":true}]}}