{"id":223776,"date":"2025-03-23T10:29:38","date_gmt":"2025-03-23T10:29:38","guid":{"rendered":"https:\/\/aromasentia.com\/product\/backflow-incense-burner-dolphin-wave\/"},"modified":"2025-12-30T19:07:20","modified_gmt":"2025-12-30T19:07:20","slug":"bruleur-dencens-a-contre-courant-vague-de-dauphins","status":"publish","type":"product","link":"https:\/\/aromasentia.com\/fr\/bruleur-dencens-a-contre-courant-vague-de-dauphins\/","title":{"rendered":"Br\u00fbleur d&rsquo;Encens \u00e0 Contre-Courant &#8211; Vague de Dauphins"},"content":{"rendered":"<p>Le <strong><span style=\"color: rgb(75, 80, 88);\">Br\u00fbleur d&rsquo;Encens \u00e0 Contre-Courant &#8211; Vague de Dauphins<\/span><\/strong> est sp\u00e9cialement con&ccedil;u pour cr\u00e9er une fum\u00e9e qui tombe en cascade vers le bas, se d\u00e9versant de mani\u00e8re spectaculaire le long de la tour, avec un effet stup\u00e9fiant qui attirera l&rsquo;attention de vos clients.&nbsp;<\/p>\n<p>Une fois que vous avez allum\u00e9 votre c\u00f4ne d&rsquo;encens, il commence \u00e0 fumer, l&rsquo;encens est plus lourd que l&rsquo;air et il tombe de fa&ccedil;on spectaculaire en tourbillons et en torsades, \u00e0 travers le trou et par-dessus l&rsquo;objet, pour s&rsquo;accumuler au fond.&nbsp;<\/p>\n<p>C&rsquo;est un spectacle incroyable et tr\u00e8s relaxant. Plongez dans un monde de tranquillit\u00e9 avec le Br\u00fbleur d&rsquo;Encens \u00e0 Contre-Courant &#8211; Vague de Dauphins<\/p>\n<p>Fabriqu\u00e9 avec des d\u00e9tails exquis, ce br\u00fbleur repr\u00e9sente trois dauphins majestueux chevauchant une douce vague. Au fur et \u00e0 mesure que le c\u00f4ne d&rsquo;encens parfum\u00e9 br\u00fble, un effet de cascade hypnotique est cr\u00e9\u00e9, \u00e9voquant la s\u00e9r\u00e9nit\u00e9 apaisante de l&rsquo;oc\u00e9an. Parfait pour ceux qui recherchent une touche de magie maritime dans leur espace.&nbsp;<\/p>\n<p><strong><span style=\"color: rgb(141, 186, 216);\">Remarque : pour cr\u00e9er l&rsquo;effet de cascade de fum\u00e9e, vous devez utiliser des c\u00f4nes d&rsquo;encens \u00e0 contre-courant comme par exemple notre gamme : https:\/\/aromasentia.com\/spbbf&nbsp;<\/span><\/strong><\/p>\n","protected":false},"excerpt":{"rendered":"<p>Le Br\u00fbleur d&rsquo;Encens \u00e0 Contre-Courant &#8211; Vague de Dauphins est sp\u00e9cialement con&ccedil;u pour cr\u00e9er une fum\u00e9e qui tombe en cascade vers le bas, se d\u00e9versant de mani\u00e8re spectaculaire le long de la tour, avec un effet stup\u00e9fiant qui attirera l&rsquo;attention de vos clients.&nbsp; Une fois que vous avez allum\u00e9 votre c\u00f4ne d&rsquo;encens, il commence \u00e0 [&hellip;]<\/p>\n","protected":false},"featured_media":396971,"comment_status":"closed","ping_status":"open","template":"","meta":[],"product_brand":[],"product_cat":[15146,15147,15148],"product_tag":[],"class_list":{"0":"post-223776","1":"product","2":"type-product","3":"status-publish","4":"has-post-thumbnail","6":"product_cat-bruleur-d-encens-a-refoulement-backflow","7":"product_cat-encens-et-porte-encens","8":"product_cat-porte-encens-et-encensoirs","9":"pa_collection-backflow-incense-burners-fr","10":"pa_made-in-chine","12":"first","13":"instock","14":"purchasable","15":"product-type-simple"},"supplier_id":null,"supplier_sku":"BackF-59","barcode":null,"atum_controlled":true,"out_stock_date":null,"out_stock_threshold":null,"inheritable":false,"inbound_stock":null,"stock_on_hold":0,"sold_today":0,"sales_last_days":0,"reserved_stock":null,"customer_returns":null,"warehouse_damage":null,"lost_in_post":null,"other_logs":null,"out_stock_days":0,"lost_sales":0,"has_location":null,"update_date":"2026-01-30T01:24:21","atum_locations":[],"atum_stock_status":"instock","restock_status":false,"low_stock_amount":"","sales_update_date":"2026-01-30T01:24:21","calc_backorders":null,"_links":{"self":[{"href":"https:\/\/aromasentia.com\/fr\/wp-json\/wp\/v2\/product\/223776","targetHints":{"allow":["GET"]}}],"collection":[{"href":"https:\/\/aromasentia.com\/fr\/wp-json\/wp\/v2\/product"}],"about":[{"href":"https:\/\/aromasentia.com\/fr\/wp-json\/wp\/v2\/types\/product"}],"replies":[{"embeddable":true,"href":"https:\/\/aromasentia.com\/fr\/wp-json\/wp\/v2\/comments?post=223776"}],"version-history":[{"count":0,"href":"https:\/\/aromasentia.com\/fr\/wp-json\/wp\/v2\/product\/223776\/revisions"}],"wp:featuredmedia":[{"embeddable":true,"href":"https:\/\/aromasentia.com\/fr\/wp-json\/wp\/v2\/media\/396971"}],"wp:attachment":[{"href":"https:\/\/aromasentia.com\/fr\/wp-json\/wp\/v2\/media?parent=223776"}],"wp:term":[{"taxonomy":"product_brand","embeddable":true,"href":"https:\/\/aromasentia.com\/fr\/wp-json\/wp\/v2\/product_brand?post=223776"},{"taxonomy":"product_cat","embeddable":true,"href":"https:\/\/aromasentia.com\/fr\/wp-json\/wp\/v2\/product_cat?post=223776"},{"taxonomy":"product_tag","embeddable":true,"href":"https:\/\/aromasentia.com\/fr\/wp-json\/wp\/v2\/product_tag?post=223776"}],"curies":[{"name":"wp","href":"https:\/\/api.w.org\/{rel}","templated":true}]}}