{"id":223744,"date":"2025-03-23T10:29:38","date_gmt":"2025-03-23T10:29:38","guid":{"rendered":"https:\/\/aromasentia.com\/product\/backflow-incense-burner-large-dragon-pool\/"},"modified":"2025-12-30T19:07:12","modified_gmt":"2025-12-30T19:07:12","slug":"fontaine-a-encens-grand-dragon-bassin","status":"publish","type":"product","link":"https:\/\/aromasentia.com\/fr\/fontaine-a-encens-grand-dragon-bassin\/","title":{"rendered":"Fontaine \u00e0 Encens &#8211; Grand Dragon &#038; Bassin"},"content":{"rendered":"<p>Toujours utiliser sur un tapis r\u00e9sistant \u00e0 la chaleur<\/p>\n<p>Le reflux peut endommager les surfaces vernies<\/p>\n<p>Utiliser uniquement sur une surface plane et stable.<\/p>\n<p>Ne pas placer sur des surfaces peintes ou polies.<\/p>\n<p>\u00e0 n&rsquo;utiliser qu&rsquo;avec un seul encens Back flow \u00e0 la fois.<\/p>\n<p>Ne jamais laisser sans surveillance pendant l&rsquo;utilisation._x000D_<br \/>\nTenir hors de port\u00e9e des enfants.<\/p>\n<p><strong><span style=\"color: rgb(75, 80, 88);\">Taille du br\u00fbleur d&rsquo;encens \u00e0 contre-courant : Longueur 12 cm, Largeur 16 cm, Hauteur : 12 cm<\/span><\/strong><\/p>\n<p><\/p>\n","protected":false},"excerpt":{"rendered":"<p>Toujours utiliser sur un tapis r\u00e9sistant \u00e0 la chaleur Le reflux peut endommager les surfaces vernies Utiliser uniquement sur une surface plane et stable. Ne pas placer sur des surfaces peintes ou polies. \u00e0 n&rsquo;utiliser qu&rsquo;avec un seul encens Back flow \u00e0 la fois. Ne jamais laisser sans surveillance pendant l&rsquo;utilisation._x000D_ Tenir hors de port\u00e9e [&hellip;]<\/p>\n","protected":false},"featured_media":396811,"comment_status":"closed","ping_status":"open","template":"","meta":[],"product_brand":[],"product_cat":[15146,15147,15148],"product_tag":[],"class_list":{"0":"post-223744","1":"product","2":"type-product","3":"status-publish","4":"has-post-thumbnail","6":"product_cat-bruleur-d-encens-a-refoulement-backflow","7":"product_cat-encens-et-porte-encens","8":"product_cat-porte-encens-et-encensoirs","9":"pa_collection-backflow-incense-burners-fr","10":"pa_made-in-chine","12":"first","13":"instock","14":"purchasable","15":"product-type-simple"},"supplier_id":null,"supplier_sku":"BackF-12A","barcode":null,"atum_controlled":true,"out_stock_date":null,"out_stock_threshold":null,"inheritable":false,"inbound_stock":null,"stock_on_hold":0,"sold_today":0,"sales_last_days":0,"reserved_stock":null,"customer_returns":null,"warehouse_damage":null,"lost_in_post":null,"other_logs":null,"out_stock_days":0,"lost_sales":0,"has_location":null,"update_date":"2026-02-10T10:30:27","atum_locations":[],"atum_stock_status":"instock","restock_status":false,"low_stock_amount":"","sales_update_date":"2026-02-06T00:01:56","calc_backorders":null,"_links":{"self":[{"href":"https:\/\/aromasentia.com\/fr\/wp-json\/wp\/v2\/product\/223744","targetHints":{"allow":["GET"]}}],"collection":[{"href":"https:\/\/aromasentia.com\/fr\/wp-json\/wp\/v2\/product"}],"about":[{"href":"https:\/\/aromasentia.com\/fr\/wp-json\/wp\/v2\/types\/product"}],"replies":[{"embeddable":true,"href":"https:\/\/aromasentia.com\/fr\/wp-json\/wp\/v2\/comments?post=223744"}],"version-history":[{"count":0,"href":"https:\/\/aromasentia.com\/fr\/wp-json\/wp\/v2\/product\/223744\/revisions"}],"wp:featuredmedia":[{"embeddable":true,"href":"https:\/\/aromasentia.com\/fr\/wp-json\/wp\/v2\/media\/396811"}],"wp:attachment":[{"href":"https:\/\/aromasentia.com\/fr\/wp-json\/wp\/v2\/media?parent=223744"}],"wp:term":[{"taxonomy":"product_brand","embeddable":true,"href":"https:\/\/aromasentia.com\/fr\/wp-json\/wp\/v2\/product_brand?post=223744"},{"taxonomy":"product_cat","embeddable":true,"href":"https:\/\/aromasentia.com\/fr\/wp-json\/wp\/v2\/product_cat?post=223744"},{"taxonomy":"product_tag","embeddable":true,"href":"https:\/\/aromasentia.com\/fr\/wp-json\/wp\/v2\/product_tag?post=223744"}],"curies":[{"name":"wp","href":"https:\/\/api.w.org\/{rel}","templated":true}]}}