{"id":223724,"date":"2025-03-23T10:29:38","date_gmt":"2025-03-23T10:29:38","guid":{"rendered":"https:\/\/aromasentia.com\/product\/backflow-incense-burner-tea-pot\/"},"modified":"2025-12-30T19:07:12","modified_gmt":"2025-12-30T19:07:12","slug":"fontaine-a-encens-theiere","status":"publish","type":"product","link":"https:\/\/aromasentia.com\/fr\/fontaine-a-encens-theiere\/","title":{"rendered":"Fontaine \u00e0 Encens &#8211;  Th\u00e9i\u00e8re"},"content":{"rendered":"<p>Le <strong><span style=\"color: rgb(75, 80, 88);\">br\u00fbleur d&rsquo;encens Fontaine \u00e0 Encens &#8211; Th\u00e9i\u00e8re<\/span><\/strong> est sp\u00e9cialement con&ccedil;u pour cr\u00e9er une fum\u00e9e qui tombe en cascade vers le bas, se d\u00e9versant de mani\u00e8re spectaculaire le long de la tour, avec un effet stup\u00e9fiant qui attirera l&rsquo;attention de vos clients.&nbsp;<\/p>\n<p>Une fois que vous avez allum\u00e9 votre c\u00f4ne d&rsquo;encens, il commence \u00e0 fumer, l&rsquo;encens est plus lourd que l&rsquo;air et il tombe de fa&ccedil;on spectaculaire en tourbillons et en torsades, \u00e0 travers le trou et par-dessus l&rsquo;objet, pour s&rsquo;accumuler au fond.&nbsp;<\/p>\n<p>C&rsquo;est un spectacle incroyable et tr\u00e8s relaxant. Parfait pour les amateurs de th\u00e9, ce br\u00fbleur ressemble \u00e0 une th\u00e9i\u00e8re traditionnelle. La fum\u00e9e d&rsquo;encens s&rsquo;\u00e9coule par le bec de la th\u00e9i\u00e8re, \u00e9voquant l&rsquo;ambiance apaisante de la c\u00e9r\u00e9monie du th\u00e9.&nbsp;<\/p>\n<p><strong><span style=\"color: rgb(141, 186, 216);\">Remarque : pour cr\u00e9er l&rsquo;effet de cascade de fum\u00e9e, vous devez utiliser des c\u00f4nes d&rsquo;encens \u00e0 contre-courant.<\/span><\/strong><\/p>\n","protected":false},"excerpt":{"rendered":"<p>Le br\u00fbleur d&rsquo;encens Fontaine \u00e0 Encens &#8211; Th\u00e9i\u00e8re est sp\u00e9cialement con&ccedil;u pour cr\u00e9er une fum\u00e9e qui tombe en cascade vers le bas, se d\u00e9versant de mani\u00e8re spectaculaire le long de la tour, avec un effet stup\u00e9fiant qui attirera l&rsquo;attention de vos clients.&nbsp; Une fois que vous avez allum\u00e9 votre c\u00f4ne d&rsquo;encens, il commence \u00e0 fumer, [&hellip;]<\/p>\n","protected":false},"featured_media":396678,"comment_status":"closed","ping_status":"open","template":"","meta":{"_angie_page":false},"product_brand":[],"product_cat":[15146,15147,15148],"product_tag":[],"class_list":{"0":"post-223724","1":"product","2":"type-product","3":"status-publish","4":"has-post-thumbnail","6":"product_cat-bruleur-d-encens-a-refoulement-backflow","7":"product_cat-encens-et-porte-encens","8":"product_cat-porte-encens-et-encensoirs","9":"pa_collection-backflow-incense-burners-fr","10":"pa_made-in-chine","12":"first","13":"instock","14":"purchasable","15":"product-type-simple"},"supplier_id":null,"supplier_sku":"BackF-15","barcode":null,"atum_controlled":true,"out_stock_date":null,"out_stock_threshold":null,"inheritable":false,"inbound_stock":null,"stock_on_hold":0,"sold_today":0,"sales_last_days":0,"reserved_stock":null,"customer_returns":null,"warehouse_damage":null,"lost_in_post":null,"other_logs":null,"out_stock_days":0,"lost_sales":0,"has_location":null,"update_date":"2026-04-27T06:52:59","atum_locations":[],"atum_stock_status":"instock","restock_status":false,"low_stock_amount":"","sales_update_date":"2025-10-09T03:24:55","calc_backorders":null,"_links":{"self":[{"href":"https:\/\/aromasentia.com\/fr\/wp-json\/wp\/v2\/product\/223724","targetHints":{"allow":["GET"]}}],"collection":[{"href":"https:\/\/aromasentia.com\/fr\/wp-json\/wp\/v2\/product"}],"about":[{"href":"https:\/\/aromasentia.com\/fr\/wp-json\/wp\/v2\/types\/product"}],"replies":[{"embeddable":true,"href":"https:\/\/aromasentia.com\/fr\/wp-json\/wp\/v2\/comments?post=223724"}],"version-history":[{"count":0,"href":"https:\/\/aromasentia.com\/fr\/wp-json\/wp\/v2\/product\/223724\/revisions"}],"wp:featuredmedia":[{"embeddable":true,"href":"https:\/\/aromasentia.com\/fr\/wp-json\/wp\/v2\/media\/396678"}],"wp:attachment":[{"href":"https:\/\/aromasentia.com\/fr\/wp-json\/wp\/v2\/media?parent=223724"}],"wp:term":[{"taxonomy":"product_brand","embeddable":true,"href":"https:\/\/aromasentia.com\/fr\/wp-json\/wp\/v2\/product_brand?post=223724"},{"taxonomy":"product_cat","embeddable":true,"href":"https:\/\/aromasentia.com\/fr\/wp-json\/wp\/v2\/product_cat?post=223724"},{"taxonomy":"product_tag","embeddable":true,"href":"https:\/\/aromasentia.com\/fr\/wp-json\/wp\/v2\/product_tag?post=223724"}],"curies":[{"name":"wp","href":"https:\/\/api.w.org\/{rel}","templated":true}]}}