{"id":223712,"date":"2025-03-23T10:29:38","date_gmt":"2025-03-23T10:29:38","guid":{"rendered":"https:\/\/aromasentia.com\/product\/back-flow-incense-burner-round-to-square\/"},"modified":"2025-12-30T19:07:05","modified_gmt":"2025-12-30T19:07:05","slug":"fontaine-a-encens-ceramique-carre-a-rond","status":"publish","type":"product","link":"https:\/\/aromasentia.com\/fr\/fontaine-a-encens-ceramique-carre-a-rond\/","title":{"rendered":"Fontaine \u00e0 Encens C\u00e9ramique &#8211; Carr\u00e9 \u00e0 Rond"},"content":{"rendered":"<p>Le br\u00fbleur d&rsquo;encens \u00e0 contre-courant est sp\u00e9cialement con&ccedil;u pour cr\u00e9er de la fum\u00e9e qui tombe en cascade vers le bas, se d\u00e9versant de mani\u00e8re spectaculaire dans la tour avec un effet \u00e9tonnant qui attirera l&rsquo;attention de votre client.&nbsp;<\/p>\n<p>Une fois que vous avez allum\u00e9 votre c\u00f4ne d&rsquo;encens, il commencera \u00e0 fumer, l&rsquo;encens est plus lourd que l&rsquo;air et il tombera de fa&ccedil;on spectaculaire en tourbillons et en torsions, \u00e0 travers le trou et vers le bas sur l&rsquo;objet, pour s&rsquo;accumuler au fond.&nbsp;<\/p>\n<p>C&rsquo;est incroyable \u00e0 regarder et tr\u00e8s relaxant. Le br\u00fbleur d&rsquo;encens Ancient Wisdom Backflow convient \u00e0 la maison, au bureau, au salon de th\u00e9, \u00e0 la m\u00e9ditation, au studio de yoga&#8230;&nbsp;<\/p>\n<p><strong><span style=\"color: rgb(141, 186, 216);\">Commandez maintenant pour cr\u00e9er ce coin d&rsquo;encens exotiques dans votre boutique. <\/span><\/strong><\/p>\n<p>Origine CHN Chine Poids unitaire 0.188Kg Dimensions de l&rsquo;unit\u00e9 4&#215;7.0x4 (cm), 0.112L, 1.679Kg\/L Mat\u00e9riaux\/Ingr\u00e9dients C\u00e9ramique Code-barres 5055796594542<\/p>\n","protected":false},"excerpt":{"rendered":"<p>Le br\u00fbleur d&rsquo;encens \u00e0 contre-courant est sp\u00e9cialement con&ccedil;u pour cr\u00e9er de la fum\u00e9e qui tombe en cascade vers le bas, se d\u00e9versant de mani\u00e8re spectaculaire dans la tour avec un effet \u00e9tonnant qui attirera l&rsquo;attention de votre client.&nbsp; Une fois que vous avez allum\u00e9 votre c\u00f4ne d&rsquo;encens, il commencera \u00e0 fumer, l&rsquo;encens est plus lourd [&hellip;]<\/p>\n","protected":false},"featured_media":396627,"comment_status":"closed","ping_status":"open","template":"","meta":[],"product_brand":[],"product_cat":[15146,15147,15148],"product_tag":[],"class_list":{"0":"post-223712","1":"product","2":"type-product","3":"status-publish","4":"has-post-thumbnail","6":"product_cat-bruleur-d-encens-a-refoulement-backflow","7":"product_cat-encens-et-porte-encens","8":"product_cat-porte-encens-et-encensoirs","9":"pa_collection-backflow-incense-burners-fr","10":"pa_made-in-chine","12":"first","13":"instock","14":"purchasable","15":"product-type-simple"},"supplier_id":null,"supplier_sku":"BackF-07","barcode":null,"atum_controlled":true,"out_stock_date":null,"out_stock_threshold":null,"inheritable":false,"inbound_stock":null,"stock_on_hold":0,"sold_today":0,"sales_last_days":0,"reserved_stock":null,"customer_returns":null,"warehouse_damage":null,"lost_in_post":null,"other_logs":null,"out_stock_days":0,"lost_sales":0,"has_location":null,"update_date":"2026-02-10T16:26:05","atum_locations":[],"atum_stock_status":"instock","restock_status":false,"low_stock_amount":"","sales_update_date":"2025-10-09T03:24:54","calc_backorders":null,"_links":{"self":[{"href":"https:\/\/aromasentia.com\/fr\/wp-json\/wp\/v2\/product\/223712","targetHints":{"allow":["GET"]}}],"collection":[{"href":"https:\/\/aromasentia.com\/fr\/wp-json\/wp\/v2\/product"}],"about":[{"href":"https:\/\/aromasentia.com\/fr\/wp-json\/wp\/v2\/types\/product"}],"replies":[{"embeddable":true,"href":"https:\/\/aromasentia.com\/fr\/wp-json\/wp\/v2\/comments?post=223712"}],"version-history":[{"count":0,"href":"https:\/\/aromasentia.com\/fr\/wp-json\/wp\/v2\/product\/223712\/revisions"}],"wp:featuredmedia":[{"embeddable":true,"href":"https:\/\/aromasentia.com\/fr\/wp-json\/wp\/v2\/media\/396627"}],"wp:attachment":[{"href":"https:\/\/aromasentia.com\/fr\/wp-json\/wp\/v2\/media?parent=223712"}],"wp:term":[{"taxonomy":"product_brand","embeddable":true,"href":"https:\/\/aromasentia.com\/fr\/wp-json\/wp\/v2\/product_brand?post=223712"},{"taxonomy":"product_cat","embeddable":true,"href":"https:\/\/aromasentia.com\/fr\/wp-json\/wp\/v2\/product_cat?post=223712"},{"taxonomy":"product_tag","embeddable":true,"href":"https:\/\/aromasentia.com\/fr\/wp-json\/wp\/v2\/product_tag?post=223712"}],"curies":[{"name":"wp","href":"https:\/\/api.w.org\/{rel}","templated":true}]}}