{"id":223620,"date":"2025-03-23T10:29:45","date_gmt":"2025-03-23T10:29:45","guid":{"rendered":"https:\/\/aromasentia.com\/product\/chakra-charcoal-incense-jar-crown\/"},"modified":"2025-12-30T19:06:50","modified_gmt":"2025-12-30T19:06:50","slug":"bruleur-dencens-pour-charbon-de-bois-chakra-couronne","status":"publish","type":"product","link":"https:\/\/aromasentia.com\/fr\/bruleur-dencens-pour-charbon-de-bois-chakra-couronne\/","title":{"rendered":"Br\u00fbleur d&rsquo;Encens pour Charbon de Bois &#8211; Chakra &#8211; Couronne"},"content":{"rendered":"<p><strong><span style=\"color: rgb(75, 80, 88);\">Pot d&rsquo;encens pour charbon de bois dans une belle couleur violette<\/span><\/strong>. D\u00e9cor\u00e9 de motifs dor\u00e9s, fait main en Inde. Ce pot d&rsquo;encens peut \u00eatre utilis\u00e9 lors de rituels de purification ou d&rsquo;activation du chakra couronne.&nbsp;<\/p>\n<p>Les bocaux \u00e0 charbon peuvent \u00eatre utilis\u00e9s avec des pastilles de r\u00e9sine et de charbon de bois. Il suffit de les placer sur la grille amovible, ce qui permettra aux cendres de tomber dans le bac.&nbsp;<\/p>\n<p><strong><span style=\"color: rgb(75, 80, 88);\">ATTENTION :<\/span><\/strong> Les br\u00fbleurs d&rsquo;encens deviennent tr\u00e8s chauds, alors placez-les toujours sur une base r\u00e9sistante \u00e0 la chaleur et ne les touchez pas lorsqu&rsquo;ils sont utilis\u00e9s. Tenir \u00e0 l&rsquo;\u00e9cart des objets inflammables. Une fois le charbon de bois br\u00fbl\u00e9, laissez-le refroidir avant de le jeter.<\/p>\n","protected":false},"excerpt":{"rendered":"<p>Pot d&rsquo;encens pour charbon de bois dans une belle couleur violette. D\u00e9cor\u00e9 de motifs dor\u00e9s, fait main en Inde. Ce pot d&rsquo;encens peut \u00eatre utilis\u00e9 lors de rituels de purification ou d&rsquo;activation du chakra couronne.&nbsp; Les bocaux \u00e0 charbon peuvent \u00eatre utilis\u00e9s avec des pastilles de r\u00e9sine et de charbon de bois. Il suffit de [&hellip;]<\/p>\n","protected":false},"featured_media":398376,"comment_status":"closed","ping_status":"open","template":"","meta":[],"product_brand":[],"product_cat":[15147,15148],"product_tag":[],"class_list":{"0":"post-223620","1":"product","2":"type-product","3":"status-publish","4":"has-post-thumbnail","6":"product_cat-encens-et-porte-encens","7":"product_cat-porte-encens-et-encensoirs","8":"pa_collection-chakra-charcoal-incense-jar-fr","9":"pa_made-in-inde","11":"first","12":"instock","13":"purchasable","14":"product-type-simple"},"supplier_id":null,"supplier_sku":"BCI-01","barcode":null,"atum_controlled":true,"out_stock_date":null,"out_stock_threshold":null,"inheritable":false,"inbound_stock":null,"stock_on_hold":0,"sold_today":0,"sales_last_days":0,"reserved_stock":null,"customer_returns":null,"warehouse_damage":null,"lost_in_post":null,"other_logs":null,"out_stock_days":0,"lost_sales":0,"has_location":null,"update_date":"2026-02-06T00:02:38","atum_locations":[],"atum_stock_status":"instock","restock_status":false,"low_stock_amount":"","sales_update_date":"2026-02-06T00:02:38","calc_backorders":null,"_links":{"self":[{"href":"https:\/\/aromasentia.com\/fr\/wp-json\/wp\/v2\/product\/223620","targetHints":{"allow":["GET"]}}],"collection":[{"href":"https:\/\/aromasentia.com\/fr\/wp-json\/wp\/v2\/product"}],"about":[{"href":"https:\/\/aromasentia.com\/fr\/wp-json\/wp\/v2\/types\/product"}],"replies":[{"embeddable":true,"href":"https:\/\/aromasentia.com\/fr\/wp-json\/wp\/v2\/comments?post=223620"}],"version-history":[{"count":0,"href":"https:\/\/aromasentia.com\/fr\/wp-json\/wp\/v2\/product\/223620\/revisions"}],"wp:featuredmedia":[{"embeddable":true,"href":"https:\/\/aromasentia.com\/fr\/wp-json\/wp\/v2\/media\/398376"}],"wp:attachment":[{"href":"https:\/\/aromasentia.com\/fr\/wp-json\/wp\/v2\/media?parent=223620"}],"wp:term":[{"taxonomy":"product_brand","embeddable":true,"href":"https:\/\/aromasentia.com\/fr\/wp-json\/wp\/v2\/product_brand?post=223620"},{"taxonomy":"product_cat","embeddable":true,"href":"https:\/\/aromasentia.com\/fr\/wp-json\/wp\/v2\/product_cat?post=223620"},{"taxonomy":"product_tag","embeddable":true,"href":"https:\/\/aromasentia.com\/fr\/wp-json\/wp\/v2\/product_tag?post=223620"}],"curies":[{"name":"wp","href":"https:\/\/api.w.org\/{rel}","templated":true}]}}