{"id":223588,"date":"2025-03-23T10:29:45","date_gmt":"2025-03-23T10:29:45","guid":{"rendered":"https:\/\/aromasentia.com\/product\/banjara-tree-resin-3-kings\/"},"modified":"2025-12-30T19:06:50","modified_gmt":"2025-12-30T19:06:50","slug":"resine-darbre-de-banjara-3-rois","status":"publish","type":"product","link":"https:\/\/aromasentia.com\/fr\/resine-darbre-de-banjara-3-rois\/","title":{"rendered":"R\u00e9sine d&rsquo;Arbre de Banjara &#8211; 3 Rois"},"content":{"rendered":"<p>Pr\u00e9sentation du tout nouvel <strong><span style=\"color: rgb(75, 80, 88);\">Encens en r\u00e9sine d&rsquo;arbre de Banjara en gros<\/span><\/strong> &ndash; un voyage sensoriel qui transforme n&rsquo;importe quel espace en une oasis de parfums captivants et de s\u00e9r\u00e9nit\u00e9 spirituelle.&nbsp;<\/p>\n<p><strong><span style=\"color: rgb(75, 80, 88);\">Chaque bo\u00eete contient six paquets d&rsquo;encens en r\u00e9sine. <\/span><\/strong><\/p>\n<p><strong><span style=\"color: rgb(75, 80, 88);\">Offrez-vous le majestueux m\u00e9lange des 3 Rois<\/span><\/strong>. Ce parfum royal harmonise l&rsquo;encens, la myrrhe et l&rsquo;or, cr\u00e9ant une atmosph\u00e8re opulente et spirituellement \u00e9vocatrice.<\/p>\n","protected":false},"excerpt":{"rendered":"<p>Pr\u00e9sentation du tout nouvel Encens en r\u00e9sine d&rsquo;arbre de Banjara en gros &ndash; un voyage sensoriel qui transforme n&rsquo;importe quel espace en une oasis de parfums captivants et de s\u00e9r\u00e9nit\u00e9 spirituelle.&nbsp; Chaque bo\u00eete contient six paquets d&rsquo;encens en r\u00e9sine. Offrez-vous le majestueux m\u00e9lange des 3 Rois. Ce parfum royal harmonise l&rsquo;encens, la myrrhe et l&rsquo;or, [&hellip;]<\/p>\n","protected":false},"featured_media":398176,"comment_status":"closed","ping_status":"open","template":"","meta":{"_angie_page":false},"product_brand":[27105],"product_cat":[15147,15228],"product_tag":[],"class_list":{"0":"post-223588","1":"product","2":"type-product","3":"status-publish","4":"has-post-thumbnail","6":"product_brand-banjara","7":"product_cat-encens-et-porte-encens","8":"product_cat-resine-d-encens","9":"pa_collection-banjara-tree-resin-incense-fr","10":"pa_made-in-inde","12":"first","13":"instock","14":"purchasable","15":"product-type-simple"},"supplier_id":null,"supplier_sku":"BanjTR-03","barcode":null,"atum_controlled":true,"out_stock_date":null,"out_stock_threshold":null,"inheritable":false,"inbound_stock":null,"stock_on_hold":0,"sold_today":0,"sales_last_days":0,"reserved_stock":null,"customer_returns":null,"warehouse_damage":null,"lost_in_post":null,"other_logs":null,"out_stock_days":0,"lost_sales":0,"has_location":null,"update_date":"2026-04-27T06:53:47","atum_locations":[],"atum_stock_status":"instock","restock_status":false,"low_stock_amount":"","sales_update_date":"2026-01-30T01:24:53","calc_backorders":null,"_links":{"self":[{"href":"https:\/\/aromasentia.com\/fr\/wp-json\/wp\/v2\/product\/223588","targetHints":{"allow":["GET"]}}],"collection":[{"href":"https:\/\/aromasentia.com\/fr\/wp-json\/wp\/v2\/product"}],"about":[{"href":"https:\/\/aromasentia.com\/fr\/wp-json\/wp\/v2\/types\/product"}],"replies":[{"embeddable":true,"href":"https:\/\/aromasentia.com\/fr\/wp-json\/wp\/v2\/comments?post=223588"}],"version-history":[{"count":0,"href":"https:\/\/aromasentia.com\/fr\/wp-json\/wp\/v2\/product\/223588\/revisions"}],"wp:featuredmedia":[{"embeddable":true,"href":"https:\/\/aromasentia.com\/fr\/wp-json\/wp\/v2\/media\/398176"}],"wp:attachment":[{"href":"https:\/\/aromasentia.com\/fr\/wp-json\/wp\/v2\/media?parent=223588"}],"wp:term":[{"taxonomy":"product_brand","embeddable":true,"href":"https:\/\/aromasentia.com\/fr\/wp-json\/wp\/v2\/product_brand?post=223588"},{"taxonomy":"product_cat","embeddable":true,"href":"https:\/\/aromasentia.com\/fr\/wp-json\/wp\/v2\/product_cat?post=223588"},{"taxonomy":"product_tag","embeddable":true,"href":"https:\/\/aromasentia.com\/fr\/wp-json\/wp\/v2\/product_tag?post=223588"}],"curies":[{"name":"wp","href":"https:\/\/api.w.org\/{rel}","templated":true}]}}