{"id":223556,"date":"2025-03-23T10:29:45","date_gmt":"2025-03-23T10:29:45","guid":{"rendered":"https:\/\/aromasentia.com\/product\/banjara-tribal-smudge-incense-dragon-blood\/"},"modified":"2025-06-23T18:31:03","modified_gmt":"2025-06-23T18:31:03","slug":"encens-tribal-de-banjara-sang-du-dragon","status":"publish","type":"product","link":"https:\/\/aromasentia.com\/fr\/encens-tribal-de-banjara-sang-du-dragon\/","title":{"rendered":"Encens Tribal de Banjara &#8211; Sang du Dragon"},"content":{"rendered":"<p><strong><span style=\"color: rgb(75, 80, 88);\">Pr\u00e9sentation des b\u00e2tons d&rsquo;encens Tribal Smudge de Banjara&nbsp;<\/span><\/strong>&ndash; un voyage captivant et aromatique qui rend hommage aux traditions et rituels anciens.&nbsp;<\/p>\n<p>Chaque coffret est une porte d&rsquo;entr\u00e9e vers un monde de parfums naturels, offrant une exp\u00e9rience sensorielle profonde.&nbsp;<\/p>\n<p><span style=\"color: rgb(75, 80, 88);\"><strong>Nos b\u00e2tons d&rsquo;encens Tribal Smudge sont soigneusement emball\u00e9s dans u<\/strong><\/span><strong><span style=\"color: rgb(75, 80, 88);\">ne bo\u00eete contenant 12 bo\u00eetes individuelles, garantissant fra\u00eecheur et commodit\u00e9.&nbsp;<\/span><\/strong><\/p>\n<p>Chaque bo\u00eete est orn\u00e9e d\u2019\u0153uvres d\u2019art complexes d\u2019inspiration tribale. <strong><span style=\"color: rgb(75, 80, 88);\">Chaque paquet contient env. 10 b\u00e2tons d&rsquo;encens.<\/span><\/strong><\/p>\n<p><font color=\"#4b5058\">L&rsquo;encens sanguin n\u00e9o pa&iuml;en&nbsp;ou fragons est utilis\u00e9 pour augmenter l&rsquo;intensit\u00e9 des sorts de protection, d&rsquo;amour, de bannissement et de sexualit\u00e9.&nbsp;<\/font><\/p>\n<p><font color=\"#4b5058\">Dans le chamanisme New Age, il est utilis\u00e9 dans les c\u00e9r\u00e9monies de la m\u00eame mani\u00e8re que les n\u00e9o pa&iuml;ens. L&rsquo;encens au sang de dragon est aussi parfois appel\u00e9 &laquo; opium de roche rouge &raquo;.<\/font><\/p>\n<p><\/p>\n","protected":false},"excerpt":{"rendered":"<p>Pr\u00e9sentation des b\u00e2tons d&rsquo;encens Tribal Smudge de Banjara&nbsp;&ndash; un voyage captivant et aromatique qui rend hommage aux traditions et rituels anciens.&nbsp; Chaque coffret est une porte d&rsquo;entr\u00e9e vers un monde de parfums naturels, offrant une exp\u00e9rience sensorielle profonde.&nbsp; Nos b\u00e2tons d&rsquo;encens Tribal Smudge sont soigneusement emball\u00e9s dans une bo\u00eete contenant 12 bo\u00eetes individuelles, garantissant fra\u00eecheur [&hellip;]<\/p>\n","protected":false},"featured_media":397976,"comment_status":"closed","ping_status":"open","template":"","meta":{"_angie_page":false},"product_brand":[27105],"product_cat":[15193,15147,25817],"product_tag":[],"class_list":{"0":"post-223556","1":"product","2":"type-product","3":"status-publish","4":"has-post-thumbnail","6":"product_brand-banjara","7":"product_cat-batonnets-d-encens","8":"product_cat-encens-et-porte-encens","9":"product_cat-smudge-sticks","10":"pa_collection-banjara-tribal-smudge-incense-sticks-fr","11":"pa_made-in-inde","13":"first","14":"instock","15":"purchasable","16":"product-type-simple"},"supplier_id":null,"supplier_sku":"BanjSI-04","barcode":null,"atum_controlled":true,"out_stock_date":null,"out_stock_threshold":null,"inheritable":false,"inbound_stock":null,"stock_on_hold":0,"sold_today":0,"sales_last_days":0,"reserved_stock":null,"customer_returns":null,"warehouse_damage":null,"lost_in_post":null,"other_logs":null,"out_stock_days":0,"lost_sales":0,"has_location":null,"update_date":"2026-05-04T00:02:50","atum_locations":[],"atum_stock_status":"instock","restock_status":false,"low_stock_amount":"","sales_update_date":"2025-10-09T03:25:27","calc_backorders":null,"_links":{"self":[{"href":"https:\/\/aromasentia.com\/fr\/wp-json\/wp\/v2\/product\/223556","targetHints":{"allow":["GET"]}}],"collection":[{"href":"https:\/\/aromasentia.com\/fr\/wp-json\/wp\/v2\/product"}],"about":[{"href":"https:\/\/aromasentia.com\/fr\/wp-json\/wp\/v2\/types\/product"}],"replies":[{"embeddable":true,"href":"https:\/\/aromasentia.com\/fr\/wp-json\/wp\/v2\/comments?post=223556"}],"version-history":[{"count":0,"href":"https:\/\/aromasentia.com\/fr\/wp-json\/wp\/v2\/product\/223556\/revisions"}],"wp:featuredmedia":[{"embeddable":true,"href":"https:\/\/aromasentia.com\/fr\/wp-json\/wp\/v2\/media\/397976"}],"wp:attachment":[{"href":"https:\/\/aromasentia.com\/fr\/wp-json\/wp\/v2\/media?parent=223556"}],"wp:term":[{"taxonomy":"product_brand","embeddable":true,"href":"https:\/\/aromasentia.com\/fr\/wp-json\/wp\/v2\/product_brand?post=223556"},{"taxonomy":"product_cat","embeddable":true,"href":"https:\/\/aromasentia.com\/fr\/wp-json\/wp\/v2\/product_cat?post=223556"},{"taxonomy":"product_tag","embeddable":true,"href":"https:\/\/aromasentia.com\/fr\/wp-json\/wp\/v2\/product_tag?post=223556"}],"curies":[{"name":"wp","href":"https:\/\/api.w.org\/{rel}","templated":true}]}}