{"id":223532,"date":"2025-03-23T10:29:45","date_gmt":"2025-03-23T10:29:45","guid":{"rendered":"https:\/\/aromasentia.com\/product\/banjara-smudge-pyramid-cones-white-sage\/"},"modified":"2025-12-30T19:06:43","modified_gmt":"2025-12-30T19:06:43","slug":"cones-pyramidaux-banjara-smudge-sauge-blanche","status":"publish","type":"product","link":"https:\/\/aromasentia.com\/fr\/cones-pyramidaux-banjara-smudge-sauge-blanche\/","title":{"rendered":"C\u00f4nes Pyramidaux Banjara Smudge &#8211; Sauge Blanche"},"content":{"rendered":"<p><strong><span style=\"color: rgb(75, 80, 88);\">D\u00e9couvrez le pouvoir de la pyramide avec les tout nouveaux C\u00f4nes Pyramidaux Smudge de Banjara<\/span><\/strong>, un ajout r\u00e9volutionnaire \u00e0 notre gamme de produits de bien-\u00eatre holistique.&nbsp;<\/p>\n<p>Ces c\u00f4nes remarquables sont con&ccedil;us pour lib\u00e9rer le potentiel du pouvoir pyramidal, offrant une gamme d&rsquo;avantages qui peuvent am\u00e9liorer votre bien-\u00eatre et \u00e9lever votre environnement.&nbsp;<\/p>\n<p><strong><span style=\"color: rgb(75, 80, 88);\">Chaque lot de c\u00f4nes Smudge Pyramid est \u00e9l\u00e9gamment pr\u00e9sent\u00e9 dans une \u00e9l\u00e9gante bo\u00eete de pr\u00e9sentation. \u00e0 l&rsquo;int\u00e9rieur de la bo\u00eete de pr\u00e9sentation, vous trouverez 12 bo\u00eetes individuelles, chacune contenant 10 de ces c\u00f4nes de maculage uniques en forme de pyramide.<\/span><\/strong>&nbsp;<\/p>\n<p>La sauge blanche d\u00e9gage un parfum propre et herbac\u00e9 qui est utilis\u00e9 depuis des si\u00e8cles dans les traditions am\u00e9rindiennes pour les rituels de purification et de nettoyage.&nbsp;<\/p>\n<p>Il est id\u00e9al pour estomper et \u00e9liminer les \u00e9nergies n\u00e9gatives, vous permettant de rafra\u00eechir votre environnement et de favoriser la clart\u00e9 et la positivit\u00e9.<\/p>\n","protected":false},"excerpt":{"rendered":"<p>D\u00e9couvrez le pouvoir de la pyramide avec les tout nouveaux C\u00f4nes Pyramidaux Smudge de Banjara, un ajout r\u00e9volutionnaire \u00e0 notre gamme de produits de bien-\u00eatre holistique.&nbsp; Ces c\u00f4nes remarquables sont con&ccedil;us pour lib\u00e9rer le potentiel du pouvoir pyramidal, offrant une gamme d&rsquo;avantages qui peuvent am\u00e9liorer votre bien-\u00eatre et \u00e9lever votre environnement.&nbsp; Chaque lot de c\u00f4nes [&hellip;]<\/p>\n","protected":false},"featured_media":397810,"comment_status":"closed","ping_status":"open","template":"","meta":[],"product_brand":[27105],"product_cat":[15328,15147,26860,26485,25842,25817],"product_tag":[],"class_list":{"0":"post-223532","1":"product","2":"type-product","3":"status-publish","4":"has-post-thumbnail","6":"product_brand-banjara","7":"product_cat-cones-d-encens","8":"product_cat-encens-et-porte-encens","9":"product_cat-herbes-aromatiques","10":"product_cat-sauge-blanche","11":"product_cat-senteurs-aromes","12":"product_cat-smudge-sticks","13":"pa_collection-banjara-smudge-pyramid-cones-fr","14":"pa_made-in-inde","16":"first","17":"instock","18":"purchasable","19":"product-type-simple"},"supplier_id":null,"supplier_sku":"BanjSC-04","barcode":null,"atum_controlled":true,"out_stock_date":null,"out_stock_threshold":null,"inheritable":false,"inbound_stock":null,"stock_on_hold":0,"sold_today":0,"sales_last_days":0,"reserved_stock":null,"customer_returns":null,"warehouse_damage":null,"lost_in_post":null,"other_logs":null,"out_stock_days":0,"lost_sales":0,"has_location":null,"update_date":"2026-02-03T05:14:39","atum_locations":[],"atum_stock_status":"instock","restock_status":false,"low_stock_amount":"","sales_update_date":"2025-10-09T03:25:27","calc_backorders":null,"_links":{"self":[{"href":"https:\/\/aromasentia.com\/fr\/wp-json\/wp\/v2\/product\/223532","targetHints":{"allow":["GET"]}}],"collection":[{"href":"https:\/\/aromasentia.com\/fr\/wp-json\/wp\/v2\/product"}],"about":[{"href":"https:\/\/aromasentia.com\/fr\/wp-json\/wp\/v2\/types\/product"}],"replies":[{"embeddable":true,"href":"https:\/\/aromasentia.com\/fr\/wp-json\/wp\/v2\/comments?post=223532"}],"version-history":[{"count":0,"href":"https:\/\/aromasentia.com\/fr\/wp-json\/wp\/v2\/product\/223532\/revisions"}],"wp:featuredmedia":[{"embeddable":true,"href":"https:\/\/aromasentia.com\/fr\/wp-json\/wp\/v2\/media\/397810"}],"wp:attachment":[{"href":"https:\/\/aromasentia.com\/fr\/wp-json\/wp\/v2\/media?parent=223532"}],"wp:term":[{"taxonomy":"product_brand","embeddable":true,"href":"https:\/\/aromasentia.com\/fr\/wp-json\/wp\/v2\/product_brand?post=223532"},{"taxonomy":"product_cat","embeddable":true,"href":"https:\/\/aromasentia.com\/fr\/wp-json\/wp\/v2\/product_cat?post=223532"},{"taxonomy":"product_tag","embeddable":true,"href":"https:\/\/aromasentia.com\/fr\/wp-json\/wp\/v2\/product_tag?post=223532"}],"curies":[{"name":"wp","href":"https:\/\/api.w.org\/{rel}","templated":true}]}}