{"id":223508,"date":"2025-03-23T10:29:45","date_gmt":"2025-03-23T10:29:45","guid":{"rendered":"https:\/\/aromasentia.com\/product\/banjara-smudge-beads-patchouli\/"},"modified":"2025-06-23T18:30:53","modified_gmt":"2025-06-23T18:30:53","slug":"perles-de-maculage-banjara-cinq-patchouli","status":"publish","type":"product","link":"https:\/\/aromasentia.com\/fr\/perles-de-maculage-banjara-cinq-patchouli\/","title":{"rendered":"Perles de Maculage Banjara (cinq) &#8211; Patchouli"},"content":{"rendered":"<p><strong>Perles de Purification Banjara &#8211; Patchouli :&nbsp;<\/strong>Fabriqu\u00e9es en Inde, les perles de purification Banjara en patchouli sont compos\u00e9es d\u2019herbes aromatiques compress\u00e9es, de r\u00e9sines et d\u2019huiles essentielles.&nbsp;<\/p>\n<p>Ces perles \u00e9co-responsables offrent une m\u00e9thode naturelle pour nettoyer et purifier les espaces, favorisant l\u2019abondance, l\u2019unit\u00e9 et la sensualit\u00e9.&nbsp;<\/p>\n<p>Id\u00e9ales pour les rituels spirituels, la m\u00e9ditation ou pour cr\u00e9er une atmosph\u00e8re paisible et parfum\u00e9e.&nbsp;<\/p>\n<p>Chaque<strong>&nbsp;pack comprend 12 bo\u00eetes<\/strong> \u00e9l\u00e9gamment con&ccedil;ues, chacune contenant 5 perles de purification et un petit support pour les perles.&nbsp;<\/p>\n<p><strong>Int\u00e9grez ces perles de purification haut de gamme dans votre boutique et r\u00e9pondez \u00e0 la demande croissante pour des produits spirituels naturels qui enrichissent l&rsquo;exp\u00e9rience de vos clients.<\/strong><\/p>\n","protected":false},"excerpt":{"rendered":"<p>Perles de Purification Banjara &#8211; Patchouli :&nbsp;Fabriqu\u00e9es en Inde, les perles de purification Banjara en patchouli sont compos\u00e9es d\u2019herbes aromatiques compress\u00e9es, de r\u00e9sines et d\u2019huiles essentielles.&nbsp; Ces perles \u00e9co-responsables offrent une m\u00e9thode naturelle pour nettoyer et purifier les espaces, favorisant l\u2019abondance, l\u2019unit\u00e9 et la sensualit\u00e9.&nbsp; Id\u00e9ales pour les rituels spirituels, la m\u00e9ditation ou pour cr\u00e9er [&hellip;]<\/p>\n","protected":false},"featured_media":397676,"comment_status":"closed","ping_status":"open","template":"","meta":{"_angie_page":false},"product_brand":[27105],"product_cat":[15147,26333,25842,25817,26825],"product_tag":[],"class_list":{"0":"post-223508","1":"product","2":"type-product","3":"status-publish","4":"has-post-thumbnail","6":"product_brand-banjara","7":"product_cat-encens-et-porte-encens","8":"product_cat-patchouli","9":"product_cat-senteurs-aromes","10":"product_cat-smudge-sticks","11":"product_cat-terreux-vert","12":"pa_collection-banjara-smudge-beads-fr","13":"pa_made-in-inde","15":"first","16":"instock","17":"purchasable","18":"product-type-simple"},"supplier_id":null,"supplier_sku":"BanjSB-04","barcode":null,"atum_controlled":true,"out_stock_date":null,"out_stock_threshold":null,"inheritable":false,"inbound_stock":null,"stock_on_hold":0,"sold_today":0,"sales_last_days":0,"reserved_stock":null,"customer_returns":null,"warehouse_damage":null,"lost_in_post":null,"other_logs":null,"out_stock_days":0,"lost_sales":0,"has_location":null,"update_date":"2026-04-27T06:53:44","atum_locations":[],"atum_stock_status":"instock","restock_status":false,"low_stock_amount":"","sales_update_date":"2025-10-09T03:25:26","calc_backorders":null,"_links":{"self":[{"href":"https:\/\/aromasentia.com\/fr\/wp-json\/wp\/v2\/product\/223508","targetHints":{"allow":["GET"]}}],"collection":[{"href":"https:\/\/aromasentia.com\/fr\/wp-json\/wp\/v2\/product"}],"about":[{"href":"https:\/\/aromasentia.com\/fr\/wp-json\/wp\/v2\/types\/product"}],"replies":[{"embeddable":true,"href":"https:\/\/aromasentia.com\/fr\/wp-json\/wp\/v2\/comments?post=223508"}],"version-history":[{"count":0,"href":"https:\/\/aromasentia.com\/fr\/wp-json\/wp\/v2\/product\/223508\/revisions"}],"wp:featuredmedia":[{"embeddable":true,"href":"https:\/\/aromasentia.com\/fr\/wp-json\/wp\/v2\/media\/397676"}],"wp:attachment":[{"href":"https:\/\/aromasentia.com\/fr\/wp-json\/wp\/v2\/media?parent=223508"}],"wp:term":[{"taxonomy":"product_brand","embeddable":true,"href":"https:\/\/aromasentia.com\/fr\/wp-json\/wp\/v2\/product_brand?post=223508"},{"taxonomy":"product_cat","embeddable":true,"href":"https:\/\/aromasentia.com\/fr\/wp-json\/wp\/v2\/product_cat?post=223508"},{"taxonomy":"product_tag","embeddable":true,"href":"https:\/\/aromasentia.com\/fr\/wp-json\/wp\/v2\/product_tag?post=223508"}],"curies":[{"name":"wp","href":"https:\/\/api.w.org\/{rel}","templated":true}]}}