{"id":223488,"date":"2025-03-23T10:29:45","date_gmt":"2025-03-23T10:29:45","guid":{"rendered":"https:\/\/aromasentia.com\/product\/gypsy-nomadic-incense-moon\/"},"modified":"2025-06-23T18:30:51","modified_gmt":"2025-06-23T18:30:51","slug":"encens-gypsy-nomade-lune","status":"publish","type":"product","link":"https:\/\/aromasentia.com\/fr\/encens-gypsy-nomade-lune\/","title":{"rendered":"Encens Gypsy Nomade &#8211; LUNE"},"content":{"rendered":"<p><strong>Encens Gypsy Nomade &#8211; Lune :<\/strong> Emmenez vos clients dans un voyage au c\u0153ur des traditions nomades avec l\u2019encens Gypsy Nomade &#8211; Lune.&nbsp;<\/p>\n<p>Fabriqu\u00e9s \u00e0 la main en Inde, ces <strong>b\u00e2tons d\u2019encens sont \u00e9labor\u00e9s \u00e0 partir d\u2019herbes, de r\u00e9sines, de poudre de joss et de b\u00e2tons de bambou provenant de sources \u00e9thiques, ainsi que d\u2019\u00e9corce rouge 100 % naturelle de l\u2019arbre Litsea glutinosa. <\/strong><\/p>\n<p>Enrichis d\u2019huiles essentielles, chaque b\u00e2ton diffuse un parfum riche et authentique qui purifie l\u2019espace et apaise l\u2019esprit.&nbsp;<\/p>\n<p>Ces b\u00e2tons d\u2019encens \u00e9co-responsables sont disponibles en packs de 6 bo\u00eetes, chaque bo\u00eete contenant 6 b\u00e2tons.&nbsp;<\/p>\n<p><strong>Caract\u00e9ristiques :<\/strong><\/p>\n<p>&#8211; Fabriqu\u00e9 \u00e0 la main, 100 % naturel, \u00e9co-responsable et sans cruaut\u00e9.&nbsp;<\/p>\n<p>&#8211; Id\u00e9al pour les revendeurs souhaitant proposer des produits durables et \u00e9thiques.&nbsp;<\/p>\n<p><strong>Int\u00e9grez l\u2019encens Gypsy Nomade &#8211; Lune \u00e0 votre s\u00e9lection et offrez \u00e0 vos clients une exp\u00e9rience sensorielle unique qui c\u00e9l\u00e8bre la magie des traditions nomades.<\/strong><\/p>\n","protected":false},"excerpt":{"rendered":"<p>Encens Gypsy Nomade &#8211; Lune : Emmenez vos clients dans un voyage au c\u0153ur des traditions nomades avec l\u2019encens Gypsy Nomade &#8211; Lune.&nbsp; Fabriqu\u00e9s \u00e0 la main en Inde, ces b\u00e2tons d\u2019encens sont \u00e9labor\u00e9s \u00e0 partir d\u2019herbes, de r\u00e9sines, de poudre de joss et de b\u00e2tons de bambou provenant de sources \u00e9thiques, ainsi que d\u2019\u00e9corce [&hellip;]<\/p>\n","protected":false},"featured_media":397527,"comment_status":"closed","ping_status":"open","template":"","meta":{"_angie_page":false},"product_brand":[27105],"product_cat":[15193,15147],"product_tag":[],"class_list":{"0":"post-223488","1":"product","2":"type-product","3":"status-publish","4":"has-post-thumbnail","6":"product_brand-banjara","7":"product_cat-batonnets-d-encens","8":"product_cat-encens-et-porte-encens","9":"pa_collection-gypsy-nomadic-incense-fr","10":"pa_made-in-inde","12":"first","13":"instock","14":"purchasable","15":"product-type-simple"},"supplier_id":null,"supplier_sku":"BanjN-02","barcode":null,"atum_controlled":true,"out_stock_date":null,"out_stock_threshold":null,"inheritable":false,"inbound_stock":null,"stock_on_hold":0,"sold_today":0,"sales_last_days":0,"reserved_stock":null,"customer_returns":null,"warehouse_damage":null,"lost_in_post":null,"other_logs":null,"out_stock_days":15,"lost_sales":0,"has_location":null,"update_date":"2026-04-27T06:53:44","atum_locations":[],"atum_stock_status":"instock","restock_status":false,"low_stock_amount":"","sales_update_date":"2026-02-06T00:01:32","calc_backorders":null,"_links":{"self":[{"href":"https:\/\/aromasentia.com\/fr\/wp-json\/wp\/v2\/product\/223488","targetHints":{"allow":["GET"]}}],"collection":[{"href":"https:\/\/aromasentia.com\/fr\/wp-json\/wp\/v2\/product"}],"about":[{"href":"https:\/\/aromasentia.com\/fr\/wp-json\/wp\/v2\/types\/product"}],"replies":[{"embeddable":true,"href":"https:\/\/aromasentia.com\/fr\/wp-json\/wp\/v2\/comments?post=223488"}],"version-history":[{"count":0,"href":"https:\/\/aromasentia.com\/fr\/wp-json\/wp\/v2\/product\/223488\/revisions"}],"wp:featuredmedia":[{"embeddable":true,"href":"https:\/\/aromasentia.com\/fr\/wp-json\/wp\/v2\/media\/397527"}],"wp:attachment":[{"href":"https:\/\/aromasentia.com\/fr\/wp-json\/wp\/v2\/media?parent=223488"}],"wp:term":[{"taxonomy":"product_brand","embeddable":true,"href":"https:\/\/aromasentia.com\/fr\/wp-json\/wp\/v2\/product_brand?post=223488"},{"taxonomy":"product_cat","embeddable":true,"href":"https:\/\/aromasentia.com\/fr\/wp-json\/wp\/v2\/product_cat?post=223488"},{"taxonomy":"product_tag","embeddable":true,"href":"https:\/\/aromasentia.com\/fr\/wp-json\/wp\/v2\/product_tag?post=223488"}],"curies":[{"name":"wp","href":"https:\/\/api.w.org\/{rel}","templated":true}]}}