{"id":223452,"date":"2025-03-23T10:29:45","date_gmt":"2025-03-23T10:29:45","guid":{"rendered":"https:\/\/aromasentia.com\/product\/banjara-buddha-blessing\/"},"modified":"2025-12-30T19:06:35","modified_gmt":"2025-12-30T19:06:35","slug":"bouddha-banjara-benediction","status":"publish","type":"product","link":"https:\/\/aromasentia.com\/fr\/bouddha-banjara-benediction\/","title":{"rendered":"Bouddha Banjara &#8211; B\u00e9n\u00e9diction"},"content":{"rendered":"<p><strong>Encens B\u00e9n\u00e9diction :&nbsp;<\/strong>\u00e9nergisant avec ses notes d&rsquo;agrumes et florales, cet encens invite \u00e0 la positivit\u00e9 et est id\u00e9al pour les rituels, les c\u00e9l\u00e9brations et le d\u00e9veloppement de la gratitude.&nbsp;<\/p>\n<p>Chaque b\u00e2ton d\u2019encens est roul\u00e9 \u00e0 la main selon des m\u00e9thodes traditionnelles, assurant une combustion lente et homog\u00e8ne qui diffuse pleinement son parfum.&nbsp;<\/p>\n<p>Avec des bienfaits uniques, la collection d&rsquo;Encens Bouddha Banjara offre aux revendeurs l&rsquo;opportunit\u00e9 de proposer des produits spirituels enrichissants, permettant \u00e0 leurs clients d&rsquo;approfondir leurs pratiques et d&rsquo;am\u00e9liorer leur quotidien.&nbsp;<\/p>\n<p><strong>Ajoutez cette gamme d\u2019encens \u00e0 votre offre et offrez \u00e0 vos clients un moyen d&rsquo;\u00e9lever leur esprit et de c\u00e9l\u00e9brer la vie avec gratitude.<\/strong><\/p>\n","protected":false},"excerpt":{"rendered":"<p>Encens B\u00e9n\u00e9diction :&nbsp;\u00e9nergisant avec ses notes d&rsquo;agrumes et florales, cet encens invite \u00e0 la positivit\u00e9 et est id\u00e9al pour les rituels, les c\u00e9l\u00e9brations et le d\u00e9veloppement de la gratitude.&nbsp; Chaque b\u00e2ton d\u2019encens est roul\u00e9 \u00e0 la main selon des m\u00e9thodes traditionnelles, assurant une combustion lente et homog\u00e8ne qui diffuse pleinement son parfum.&nbsp; Avec des bienfaits [&hellip;]<\/p>\n","protected":false},"featured_media":397342,"comment_status":"closed","ping_status":"open","template":"","meta":{"_angie_page":false},"product_brand":[27105],"product_cat":[15193,15147],"product_tag":[],"class_list":{"0":"post-223452","1":"product","2":"type-product","3":"status-publish","4":"has-post-thumbnail","6":"product_brand-banjara","7":"product_cat-batonnets-d-encens","8":"product_cat-encens-et-porte-encens","9":"pa_collection-banjara-buddha-incense-fr","10":"pa_made-in-inde","12":"first","13":"instock","14":"purchasable","15":"product-type-simple"},"supplier_id":null,"supplier_sku":"BanBud-05","barcode":null,"atum_controlled":true,"out_stock_date":null,"out_stock_threshold":null,"inheritable":false,"inbound_stock":null,"stock_on_hold":0,"sold_today":0,"sales_last_days":0,"reserved_stock":null,"customer_returns":null,"warehouse_damage":null,"lost_in_post":null,"other_logs":null,"out_stock_days":0,"lost_sales":0,"has_location":null,"update_date":"2026-04-27T06:53:37","atum_locations":[],"atum_stock_status":"instock","restock_status":false,"low_stock_amount":"","sales_update_date":"2025-10-09T03:25:18","calc_backorders":null,"_links":{"self":[{"href":"https:\/\/aromasentia.com\/fr\/wp-json\/wp\/v2\/product\/223452","targetHints":{"allow":["GET"]}}],"collection":[{"href":"https:\/\/aromasentia.com\/fr\/wp-json\/wp\/v2\/product"}],"about":[{"href":"https:\/\/aromasentia.com\/fr\/wp-json\/wp\/v2\/types\/product"}],"replies":[{"embeddable":true,"href":"https:\/\/aromasentia.com\/fr\/wp-json\/wp\/v2\/comments?post=223452"}],"version-history":[{"count":0,"href":"https:\/\/aromasentia.com\/fr\/wp-json\/wp\/v2\/product\/223452\/revisions"}],"wp:featuredmedia":[{"embeddable":true,"href":"https:\/\/aromasentia.com\/fr\/wp-json\/wp\/v2\/media\/397342"}],"wp:attachment":[{"href":"https:\/\/aromasentia.com\/fr\/wp-json\/wp\/v2\/media?parent=223452"}],"wp:term":[{"taxonomy":"product_brand","embeddable":true,"href":"https:\/\/aromasentia.com\/fr\/wp-json\/wp\/v2\/product_brand?post=223452"},{"taxonomy":"product_cat","embeddable":true,"href":"https:\/\/aromasentia.com\/fr\/wp-json\/wp\/v2\/product_cat?post=223452"},{"taxonomy":"product_tag","embeddable":true,"href":"https:\/\/aromasentia.com\/fr\/wp-json\/wp\/v2\/product_tag?post=223452"}],"curies":[{"name":"wp","href":"https:\/\/api.w.org\/{rel}","templated":true}]}}